{"id":9281,"date":"2017-04-26T12:31:51","date_gmt":"2017-04-26T10:31:51","guid":{"rendered":"https:\/\/3ciencias.com\/consejos-administracion-consejeros-dominicales-la-revelacion-la-informacion-rsc\/"},"modified":"2017-04-26T12:31:51","modified_gmt":"2017-04-26T10:31:51","slug":"consejos-administracion-consejeros-dominicales-la-revelacion-la-informacion-rsc","status":"publish","type":"page","link":"https:\/\/3ciencias.com\/en\/i-congreso-internacional-online-economia-empresa-sociedad\/intervenciones-profesionales\/consejos-administracion-consejeros-dominicales-la-revelacion-la-informacion-rsc\/","title":{"rendered":"Consejos de Administraci\u00f3n, consejeros dominicales y la revelaci\u00f3n de la informaci\u00f3n sobre RSC"},"content":{"rendered":"<p><iframe loading=\"lazy\" width=\"584\" height=\"438\" src=\"https:\/\/www.youtube.com\/embed\/Ga-n2SapQ9k?feature=oembed\" frameborder=\"0\" allowfullscreen><\/iframe><\/p>\n<p>Ponencia presentada por Mar\u00eda Consuelo Pucheta-Mart\u00ednez y Blanca L\u00f3pez-Zamora al I Congreso Internacional Online sobre Econom\u00eda, Empresa y Sociedad, organizado por la Editorial Cient\u00edfica 3Ciencias, bajo el t\u00edtulo &#8220;CONSEJOS DE ADMINISTRACI\u00d3N, CONSEJEROS DOMINICALES Y LA REVELACI\u00d3N DE INFORMACI\u00d3N SOBRE RESPONSABILIDAD SOCIAL CORPORATIVA&#8221;.<\/p>\n","protected":false},"excerpt":{"rendered":"<p>Ponencia presentada por Mar\u00eda Consuelo Pucheta-Mart\u00ednez y Blanca L\u00f3pez-Zamora al I Congreso Internacional Online sobre Econom\u00eda, Empresa y Sociedad, organizado por la Editorial Cient\u00edfica 3Ciencias, bajo el t\u00edtulo &#8220;CONSEJOS DE ADMINISTRACI\u00d3N, CONSEJEROS DOMINICALES Y LA REVELACI\u00d3N DE INFORMACI\u00d3N SOBRE RESPONSABILIDAD &hellip; <a href=\"https:\/\/3ciencias.com\/en\/i-congreso-internacional-online-economia-empresa-sociedad\/intervenciones-profesionales\/consejos-administracion-consejeros-dominicales-la-revelacion-la-informacion-rsc\/\">leer m\u00e1s <span class=\"meta-nav\">&rarr;<\/span><\/a><\/p>\n","protected":false},"author":2,"featured_media":0,"parent":9375,"menu_order":0,"comment_status":"open","ping_status":"closed","template":"tp-congreso.php","meta":{"_bbp_topic_count":0,"_bbp_reply_count":0,"_bbp_total_topic_count":0,"_bbp_total_reply_count":0,"_bbp_voice_count":0,"_bbp_anonymous_reply_count":0,"_bbp_topic_count_hidden":0,"_bbp_reply_count_hidden":0,"_bbp_forum_subforum_count":0,"_mi_skip_tracking":false,"_monsterinsights_sitenote_active":false,"_monsterinsights_sitenote_note":"","_monsterinsights_sitenote_category":0,"footnotes":""},"acf":[],"_links":{"self":[{"href":"https:\/\/3ciencias.com\/en\/wp-json\/wp\/v2\/pages\/9281"}],"collection":[{"href":"https:\/\/3ciencias.com\/en\/wp-json\/wp\/v2\/pages"}],"about":[{"href":"https:\/\/3ciencias.com\/en\/wp-json\/wp\/v2\/types\/page"}],"author":[{"embeddable":true,"href":"https:\/\/3ciencias.com\/en\/wp-json\/wp\/v2\/users\/2"}],"replies":[{"embeddable":true,"href":"https:\/\/3ciencias.com\/en\/wp-json\/wp\/v2\/comments?post=9281"}],"version-history":[{"count":0,"href":"https:\/\/3ciencias.com\/en\/wp-json\/wp\/v2\/pages\/9281\/revisions"}],"up":[{"embeddable":true,"href":"https:\/\/3ciencias.com\/en\/wp-json\/wp\/v2\/pages\/9375"}],"wp:attachment":[{"href":"https:\/\/3ciencias.com\/en\/wp-json\/wp\/v2\/media?parent=9281"}],"curies":[{"name":"wp","href":"https:\/\/api.w.org\/{rel}","templated":true}]}}