{"id":9280,"date":"2017-04-26T12:40:43","date_gmt":"2017-04-26T10:40:43","guid":{"rendered":"https:\/\/3ciencias.com\/plazo-prescripcion-solicitar-la-devolucion-lo-debidamente-pagado\/"},"modified":"2017-04-26T12:40:43","modified_gmt":"2017-04-26T10:40:43","slug":"plazo-prescripcion-solicitar-la-devolucion-lo-debidamente-pagado","status":"publish","type":"page","link":"https:\/\/3ciencias.com\/en\/i-congreso-internacional-online-economia-empresa-sociedad\/intervenciones-profesionales\/plazo-prescripcion-solicitar-la-devolucion-lo-debidamente-pagado\/","title":{"rendered":"Plazo de prescripci\u00f3n para solicitar la devoluci\u00f3n de lo debidamente pagado"},"content":{"rendered":"<p><iframe loading=\"lazy\" width=\"584\" height=\"329\" src=\"https:\/\/www.youtube.com\/embed\/1zKXSyRK-Po?feature=oembed\" frameborder=\"0\" allowfullscreen><\/iframe><\/p>\n<p>Ponencia presentada por Henry P. Tello Yand\u00fan, \u00c1ngel A. Morocho Macas y Sonia M. Bonilla Carchi al I Congreso Internacional Online sobre Econom\u00eda, Empresa y Sociedad por la comunicaci\u00f3n titulada &#8220;Plazo de prescripci\u00f3n de la acci\u00f3n para solicitar la devoluci\u00f3n de lo debidamente pagado en Ecuador&#8221;.<\/p>\n<p>&nbsp;<\/p>\n","protected":false},"excerpt":{"rendered":"<p>Ponencia presentada por Henry P. Tello Yand\u00fan, \u00c1ngel A. Morocho Macas y Sonia M. Bonilla Carchi al I Congreso Internacional Online sobre Econom\u00eda, Empresa y Sociedad por la comunicaci\u00f3n titulada &#8220;Plazo de prescripci\u00f3n de la acci\u00f3n para solicitar la devoluci\u00f3n &hellip; <a href=\"https:\/\/3ciencias.com\/en\/i-congreso-internacional-online-economia-empresa-sociedad\/intervenciones-profesionales\/plazo-prescripcion-solicitar-la-devolucion-lo-debidamente-pagado\/\">leer m\u00e1s <span class=\"meta-nav\">&rarr;<\/span><\/a><\/p>\n","protected":false},"author":2,"featured_media":0,"parent":9375,"menu_order":0,"comment_status":"open","ping_status":"closed","template":"tp-congreso.php","meta":{"_bbp_topic_count":0,"_bbp_reply_count":0,"_bbp_total_topic_count":0,"_bbp_total_reply_count":0,"_bbp_voice_count":0,"_bbp_anonymous_reply_count":0,"_bbp_topic_count_hidden":0,"_bbp_reply_count_hidden":0,"_bbp_forum_subforum_count":0,"_mi_skip_tracking":false,"_monsterinsights_sitenote_active":false,"_monsterinsights_sitenote_note":"","_monsterinsights_sitenote_category":0,"footnotes":""},"acf":[],"_links":{"self":[{"href":"https:\/\/3ciencias.com\/en\/wp-json\/wp\/v2\/pages\/9280"}],"collection":[{"href":"https:\/\/3ciencias.com\/en\/wp-json\/wp\/v2\/pages"}],"about":[{"href":"https:\/\/3ciencias.com\/en\/wp-json\/wp\/v2\/types\/page"}],"author":[{"embeddable":true,"href":"https:\/\/3ciencias.com\/en\/wp-json\/wp\/v2\/users\/2"}],"replies":[{"embeddable":true,"href":"https:\/\/3ciencias.com\/en\/wp-json\/wp\/v2\/comments?post=9280"}],"version-history":[{"count":0,"href":"https:\/\/3ciencias.com\/en\/wp-json\/wp\/v2\/pages\/9280\/revisions"}],"up":[{"embeddable":true,"href":"https:\/\/3ciencias.com\/en\/wp-json\/wp\/v2\/pages\/9375"}],"wp:attachment":[{"href":"https:\/\/3ciencias.com\/en\/wp-json\/wp\/v2\/media?parent=9280"}],"curies":[{"name":"wp","href":"https:\/\/api.w.org\/{rel}","templated":true}]}}