{"id":9278,"date":"2017-04-26T13:03:48","date_gmt":"2017-04-26T11:03:48","guid":{"rendered":"https:\/\/3ciencias.com\/toma-decisiones-inversion-medidas-eficiencia-energetica-transporte-maritimo\/"},"modified":"2017-04-26T13:03:48","modified_gmt":"2017-04-26T11:03:48","slug":"toma-decisiones-inversion-medidas-eficiencia-energetica-transporte-maritimo","status":"publish","type":"page","link":"https:\/\/3ciencias.com\/en\/i-congreso-internacional-online-economia-empresa-sociedad\/intervenciones-profesionales\/toma-decisiones-inversion-medidas-eficiencia-energetica-transporte-maritimo\/","title":{"rendered":"Toma de decisiones de inversi\u00f3n en medidas de eficiencia energ\u00e9tica en el transporte mar\u00edtimo"},"content":{"rendered":"<p><iframe loading=\"lazy\" width=\"584\" height=\"438\" src=\"https:\/\/www.youtube.com\/embed\/TKCxjtZH914?feature=oembed\" frameborder=\"0\" allowfullscreen><\/iframe><\/p>\n<p>Ponencia presentada por <strong>\u00c1ngeles Longarela-Ares<\/strong> al I Congreso Internacional Online sobre Econom\u00eda, Empresa y Sociedad con la comunicaci\u00f3n titulada<strong> &#8220;Toma de decisiones en inversi\u00f3n en medidas de eficiencia energ\u00e9tica en el transporte mar\u00edtimo&#8221;. <\/strong><\/p>\n<h1><\/h1>\n","protected":false},"excerpt":{"rendered":"<p>Ponencia presentada por \u00c1ngeles Longarela-Ares al I Congreso Internacional Online sobre Econom\u00eda, Empresa y Sociedad con la comunicaci\u00f3n titulada &#8220;Toma de decisiones en inversi\u00f3n en medidas de eficiencia energ\u00e9tica en el transporte mar\u00edtimo&#8221;.<\/p>\n","protected":false},"author":2,"featured_media":0,"parent":9375,"menu_order":0,"comment_status":"open","ping_status":"closed","template":"tp-congreso.php","meta":{"_bbp_topic_count":0,"_bbp_reply_count":0,"_bbp_total_topic_count":0,"_bbp_total_reply_count":0,"_bbp_voice_count":0,"_bbp_anonymous_reply_count":0,"_bbp_topic_count_hidden":0,"_bbp_reply_count_hidden":0,"_bbp_forum_subforum_count":0,"_mi_skip_tracking":false,"_monsterinsights_sitenote_active":false,"_monsterinsights_sitenote_note":"","_monsterinsights_sitenote_category":0,"footnotes":""},"acf":[],"_links":{"self":[{"href":"https:\/\/3ciencias.com\/en\/wp-json\/wp\/v2\/pages\/9278"}],"collection":[{"href":"https:\/\/3ciencias.com\/en\/wp-json\/wp\/v2\/pages"}],"about":[{"href":"https:\/\/3ciencias.com\/en\/wp-json\/wp\/v2\/types\/page"}],"author":[{"embeddable":true,"href":"https:\/\/3ciencias.com\/en\/wp-json\/wp\/v2\/users\/2"}],"replies":[{"embeddable":true,"href":"https:\/\/3ciencias.com\/en\/wp-json\/wp\/v2\/comments?post=9278"}],"version-history":[{"count":0,"href":"https:\/\/3ciencias.com\/en\/wp-json\/wp\/v2\/pages\/9278\/revisions"}],"up":[{"embeddable":true,"href":"https:\/\/3ciencias.com\/en\/wp-json\/wp\/v2\/pages\/9375"}],"wp:attachment":[{"href":"https:\/\/3ciencias.com\/en\/wp-json\/wp\/v2\/media?parent=9278"}],"curies":[{"name":"wp","href":"https:\/\/api.w.org\/{rel}","templated":true}]}}