{"id":9277,"date":"2017-04-26T15:30:19","date_gmt":"2017-04-26T13:30:19","guid":{"rendered":"https:\/\/3ciencias.com\/la-salvaguarda-del-cante-alentejano\/"},"modified":"2017-04-26T15:30:19","modified_gmt":"2017-04-26T13:30:19","slug":"la-salvaguarda-del-cante-alentejano","status":"publish","type":"page","link":"https:\/\/3ciencias.com\/en\/i-congreso-internacional-online-economia-empresa-sociedad\/intervenciones-profesionales\/la-salvaguarda-del-cante-alentejano\/","title":{"rendered":"La salvaguarda del cante alentejano"},"content":{"rendered":"<p><iframe loading=\"lazy\" width=\"584\" height=\"329\" src=\"https:\/\/www.youtube.com\/embed\/BPKPv7RRamE?feature=oembed\" frameborder=\"0\" allowfullscreen><\/iframe><\/p>\n<p>Ponencia presentada al I Congreso Internacional Online sobre Econom\u00eda, Empresa y Sociedad para la comunicaci\u00f3n &#8220;La salvaguarda del cante alentejano: factores socioculturales y econ\u00f3micos&#8221;, por Gustau Olcina-Sempere.<\/p>\n","protected":false},"excerpt":{"rendered":"<p>Ponencia presentada al I Congreso Internacional Online sobre Econom\u00eda, Empresa y Sociedad para la comunicaci\u00f3n &#8220;La salvaguarda del cante alentejano: factores socioculturales y econ\u00f3micos&#8221;, por Gustau Olcina-Sempere.<\/p>\n","protected":false},"author":2,"featured_media":0,"parent":9375,"menu_order":0,"comment_status":"open","ping_status":"closed","template":"tp-congreso.php","meta":{"_bbp_topic_count":0,"_bbp_reply_count":0,"_bbp_total_topic_count":0,"_bbp_total_reply_count":0,"_bbp_voice_count":0,"_bbp_anonymous_reply_count":0,"_bbp_topic_count_hidden":0,"_bbp_reply_count_hidden":0,"_bbp_forum_subforum_count":0,"_mi_skip_tracking":false,"_monsterinsights_sitenote_active":false,"_monsterinsights_sitenote_note":"","_monsterinsights_sitenote_category":0,"footnotes":""},"acf":[],"_links":{"self":[{"href":"https:\/\/3ciencias.com\/en\/wp-json\/wp\/v2\/pages\/9277"}],"collection":[{"href":"https:\/\/3ciencias.com\/en\/wp-json\/wp\/v2\/pages"}],"about":[{"href":"https:\/\/3ciencias.com\/en\/wp-json\/wp\/v2\/types\/page"}],"author":[{"embeddable":true,"href":"https:\/\/3ciencias.com\/en\/wp-json\/wp\/v2\/users\/2"}],"replies":[{"embeddable":true,"href":"https:\/\/3ciencias.com\/en\/wp-json\/wp\/v2\/comments?post=9277"}],"version-history":[{"count":0,"href":"https:\/\/3ciencias.com\/en\/wp-json\/wp\/v2\/pages\/9277\/revisions"}],"up":[{"embeddable":true,"href":"https:\/\/3ciencias.com\/en\/wp-json\/wp\/v2\/pages\/9375"}],"wp:attachment":[{"href":"https:\/\/3ciencias.com\/en\/wp-json\/wp\/v2\/media?parent=9277"}],"curies":[{"name":"wp","href":"https:\/\/api.w.org\/{rel}","templated":true}]}}