{"id":9276,"date":"2017-04-26T15:40:40","date_gmt":"2017-04-26T13:40:40","guid":{"rendered":"https:\/\/3ciencias.com\/capital-cultural-capital-monetario-la-economia-la-musica-clasica-contemporanea\/"},"modified":"2017-04-26T15:40:40","modified_gmt":"2017-04-26T13:40:40","slug":"capital-cultural-capital-monetario-la-economia-la-musica-clasica-contemporanea","status":"publish","type":"page","link":"https:\/\/3ciencias.com\/en\/i-congreso-internacional-online-economia-empresa-sociedad\/intervenciones-profesionales\/capital-cultural-capital-monetario-la-economia-la-musica-clasica-contemporanea\/","title":{"rendered":"Entre el capital cultural y el capital monetario: la econom\u00eda en la m\u00fasica cl\u00e1sica contempor\u00e1nea"},"content":{"rendered":"<p><iframe loading=\"lazy\" width=\"584\" height=\"329\" src=\"https:\/\/www.youtube.com\/embed\/7D9C6hrgka4?feature=oembed\" frameborder=\"0\" allowfullscreen><\/iframe><\/p>\n<p>Ponencia presentada por Xavier Mas i Sempere al I Congreso Internacional Online sobre Econom\u00eda, Empresa y Sociedad, organizado por la Editorial Cient\u00edfica 3Ciencias.<\/p>\n","protected":false},"excerpt":{"rendered":"<p>Ponencia presentada por Xavier Mas i Sempere al I Congreso Internacional Online sobre Econom\u00eda, Empresa y Sociedad, organizado por la Editorial Cient\u00edfica 3Ciencias.<\/p>\n","protected":false},"author":2,"featured_media":0,"parent":9375,"menu_order":0,"comment_status":"open","ping_status":"closed","template":"tp-congreso.php","meta":{"_bbp_topic_count":0,"_bbp_reply_count":0,"_bbp_total_topic_count":0,"_bbp_total_reply_count":0,"_bbp_voice_count":0,"_bbp_anonymous_reply_count":0,"_bbp_topic_count_hidden":0,"_bbp_reply_count_hidden":0,"_bbp_forum_subforum_count":0,"_mi_skip_tracking":false,"_monsterinsights_sitenote_active":false,"_monsterinsights_sitenote_note":"","_monsterinsights_sitenote_category":0,"footnotes":""},"acf":[],"_links":{"self":[{"href":"https:\/\/3ciencias.com\/en\/wp-json\/wp\/v2\/pages\/9276"}],"collection":[{"href":"https:\/\/3ciencias.com\/en\/wp-json\/wp\/v2\/pages"}],"about":[{"href":"https:\/\/3ciencias.com\/en\/wp-json\/wp\/v2\/types\/page"}],"author":[{"embeddable":true,"href":"https:\/\/3ciencias.com\/en\/wp-json\/wp\/v2\/users\/2"}],"replies":[{"embeddable":true,"href":"https:\/\/3ciencias.com\/en\/wp-json\/wp\/v2\/comments?post=9276"}],"version-history":[{"count":0,"href":"https:\/\/3ciencias.com\/en\/wp-json\/wp\/v2\/pages\/9276\/revisions"}],"up":[{"embeddable":true,"href":"https:\/\/3ciencias.com\/en\/wp-json\/wp\/v2\/pages\/9375"}],"wp:attachment":[{"href":"https:\/\/3ciencias.com\/en\/wp-json\/wp\/v2\/media?parent=9276"}],"curies":[{"name":"wp","href":"https:\/\/api.w.org\/{rel}","templated":true}]}}