{"id":9275,"date":"2017-04-26T17:29:54","date_gmt":"2017-04-26T15:29:54","guid":{"rendered":"https:\/\/3ciencias.com\/papel-las-consejeras-la-responsabilidad-social-corporativa\/"},"modified":"2017-04-26T17:29:54","modified_gmt":"2017-04-26T15:29:54","slug":"papel-las-consejeras-la-responsabilidad-social-corporativa","status":"publish","type":"page","link":"https:\/\/3ciencias.com\/en\/i-congreso-internacional-online-economia-empresa-sociedad\/intervenciones-profesionales\/papel-las-consejeras-la-responsabilidad-social-corporativa\/","title":{"rendered":"El papel de las consejeras en la responsabilidad social corporativa"},"content":{"rendered":"<p><a href=\"https:\/\/www.youtube.com\/watch?v=OcoDeboTqz4&amp;feature=youtu.be\" target=\"_blank\" rel=\"noopener noreferrer\">https:\/\/www.youtube.com\/watch?v=OcoDeboTqz4&amp;feature=youtu.be\u00a0<\/a><\/p>\n<p>Ponencia presentada al I Congreso Internacional online sobre Econom\u00eda, Empresa y Sociedad por Mar\u00eda Consuelo Pucheta-Mart\u00ednez e Inmaculada Bel-Oms.<\/p>\n<p>&nbsp;<\/p>\n","protected":false},"excerpt":{"rendered":"<p>https:\/\/www.youtube.com\/watch?v=OcoDeboTqz4&amp;feature=youtu.be\u00a0 Ponencia presentada al I Congreso Internacional online sobre Econom\u00eda, Empresa y Sociedad por Mar\u00eda Consuelo Pucheta-Mart\u00ednez e Inmaculada Bel-Oms. &nbsp;<\/p>\n","protected":false},"author":2,"featured_media":0,"parent":9375,"menu_order":0,"comment_status":"open","ping_status":"closed","template":"tp-congreso.php","meta":{"_bbp_topic_count":0,"_bbp_reply_count":0,"_bbp_total_topic_count":0,"_bbp_total_reply_count":0,"_bbp_voice_count":0,"_bbp_anonymous_reply_count":0,"_bbp_topic_count_hidden":0,"_bbp_reply_count_hidden":0,"_bbp_forum_subforum_count":0,"_mi_skip_tracking":false,"_monsterinsights_sitenote_active":false,"_monsterinsights_sitenote_note":"","_monsterinsights_sitenote_category":0,"footnotes":""},"acf":[],"_links":{"self":[{"href":"https:\/\/3ciencias.com\/en\/wp-json\/wp\/v2\/pages\/9275"}],"collection":[{"href":"https:\/\/3ciencias.com\/en\/wp-json\/wp\/v2\/pages"}],"about":[{"href":"https:\/\/3ciencias.com\/en\/wp-json\/wp\/v2\/types\/page"}],"author":[{"embeddable":true,"href":"https:\/\/3ciencias.com\/en\/wp-json\/wp\/v2\/users\/2"}],"replies":[{"embeddable":true,"href":"https:\/\/3ciencias.com\/en\/wp-json\/wp\/v2\/comments?post=9275"}],"version-history":[{"count":0,"href":"https:\/\/3ciencias.com\/en\/wp-json\/wp\/v2\/pages\/9275\/revisions"}],"up":[{"embeddable":true,"href":"https:\/\/3ciencias.com\/en\/wp-json\/wp\/v2\/pages\/9375"}],"wp:attachment":[{"href":"https:\/\/3ciencias.com\/en\/wp-json\/wp\/v2\/media?parent=9275"}],"curies":[{"name":"wp","href":"https:\/\/api.w.org\/{rel}","templated":true}]}}