{"id":9082,"date":"2017-06-02T13:32:48","date_gmt":"2017-06-02T11:32:48","guid":{"rendered":"https:\/\/3ciencias.com\/?page_id=9082"},"modified":"2017-06-02T13:35:22","modified_gmt":"2017-06-02T11:35:22","slug":"i-congreso-internacional-online-economia-empresa-sociedad","status":"publish","type":"page","link":"https:\/\/3ciencias.com\/en\/i-congreso-internacional-online-economia-empresa-sociedad\/","title":{"rendered":"I Congreso Internacional online sobre Econom\u00eda, Empresa y Sociedad"},"content":{"rendered":"<p style=\"text-align: justify;\">El <a href=\"https:\/\/3ciencias.com\/en\/i-congreso-internacional-online-economia-empresa-sociedad\/\">1\u00ba Congreso Internacional Online sobre Econom\u00eda, Empresa y Sociedad<\/a> tiene el prop\u00f3sito de <strong>estudiar la preponderancia <\/strong><strong>existente entre la empresa, la sociedad y la universidad como elementos clave y estrat\u00e9gicos en el marco de la econom\u00eda del conocimiento<\/strong>. La finalidad es generar conocimiento y promover ideas a trav\u00e9s del capital humano y a favor de la investigaci\u00f3n, permitiendo de este modo generar un eje resolutivo vinculante a los procesos transformadores de la sociedad actual.<\/p>\n<p style=\"text-align: justify;\">En el \u00e1mbito de las actividades econ\u00f3micas, las empresas juegan un papel esencial actualmente, por lo que deben disponer de estrategias que les permita crecer y lograr mayores utilidades. Con el estudio de la econom\u00eda, se trata por tanto de establecer un proyecto de prosperidad para los individuos y la sociedad. Para ello, se persigue el an\u00e1lisis de soluciones de eficiencia en la producci\u00f3n, distribuci\u00f3n, oferta y demanda de bienes y servicios.<\/p>\n<p style=\"text-align: justify;\">De este modo, se presenta el presente Congreso virtual, celebrado para que los profesionales del \u00e1mbito de la Econom\u00eda y Sociolog\u00eda entremezclen sus conocimientos y compartan sus comentarios con el resto de colegas.<\/p>\n<p style=\"text-align: justify;\"><strong>Abrimos seguidamente un espacio de intercambio de opiniones, \u00a1por lo que si tienes la tuya, no dudes en compartirla con el resto!<\/strong><\/p>\n<p>&nbsp;<\/p>\n","protected":false},"excerpt":{"rendered":"<p>El 1\u00ba Congreso Internacional Online sobre Econom\u00eda, Empresa y Sociedad tiene el prop\u00f3sito de estudiar la preponderancia existente entre la empresa, la sociedad y la universidad como elementos clave y estrat\u00e9gicos en el marco de la econom\u00eda del conocimiento. La &hellip; <a href=\"https:\/\/3ciencias.com\/en\/i-congreso-internacional-online-economia-empresa-sociedad\/\">leer m\u00e1s <span class=\"meta-nav\">&rarr;<\/span><\/a><\/p>\n","protected":false},"author":2,"featured_media":0,"parent":0,"menu_order":0,"comment_status":"open","ping_status":"open","template":"tp-congreso.php","meta":{"_bbp_topic_count":0,"_bbp_reply_count":0,"_bbp_total_topic_count":0,"_bbp_total_reply_count":0,"_bbp_voice_count":0,"_bbp_anonymous_reply_count":0,"_bbp_topic_count_hidden":0,"_bbp_reply_count_hidden":0,"_bbp_forum_subforum_count":0,"_mi_skip_tracking":false,"_monsterinsights_sitenote_active":false,"_monsterinsights_sitenote_note":"","_monsterinsights_sitenote_category":0,"footnotes":""},"acf":[],"_links":{"self":[{"href":"https:\/\/3ciencias.com\/en\/wp-json\/wp\/v2\/pages\/9082"}],"collection":[{"href":"https:\/\/3ciencias.com\/en\/wp-json\/wp\/v2\/pages"}],"about":[{"href":"https:\/\/3ciencias.com\/en\/wp-json\/wp\/v2\/types\/page"}],"author":[{"embeddable":true,"href":"https:\/\/3ciencias.com\/en\/wp-json\/wp\/v2\/users\/2"}],"replies":[{"embeddable":true,"href":"https:\/\/3ciencias.com\/en\/wp-json\/wp\/v2\/comments?post=9082"}],"version-history":[{"count":0,"href":"https:\/\/3ciencias.com\/en\/wp-json\/wp\/v2\/pages\/9082\/revisions"}],"wp:attachment":[{"href":"https:\/\/3ciencias.com\/en\/wp-json\/wp\/v2\/media?parent=9082"}],"curies":[{"name":"wp","href":"https:\/\/api.w.org\/{rel}","templated":true}]}}