{"id":9079,"date":"2017-06-02T13:29:55","date_gmt":"2017-06-02T11:29:55","guid":{"rendered":"https:\/\/3ciencias.com\/?page_id=9079"},"modified":"2017-06-02T13:29:55","modified_gmt":"2017-06-02T11:29:55","slug":"i-congreso-internacional-online-del-uso-las-tic-la-sociedad-la-educacion-la-empresa","status":"publish","type":"page","link":"https:\/\/3ciencias.com\/en\/i-congreso-internacional-online-del-empleo-de-las-tic-en-la-sociedad-la-educacion-y-la-empresa\/i-congreso-internacional-online-del-uso-las-tic-la-sociedad-la-educacion-la-empresa\/","title":{"rendered":"I Congreso Internacional online del Uso de las TIC en la sociedad, la educaci\u00f3n y la empresa"},"content":{"rendered":"<p style=\"text-align: justify;\">En los \u00faltimos tiempos, <strong>las TIC<\/strong> han adquirido un relevante papel en la sociedad haci\u00e9ndose un hueco cada vez m\u00e1s notable dentro de la multitud de <strong>actividades d<\/strong><strong>esarrolladas e<\/strong><strong>n nuestro <\/strong><strong>d\u00eda a d\u00eda<\/strong>.<\/p>\n<p style=\"text-align: justify;\">Las TIC ya forman<a href=\"https:\/\/3ciencias.com\/wp-content\/uploads\/2015\/10\/Cartel-Congreso.jpg\"><img decoding=\"async\" loading=\"lazy\" class=\"alignleft wp-image-5578 \" src=\"https:\/\/3ciencias.com\/wp-content\/uploads\/2015\/10\/Cartel-Congreso-724x1024.jpg\" alt=\"\" width=\"236\" height=\"329\" \/><\/a> parte de la mayor\u00eda de los sectores que envuelven a la sociedad, permitiendo <strong>el f\u00e1cil acceso a la informaci\u00f3n\u00a0en cualquier formato y de manera <\/strong><strong>cada vez m\u00e1s efectiva y r\u00e1pida<\/strong>. La digitalizaci\u00f3n nos permite disponer de informaci\u00f3n inmaterial, poder almacenar grandes cantidades de ella en peque\u00f1os soportes o <strong>hacerla accesible<\/strong>, sin importar nuestra ubicaci\u00f3n, y de <strong>manera instant\u00e1nea<\/strong>.<\/p>\n<p style=\"text-align: justify;\">Uno de los m\u00e1s significativos aportes de <strong>las TIC<\/strong> ha sido la <strong>interactividad entre diferentes personas y grupos sin importar donde se encuentren<\/strong>, lo que permite que se establezca una comunicaci\u00f3n bidireccional.<\/p>\n<p style=\"text-align: justify;\">Todo ello ha supuesto <strong>un gran adelanto<\/strong> en muchos aspectos <strong>durante la realizaci\u00f3n de muchas tareas<\/strong> desarrolladas por la sociedad.<\/p>\n<p style=\"text-align: justify;\">En esta ocasi\u00f3n se plantea<strong> el an\u00e1lisis, estudio y observaci\u00f3n de estos cambios tecnol\u00f3gicos<\/strong> en tres aspectos globales: <strong>la aplicaci\u00f3n de las TIC en la sociedad, la educaci\u00f3n y en la empresa<\/strong>.<\/p>\n<p style=\"text-align: justify;\">En este <strong>congreso <\/strong>se pretende analizar y dar a conocer las <strong>\u00faltimas investigaciones<\/strong> respecto a c\u00f3mo la aplicaci\u00f3n de los \u00faltimos <strong>avances tecnol\u00f3gicos, enfocados a transmisi\u00f3n de la informaci\u00f3n y las comunicaciones,<\/strong> pueden <strong>mejorar<\/strong> en el <strong>desarrollo de las actividades<\/strong> propias de la sociedad y <strong>la reacci\u00f3n<\/strong> de la misma ante estos avances.<\/p>\n<p style=\"text-align: justify;\">Para ello, se plantea un <strong>acto virtual<\/strong> donde se invita a toda la <strong>sociedad cient\u00edfica<\/strong> a que <strong>aporten los resultados de sus investigaciones<\/strong> en este campo para darlos a conocer mediante los medios digitales, creando as\u00ed un <strong>intercambio cient\u00edfico<\/strong>.<\/p>\n","protected":false},"excerpt":{"rendered":"<p>En los \u00faltimos tiempos, las TIC han adquirido un relevante papel en la sociedad haci\u00e9ndose un hueco cada vez m\u00e1s notable dentro de la multitud de actividades desarrolladas en nuestro d\u00eda a d\u00eda. Las TIC ya forman parte de la &hellip; <a href=\"https:\/\/3ciencias.com\/en\/i-congreso-internacional-online-del-empleo-de-las-tic-en-la-sociedad-la-educacion-y-la-empresa\/i-congreso-internacional-online-del-uso-las-tic-la-sociedad-la-educacion-la-empresa\/\">leer m\u00e1s <span class=\"meta-nav\">&rarr;<\/span><\/a><\/p>\n","protected":false},"author":2,"featured_media":0,"parent":9733,"menu_order":0,"comment_status":"closed","ping_status":"closed","template":"tp-congreso.php","meta":{"_bbp_topic_count":0,"_bbp_reply_count":0,"_bbp_total_topic_count":0,"_bbp_total_reply_count":0,"_bbp_voice_count":0,"_bbp_anonymous_reply_count":0,"_bbp_topic_count_hidden":0,"_bbp_reply_count_hidden":0,"_bbp_forum_subforum_count":0,"_mi_skip_tracking":false,"_monsterinsights_sitenote_active":false,"_monsterinsights_sitenote_note":"","_monsterinsights_sitenote_category":0,"footnotes":""},"acf":[],"_links":{"self":[{"href":"https:\/\/3ciencias.com\/en\/wp-json\/wp\/v2\/pages\/9079"}],"collection":[{"href":"https:\/\/3ciencias.com\/en\/wp-json\/wp\/v2\/pages"}],"about":[{"href":"https:\/\/3ciencias.com\/en\/wp-json\/wp\/v2\/types\/page"}],"author":[{"embeddable":true,"href":"https:\/\/3ciencias.com\/en\/wp-json\/wp\/v2\/users\/2"}],"replies":[{"embeddable":true,"href":"https:\/\/3ciencias.com\/en\/wp-json\/wp\/v2\/comments?post=9079"}],"version-history":[{"count":0,"href":"https:\/\/3ciencias.com\/en\/wp-json\/wp\/v2\/pages\/9079\/revisions"}],"up":[{"embeddable":true,"href":"https:\/\/3ciencias.com\/en\/wp-json\/wp\/v2\/pages\/9733"}],"wp:attachment":[{"href":"https:\/\/3ciencias.com\/en\/wp-json\/wp\/v2\/media?parent=9079"}],"curies":[{"name":"wp","href":"https:\/\/api.w.org\/{rel}","templated":true}]}}