{"id":9018,"date":"2017-06-01T15:14:33","date_gmt":"2017-06-01T13:14:33","guid":{"rendered":"https:\/\/3ciencias.com\/?page_id=9018"},"modified":"2017-06-01T15:14:33","modified_gmt":"2017-06-01T13:14:33","slug":"books","status":"publish","type":"page","link":"https:\/\/3ciencias.com\/en\/books\/","title":{"rendered":"Books"},"content":{"rendered":"<p><span id=\"result_box\" class=\"\" lang=\"en\"><span class=\"\">You can send us your book and our scientific and editorial committee evaluates it.<\/span> If the evaluation report is favorable, you can publish your book with full editorial professionalism.<\/p>\n<p><span class=\"\">Our collections are as follows:<\/span><\/span><\/p>\n<p>&nbsp;<\/p>\n<ul>\n<li><a href=\"https:\/\/3ciencias.com\/en\/libros\/categoria\/ingenieria-y-tecnologia-en\/\">Ingenier\u00eda y Tecnolog\u00eda<\/a><\/li>\n<li><a href=\"https:\/\/3ciencias.com\/en\/libros\/categoria\/didactica-e-innovacion-educativa-en\/\">Did\u00e1ctica e innovaci\u00f3n educativa<\/a><\/li>\n<li><a href=\"https:\/\/3ciencias.com\/en\/libros\/categoria\/economia-organizacion-y-ciencias-sociales-en\/\">Econom\u00eda, organizaci\u00f3n y ciencias sociales<\/a><\/li>\n<li><a href=\"https:\/\/3ciencias.com\/en\/libros\/categoria\/ciencias-y-letras-en\/\">Ciencias y letras<\/a><\/li>\n<li><a href=\"https:\/\/3ciencias.com\/en\/libros\/categoria\/tics-en\/\">Tic<\/a><\/li>\n<li><a href=\"\/?wpsc_product_category=medicina\" target=\"_blank\" rel=\"noopener noreferrer\">Medicina<\/a><\/li>\n<\/ul>\n<p>&nbsp;<\/p>\n","protected":false},"excerpt":{"rendered":"<p>You can send us your book and our scientific and editorial committee evaluates it. If the evaluation report is favorable, you can publish your book with full editorial professionalism. Our collections are as follows: &nbsp; Ingenier\u00eda y Tecnolog\u00eda Did\u00e1ctica e &hellip; <a href=\"https:\/\/3ciencias.com\/en\/books\/\">leer m\u00e1s <span class=\"meta-nav\">&rarr;<\/span><\/a><\/p>\n","protected":false},"author":2,"featured_media":0,"parent":0,"menu_order":0,"comment_status":"closed","ping_status":"closed","template":"tp-revistas.php","meta":{"_bbp_topic_count":0,"_bbp_reply_count":0,"_bbp_total_topic_count":0,"_bbp_total_reply_count":0,"_bbp_voice_count":0,"_bbp_anonymous_reply_count":0,"_bbp_topic_count_hidden":0,"_bbp_reply_count_hidden":0,"_bbp_forum_subforum_count":0,"_mi_skip_tracking":false,"_monsterinsights_sitenote_active":false,"_monsterinsights_sitenote_note":"","_monsterinsights_sitenote_category":0,"footnotes":""},"acf":[],"_links":{"self":[{"href":"https:\/\/3ciencias.com\/en\/wp-json\/wp\/v2\/pages\/9018"}],"collection":[{"href":"https:\/\/3ciencias.com\/en\/wp-json\/wp\/v2\/pages"}],"about":[{"href":"https:\/\/3ciencias.com\/en\/wp-json\/wp\/v2\/types\/page"}],"author":[{"embeddable":true,"href":"https:\/\/3ciencias.com\/en\/wp-json\/wp\/v2\/users\/2"}],"replies":[{"embeddable":true,"href":"https:\/\/3ciencias.com\/en\/wp-json\/wp\/v2\/comments?post=9018"}],"version-history":[{"count":0,"href":"https:\/\/3ciencias.com\/en\/wp-json\/wp\/v2\/pages\/9018\/revisions"}],"wp:attachment":[{"href":"https:\/\/3ciencias.com\/en\/wp-json\/wp\/v2\/media?parent=9018"}],"curies":[{"name":"wp","href":"https:\/\/api.w.org\/{rel}","templated":true}]}}