{"id":9014,"date":"2017-06-01T14:04:55","date_gmt":"2017-06-01T12:04:55","guid":{"rendered":"https:\/\/3ciencias.com\/?page_id=9014"},"modified":"2018-05-14T12:59:29","modified_gmt":"2018-05-14T10:59:29","slug":"journals","status":"publish","type":"page","link":"https:\/\/3ciencias.com\/en\/journals\/","title":{"rendered":"Journals"},"content":{"rendered":"<p class=\"titulo-revistas\">Journals<\/p>\n<div class=\"separador\"><\/div>\n<p class=\"texto-revistas\">3Ciencias publishes three different publications: 3c Empresa, 3c Tecnolog\u00eda and 3c TIC, all of them quarterly.<\/p>\n<p class=\"texto-revistas\">The publication dates for this year 2018 are as follows:<\/p>\n<div class=\"cuadros-revistas\">\n<div class=\"cuadro1\" id=\"cuadro\">\n<img decoding=\"async\" src=\"\/wp-content\/uploads\/2018\/05\/titulo_tecnologia.png\"><\/p>\n<p id=\"titulo\">3C Tecnolog\u00eda<\/p>\n<p id=\"fecha\">March 14th<\/p>\n<p id=\"nombre\">3C Tecnolog\u00eda ed. 25 volume 7 issue 1<\/p>\n<p id=\"fecha\">June 14th<\/p>\n<p id=\"nombre\">3C Tecnolog\u00eda ed. 26 volume 7 issue 2<\/p>\n<p id=\"fecha\">September 14th<\/p>\n<p id=\"nombre\">3C Tecnolog\u00eda ed. 27 volume 7 issue 3<\/p>\n<p id=\"fecha\">December 14th<\/p>\n<p id=\"nombre\">3C Tecnolog\u00eda ed. 28 volume 7 issue 4<\/p>\n<p><a href=\"https:\/\/3ciencias.com\/en\/revistas\/categoria\/tecnologia-en\/\">See latest edition<\/a>\n<\/div>\n<div class=\"cuadro1\" id=\"cuadro\">\n<img decoding=\"async\" src=\"\/wp-content\/uploads\/2018\/05\/titulo_empresa.png\"><\/p>\n<p id=\"titulo\">3C Empresa<\/p>\n<p id=\"fecha\">February 23th<\/p>\n<p id=\"nombre\">3C Empresa ed. 33 volume 7 issue 1<\/p>\n<p id=\"fecha\">May 24th<\/p>\n<p id=\"nombre\">3C Empresa ed. 34 volume 7 issue 2<\/p>\n<p id=\"fecha\">August 24th<\/p>\n<p id=\"nombre\">3C Empresa ed. 35 volume 7 issue 3<\/p>\n<p id=\"fecha\">November 23th<\/p>\n<p id=\"nombre\">3C Empresa ed. 36 volume 7 issue 4\/p><\/p>\n<p><a href=\"https:\/\/3ciencias.com\/en\/revistas\/categoria\/empresa-en-2\/\">See latest edition<\/a>\n<\/div>\n<div class=\"cuadro2\" id=\"cuadro\">\n<img decoding=\"async\" src=\"\/wp-content\/uploads\/2018\/05\/titulo_tic.png\"><\/p>\n<p id=\"titulo\">3C Tic<\/p>\n<p id=\"fecha\">March 29th<\/p>\n<p id=\"nombre\">3C TIC ed. 24 volume 7 issue 1<\/p>\n<p id=\"fecha\">June 29th<\/p>\n<p id=\"nombre\">3C TIC ed. 25 volume 7 issue 2<\/p>\n<p id=\"fecha\">September 28th<\/p>\n<p id=\"nombre\">3C TIC ed. 26 volume 7 issue 3<\/p>\n<p id=\"fecha\">December 28th<\/p>\n<p id=\"nombre\">3C TIC ed. 27 volume 7 issue 4<\/p>\n<p><a href=\"https:\/\/3ciencias.com\/en\/revistas\/categoria\/tic-en\/\">See latest edition<\/a>\n<\/div>\n<\/div>\n","protected":false},"excerpt":{"rendered":"<p>Journals 3Ciencias publishes three different publications: 3c Empresa, 3c Tecnolog\u00eda and 3c TIC, all of them quarterly. The publication dates for this year 2018 are as follows: 3C Tecnolog\u00eda March 14th 3C Tecnolog\u00eda ed. 25 volume 7 issue 1 June &hellip; <a href=\"https:\/\/3ciencias.com\/en\/journals\/\">leer m\u00e1s <span class=\"meta-nav\">&rarr;<\/span><\/a><\/p>\n","protected":false},"author":2,"featured_media":0,"parent":0,"menu_order":0,"comment_status":"closed","ping_status":"closed","template":"tp-revistas.php","meta":{"_bbp_topic_count":0,"_bbp_reply_count":0,"_bbp_total_topic_count":0,"_bbp_total_reply_count":0,"_bbp_voice_count":0,"_bbp_anonymous_reply_count":0,"_bbp_topic_count_hidden":0,"_bbp_reply_count_hidden":0,"_bbp_forum_subforum_count":0,"_mi_skip_tracking":false,"_monsterinsights_sitenote_active":false,"_monsterinsights_sitenote_note":"","_monsterinsights_sitenote_category":0,"footnotes":""},"acf":[],"_links":{"self":[{"href":"https:\/\/3ciencias.com\/en\/wp-json\/wp\/v2\/pages\/9014"}],"collection":[{"href":"https:\/\/3ciencias.com\/en\/wp-json\/wp\/v2\/pages"}],"about":[{"href":"https:\/\/3ciencias.com\/en\/wp-json\/wp\/v2\/types\/page"}],"author":[{"embeddable":true,"href":"https:\/\/3ciencias.com\/en\/wp-json\/wp\/v2\/users\/2"}],"replies":[{"embeddable":true,"href":"https:\/\/3ciencias.com\/en\/wp-json\/wp\/v2\/comments?post=9014"}],"version-history":[{"count":0,"href":"https:\/\/3ciencias.com\/en\/wp-json\/wp\/v2\/pages\/9014\/revisions"}],"wp:attachment":[{"href":"https:\/\/3ciencias.com\/en\/wp-json\/wp\/v2\/media?parent=9014"}],"curies":[{"name":"wp","href":"https:\/\/api.w.org\/{rel}","templated":true}]}}