{"id":8994,"date":"2017-05-31T17:11:28","date_gmt":"2017-05-31T15:11:28","guid":{"rendered":"https:\/\/3ciencias.com\/?page_id=8994"},"modified":"2017-06-01T13:33:09","modified_gmt":"2017-06-01T11:33:09","slug":"books-topic","status":"publish","type":"page","link":"https:\/\/3ciencias.com\/en\/topics\/books-topic\/","title":{"rendered":"Books topic"},"content":{"rendered":"<p><span id=\"result_box\" class=\"\" lang=\"en\"><span title=\"3Ciencias edita las siguientes colecciones de libros: \">3Ciencias publishes the following collections:<\/span><\/span><\/p>\n<p><span title=\"Ingenier\u00eda y Tecnolog\u00eda: Se abarca todo el \u00e1mbito tecnol\u00f3gico y de las diferentes ingenier\u00edas.\"><strong>Engineering and Technology<\/strong>: It covers the entire technological field and the different engineerings. <span class=\"\">The aim is to apply the set of technical and scientific knowledge for the innovation and development of techniques and tools that improve and satisfy the needs of companies and society.<\/span><\/span><\/p>\n<p><span title=\"TIC: Dentro de esta colecci\u00f3n se agrupan todo lo relacionado con las Tecnolog\u00edas de la Informaci\u00f3n y la Comunicaci\u00f3n. \"><strong>ICT<\/strong>: Within this collection are grouped everything related to Information and Communication Technologies.<\/span><\/p>\n<p><span title=\"Did\u00e1ctica e Innovaci\u00f3n Educativa: Comprende la disciplina cient\u00edfico-pedag\u00f3gica que tiene como objeto de estudio los procesos y elementos existentes en la ense\u00f1anza y el aprendizaje. \"><strong>Educational Didactics and Innovation<\/strong>: It includes the scientific-pedagogical discipline that has as object of study the processes and elements existing in teaching and learning.<\/span><\/p>\n<p><span title=\"Econom\u00eda, Organizaci\u00f3n y Ciencias Sociales: Esta colecci\u00f3n abarca tres tem\u00e1ticas relacionadas entre s\u00ed.\"><strong>Economics, Organization and Social Sciences<\/strong>: This collection covers three related topics. <\/span><span title=\"En primer lugar Econom\u00eda se refiere a la ciencia social que se dedica al estudio de los procesos de producci\u00f3n, intercambio y consumo de bienes y servicio.\">In the first place, Economy refers to the Social Science that is dedicated to the study of the processes of production, exchange and consumption of goods and services. <\/span><span title=\"Organizaci\u00f3n corresponde al proceso de organizaci\u00f3n de los recursos (humanos, financieros y materiales) de los que dispone una empresa, para alcanzar los objetivos deseados.\">Organization is the process of organizing the resources (human, financial and material) that a company has to achieve the desired objectives. <\/span><span title=\"Y Ciencias Sociales engloba aquellas ciencias o disciplinas cient\u00edficas que se ocupan de aspectos del comportamiento y actividades de los humanos. \">And Social Sciences encompasses those sciences or scientific disciplines that deal with aspects of human behavior and activities.<\/span><\/p>\n<p><span title=\"Ciencias y letras: Esta colecci\u00f3n engloba las dos ramas principales del conocimiento humano.\"><strong>Sciences and Letters<\/strong>: This collection encompasses the two main branches of human knowledge. <\/span><span title=\"En ella se incluyen disciplinas como las ciencias humanas, y las ciencias f\u00edsico-naturales y exactas. \">It includes disciplines such as the human sciences, and the physical-natural sciences and exact.<\/span><\/p>\n<p><span title=\"Medicina y salud: Comprende aquellos trabajos cuyo principal eje es la medicina y las diferentes ramas de la misma, entiendiendo como tal la Cirug\u00eda, Odontolog\u00eda, Neurolog\u00eda, Oncolog\u00eda, Pediatr\u00eda, etc.\"><strong>Medicine and health<\/strong>: It includes those works whose main axis is medicine and the different branches of it, for example: Surgery, Dentistry, Neurology, Oncology, Pediatrics, etc.<\/span><\/p>\n","protected":false},"excerpt":{"rendered":"<p>3Ciencias publishes the following collections: Engineering and Technology: It covers the entire technological field and the different engineerings. The aim is to apply the set of technical and scientific knowledge for the innovation and development of techniques and tools that &hellip; <a href=\"https:\/\/3ciencias.com\/en\/topics\/books-topic\/\">leer m\u00e1s <span class=\"meta-nav\">&rarr;<\/span><\/a><\/p>\n","protected":false},"author":2,"featured_media":0,"parent":9009,"menu_order":0,"comment_status":"closed","ping_status":"closed","template":"","meta":{"_bbp_topic_count":0,"_bbp_reply_count":0,"_bbp_total_topic_count":0,"_bbp_total_reply_count":0,"_bbp_voice_count":0,"_bbp_anonymous_reply_count":0,"_bbp_topic_count_hidden":0,"_bbp_reply_count_hidden":0,"_bbp_forum_subforum_count":0,"_mi_skip_tracking":false,"_monsterinsights_sitenote_active":false,"_monsterinsights_sitenote_note":"","_monsterinsights_sitenote_category":0,"footnotes":""},"acf":[],"_links":{"self":[{"href":"https:\/\/3ciencias.com\/en\/wp-json\/wp\/v2\/pages\/8994"}],"collection":[{"href":"https:\/\/3ciencias.com\/en\/wp-json\/wp\/v2\/pages"}],"about":[{"href":"https:\/\/3ciencias.com\/en\/wp-json\/wp\/v2\/types\/page"}],"author":[{"embeddable":true,"href":"https:\/\/3ciencias.com\/en\/wp-json\/wp\/v2\/users\/2"}],"replies":[{"embeddable":true,"href":"https:\/\/3ciencias.com\/en\/wp-json\/wp\/v2\/comments?post=8994"}],"version-history":[{"count":0,"href":"https:\/\/3ciencias.com\/en\/wp-json\/wp\/v2\/pages\/8994\/revisions"}],"up":[{"embeddable":true,"href":"https:\/\/3ciencias.com\/en\/wp-json\/wp\/v2\/pages\/9009"}],"wp:attachment":[{"href":"https:\/\/3ciencias.com\/en\/wp-json\/wp\/v2\/media?parent=8994"}],"curies":[{"name":"wp","href":"https:\/\/api.w.org\/{rel}","templated":true}]}}