{"id":8986,"date":"2017-05-31T13:49:48","date_gmt":"2017-05-31T11:49:48","guid":{"rendered":"https:\/\/3ciencias.com\/?page_id=8986"},"modified":"2018-09-14T09:21:13","modified_gmt":"2018-09-14T07:21:13","slug":"committee","status":"publish","type":"page","link":"https:\/\/3ciencias.com\/en\/presentation\/committee\/","title":{"rendered":"Committees"},"content":{"rendered":"<p><span style=\"color: #808080;\"><strong>Direction<\/strong><\/span><br \/>\n<a href=\"https:\/\/3ciencias.com\/en\/victor-gisbert-soler\/\" target=\"_blank\" rel=\"noopener noreferrer\">PhD. V\u00edctor Gisbert Soler<\/a><span style=\"color: #808080;\">. Universidad Polit\u00e9cnica de Valencia (Spain)<\/span><\/p>\n<p><span style=\"color: #808080;\"><strong>Editorial secretary<\/strong><\/span><br \/>\n<span style=\"color: #808080;\"> Mar\u00eda J. Vilaplana Aparicio. Universidad de Alicante (Spain)<\/span><br \/>\n<span style=\"color: #808080;\"> In\u00e9s Poveda Pastor. Documentalist at 3ciencias (Spain)<\/span><\/p>\n<p><span style=\"color: #808080;\"><strong>Editorial board<\/strong><\/span><br \/>\n<span style=\"color: #808080;\">PhD. David Ju\u00e1rez Var\u00f3n. Universidad Polit\u00e9cnica de Valencia (Spain)<\/span><br \/>\n<span style=\"color: #808080;\">PhD. Mart\u00edn Le\u00f3n Santiesteban. Universidad Aut\u00f3noma de Occidente (Mexico)<\/span><br \/>\n<span style=\"color: #808080;\">PhD. F. Javier C\u00e1rcel Carrasco. Universidad Polit\u00e9cnica de Valencia (Spain)<\/span><br \/>\n<span style=\"color: #808080;\">PhD. Alberto Rodr\u00edguez Rodr\u00edguez. Universidad Estatal del Sur de Manab\u00ed (Ecuador)<\/span><\/p>\n<hr \/>\n<p><strong><span style=\"color: #808080;\">Editorial committee<\/span><\/strong><\/p>\n<ul>\n<li><span style=\"color: #808080;\"><strong>Textile area<\/strong>: Dr. Josep Valldeperas Morell. Universidad Polit\u00e9cnica de Catalu\u00f1a (Spain)<\/span><\/li>\n<li><span style=\"color: #808080;\"><strong>\u00c1rea financial:<\/strong>\u00a0Dr. Juan \u00c1ngel Lafuente Luengo. Universidad Jaime I (Spain)<\/span><\/li>\n<li><span style=\"color: #808080;\"><strong>Business organization and HR:<\/strong>\u00a0Dr. Francisco Llopis Va\u00f1\u00f3. Universidad de Alicante (Spain)<\/span><\/li>\n<li><span style=\"color: #808080;\"><strong>Statistics<\/strong>: Dra. Elena P\u00e9rez Bernabeu. Universidad Polit\u00e9cnica de Valencia (Spain)<\/span><\/li>\n<li><span style=\"color: #808080;\"><strong>Sociology and Political Sciences:<\/strong>\u00a0Dr. Rodrigo Mart\u00ednez B\u00e9jar. Universidad de Murcia (Spain)<\/span><\/li>\n<li><span style=\"color: #808080;\"><strong>Law<\/strong>: Dra. Mar\u00eda del Carmen Pastor Sempere. Universidad de Alicante (Spain)<\/span><\/li>\n<li><span style=\"color: #808080;\"><strong>Engineering and Technology<\/strong>: Dr. David Ju\u00e1rez Var\u00f3n. Universidad Polit\u00e9cnica de Valencia (Spain)<\/span><\/li>\n<li><span style=\"color: #808080;\"><strong>Information and Comunication Technologies<\/strong>: Dr. Manuel Llorca Alc\u00f3n. Universidad Polit\u00e9cnica de Valencia (Spain)<\/span><\/li>\n<li><span style=\"color: #808080;\"><strong>Health Sciences:<\/strong> Dra. Mar Arlandis Domingo. Hospital San Juan de Alicante (Spain)<\/span><\/li>\n<\/ul>\n<hr \/>\n<p><strong><span style=\"color: #808080;\">Advisory committee<\/span><\/strong><\/p>\n<p><span style=\"color: #808080;\">PhD. Ana Isabel P\u00e9rez Molina. Universidad Polit\u00e9cnica de Valencia (Spain)<\/span><br \/>\n<span style=\"color: #808080;\">PhD. Julio C. Pino Tarrag\u00f3. Universidad Estatal del Sur de Manab\u00ed (Ecuador)<\/span><br \/>\n<span style=\"color: #808080;\">PhD. Jorge Bernal Peralta. Universidad de Tarapac\u00e1 (Chile)<\/span><br \/>\n<span style=\"color: #808080;\">PhD. Roberth O. Zambrano Santos. Instituto Tecnol\u00f3gico Superior de Portoviejo (Ecuador)<\/span><br \/>\n<span style=\"color: #808080;\">PhD. Sebasti\u00e1n S\u00e1nchez Castillo. Universidad de Valencia (Espa\u00f1a)<\/span><br \/>\n<span style=\"color: #808080;\">PhD. Sonia P. Ubill\u00fas Saltos. Instituto Tecnol\u00f3gico Superior de Portoviejo (Ecuador)<\/span><\/p>\n","protected":false},"excerpt":{"rendered":"<p>Direction PhD. V\u00edctor Gisbert Soler. Universidad Polit\u00e9cnica de Valencia (Spain) Editorial secretary Mar\u00eda J. Vilaplana Aparicio. Universidad de Alicante (Spain) In\u00e9s Poveda Pastor. Documentalist at 3ciencias (Spain) Editorial board PhD. David Ju\u00e1rez Var\u00f3n. Universidad Polit\u00e9cnica de Valencia (Spain) PhD. Mart\u00edn &hellip; <a href=\"https:\/\/3ciencias.com\/en\/presentation\/committee\/\">leer m\u00e1s <span class=\"meta-nav\">&rarr;<\/span><\/a><\/p>\n","protected":false},"author":2,"featured_media":0,"parent":8971,"menu_order":1,"comment_status":"closed","ping_status":"closed","template":"","meta":{"_bbp_topic_count":0,"_bbp_reply_count":0,"_bbp_total_topic_count":0,"_bbp_total_reply_count":0,"_bbp_voice_count":0,"_bbp_anonymous_reply_count":0,"_bbp_topic_count_hidden":0,"_bbp_reply_count_hidden":0,"_bbp_forum_subforum_count":0,"_mi_skip_tracking":false,"_monsterinsights_sitenote_active":false,"_monsterinsights_sitenote_note":"","_monsterinsights_sitenote_category":0,"footnotes":""},"acf":[],"_links":{"self":[{"href":"https:\/\/3ciencias.com\/en\/wp-json\/wp\/v2\/pages\/8986"}],"collection":[{"href":"https:\/\/3ciencias.com\/en\/wp-json\/wp\/v2\/pages"}],"about":[{"href":"https:\/\/3ciencias.com\/en\/wp-json\/wp\/v2\/types\/page"}],"author":[{"embeddable":true,"href":"https:\/\/3ciencias.com\/en\/wp-json\/wp\/v2\/users\/2"}],"replies":[{"embeddable":true,"href":"https:\/\/3ciencias.com\/en\/wp-json\/wp\/v2\/comments?post=8986"}],"version-history":[{"count":0,"href":"https:\/\/3ciencias.com\/en\/wp-json\/wp\/v2\/pages\/8986\/revisions"}],"up":[{"embeddable":true,"href":"https:\/\/3ciencias.com\/en\/wp-json\/wp\/v2\/pages\/8971"}],"wp:attachment":[{"href":"https:\/\/3ciencias.com\/en\/wp-json\/wp\/v2\/media?parent=8986"}],"curies":[{"name":"wp","href":"https:\/\/api.w.org\/{rel}","templated":true}]}}