{"id":8984,"date":"2017-05-31T13:14:26","date_gmt":"2017-05-31T11:14:26","guid":{"rendered":"https:\/\/3ciencias.com\/?page_id=8984"},"modified":"2020-02-07T12:29:15","modified_gmt":"2020-02-07T11:29:15","slug":"external-reviewers","status":"publish","type":"page","link":"https:\/\/3ciencias.com\/en\/presentation\/external-reviewers\/","title":{"rendered":"External reviewers"},"content":{"rendered":"<p><span id=\"result_box\" class=\"\" lang=\"en\"><span class=\"\">The following are the professionals who collaborate as reviewers in the journals:<\/span><\/span><\/p>\n<ul>\n<li>Abad Segura, Emilio. Universidad de Almer\u00eda (Espa\u00f1a)<\/li>\n<li>Alegre Ansuategui, Francisco Jos\u00e9. Universitat Jaume I (Castell\u00f3n, Espa\u00f1a)<\/li>\n<li>\u00c1lvarez Bermejo, Jos\u00e9 Antonio. Universidad de Almer\u00eda (Espa\u00f1a)<\/li>\n<li>\u00c1lvarez Jare\u00f1o, Jos\u00e9 A. Universidad de Valencia (Espa\u00f1a)<\/li>\n<li>\u00c1lvarez Verdejo, Encarnaci\u00f3n. Universidad de Granada (Espa\u00f1a)<\/li>\n<li>Amar Rodr\u00edguez, V\u00edctor Manuel. Universidad de C\u00e1diz (Espa\u00f1a)<\/li>\n<li>Amor Pulido, Ra\u00fal. Universidad de Granada (Espa\u00f1a)<\/li>\n<li>Amor\u00f3s Kern, Eduard. Universidad de Valencia (Espa\u00f1a)<\/li>\n<li>Andreu Mart\u00ed, Mar\u00eda del Mar. Universidad Polit\u00e9cnica de Cartagena (Murcia, Espa\u00f1a)<\/li>\n<li>Arag\u00f3 Manzana, Vicente. Universitat Jaume I (Castell\u00f3n, Espa\u00f1a)<\/li>\n<li>Araque Hontangas, Natividad. Universidad de Castilla-La Mancha (Espa\u00f1a)<\/li>\n<li>Arce Caparr\u00f3s, Rafael. Universidad de Valencia (Espa\u00f1a)<\/li>\n<li>Arias Romero, Salvador Mateo. Universidad de Granada (Espa\u00f1a)<\/li>\n<li>Arroyo Gonz\u00e1lez, Rosario. Universidad de Granada (Espa\u00f1a)<\/li>\n<li>Aznar D\u00edaz, Inmaculada. Universidad de Granada (Espa\u00f1a)<\/li>\n<li>Barrag\u00e1n Cervera, \u00c1ngel. Universitat Jaume I (Castell\u00f3n, Espa\u00f1a)<\/li>\n<li>Barrio Gallardo, Aurelio. Universidad de Zaragoza (Espa\u00f1a)<\/li>\n<li>Bayod R\u00fajula, \u00c1ngel Antonio. Universidad de Zaragoza (Espa\u00f1a)<\/li>\n<li>Bel Oms, Inmaculada. Universitat Jaume I (Castell\u00f3n, Espa\u00f1a)<\/li>\n<li>Belmonte Mart\u00edn, Irene. Universidad Miguel Hern\u00e1ndez (Espa\u00f1a)<\/li>\n<li>Benlloch Aparisi, Vicente. Universitat Polit\u00e8cnica de Val\u00e8ncia (Espa\u00f1a)<\/li>\n<li>Blasco Avellaneda, Daniel. Universidad de Granada (Espa\u00f1a)<\/li>\n<li>Cabodevilla Artieda, Ignacio. Universidad de Zaragoza (Espa\u00f1a)<\/li>\n<li>C\u00e1ceres Reche, Mar\u00eda Pilar. Universidad de Granada (Espa\u00f1a)<\/li>\n<li>Callej\u00f3n C\u00e9spedes, Jos\u00e9. Universidad de Granada (Espa\u00f1a)<\/li>\n<li>C\u00e1mara Zapata, Jos\u00e9 Mar\u00eda. Universidad Miguel Hern\u00e1ndez (Espa\u00f1a)<\/li>\n<li>Campuzano V\u00e1squez, John A. Universidad T\u00e9cnica de Machala (Ecuador)<\/li>\n<li>Canales, Pedro. Universidad de Valencia (Espa\u00f1a)<\/li>\n<li>Carrascosa L\u00f3pez, Conrado. Universitat Polit\u00e8cnica de Val\u00e8ncia (Espa\u00f1a)<\/li>\n<li>Carrillo de Gea, Juan Manuel. Universidad de Murcia (Espa\u00f1a)<\/li>\n<li>Casal Otero, Lorena. Universidad de Santiago de Compostela (Espa\u00f1a)<\/li>\n<li>Castro Rodr\u00edguez, Elena. Universidad de Granada (Espa\u00f1a)<\/li>\n<li>Cepri\u00e1 Bernal, Javier. Universitat Jaume I (Castell\u00f3n, Espa\u00f1a)<\/li>\n<li>Chan N\u00fa\u00f1ez, Mar\u00eda Elena. Universidad de Guadalajara (M\u00e9xico)<\/li>\n<li>Colasante, Annarita. Universitat Jaume I (Castell\u00f3n, Espa\u00f1a)<\/li>\n<li>Cort\u00e9s Garc\u00eda, Francisco Joaqu\u00edn. Universidad de Almer\u00eda (Espa\u00f1a)<\/li>\n<li>Cort\u00e9s Simarro, Jos\u00e9 Manuel. Universidad de Castilla-La Mancha (Espa\u00f1a)<\/li>\n<li>Crespo Garrido, Mar\u00eda Jimena. Universidad de Alcal\u00e1 (Madrid, Espa\u00f1a)<\/li>\n<li>Crisol Moya, Emilio. Universidad de Granada (Espa\u00f1a)<\/li>\n<li>Cuesta \u00c1vila, Rafael. Universidad Miguel Hern\u00e1ndez (Espa\u00f1a)<\/li>\n<li>De Mart\u00edn-Pinillos Castellanos, Ignacio. Universidad de La Laguna (Tenerife, Espa\u00f1a)<\/li>\n<li>De Mingo L\u00f3pez, Diego V\u00edctor. Universitat Jaume I (Castell\u00f3n, Espa\u00f1a)<\/li>\n<li>Delgado Hita, Carlos. Universidad de Alcal\u00e1 (Madrid, Espa\u00f1a)<\/li>\n<li>Delgado Mora, \u00c1ngel vicente. Universidad de Granada (Espa\u00f1a)<\/li>\n<li>D\u00edaz Garc\u00eda, Pablo. Universitat Polit\u00e8cnica de Val\u00e8ncia (Espa\u00f1a)<\/li>\n<li>Dom\u00ednguez Catala, Sergio. Universitat Jaume I (Castell\u00f3n, Espa\u00f1a)<\/li>\n<li>Due\u00f1as Fern\u00e1ndez, Diego. Universidad de Alcal\u00e1 (Madrid, Espa\u00f1a)<\/li>\n<li>Esteban Curiel, Javier A. Universidad Rey Juan Carlos de Madrid (Espa\u00f1a)<\/li>\n<li>Estell\u00e9s Miguel, Sof\u00eda. Universitat Polit\u00e8cnica de Val\u00e8ncia (Espa\u00f1a)<\/li>\n<li>Estrada Vidal, Ligia Isabel. Universidad de Granada (Espa\u00f1a)<\/li>\n<li>Fabregat Aibar, Laura.\u00a0Universitat Rovira i Virgili (Catalu\u00f1a, Espa\u00f1a)<\/li>\n<li>Facal Mayo, David. Universidad de Santiago de Compostela (Espa\u00f1a)<\/li>\n<li>Faura Mart\u00ednez, \u00darsula. Universidad de Murcia (Espa\u00f1a)<\/li>\n<li>Feria Viceo, Aurora Mar\u00eda. Universidad de Granada (Espa\u00f1a)<\/li>\n<li>Fern\u00e1ndez L\u00f3pez, Esther. Universidad de Valencia (Espa\u00f1a)<\/li>\n<li>Fern\u00e1ndez Paradas, Antonio Rafael. Universidad de Granada (Espa\u00f1a)<\/li>\n<li>Fern\u00e1ndez Tilve, Mar\u00eda Dolores. Universidad de Santiago de Compostela (Espa\u00f1a)<\/li>\n<li>Ferreiro Seoane, Francisco Jes\u00fas. Universidad de Santiago de Compostela (Espa\u00f1a)<\/li>\n<li>Frami\u00f1an Torres, Jose Manuel. Universidad de Sevilla (Espa\u00f1a)<\/li>\n<li>Fuentes Moraleda, Laura. Universidad Rey Juan Carlos (Espa\u00f1a)<\/li>\n<li>Fuentes Vi\u00f1as, Arturo Manuel. Universidad de Granada (Espa\u00f1a)<\/li>\n<li>Garc\u00eda Crespi, Francisco Federico. Universidad Miguel Hern\u00e1ndez (Espa\u00f1a)<\/li>\n<li>Garc\u00eda Escribano, Juan Jos\u00e9. Universidad de Murcia (Espa\u00f1a)<\/li>\n<li>Garc\u00eda Esparza, Juan Antonio. Universitat Jaume I (Castell\u00f3n, Espa\u00f1a)<\/li>\n<li>Garc\u00eda Ferrer, Gemma. Universidad Rey Juan Carlos (Espa\u00f1a)<\/li>\n<li>Garc\u00eda G\u00f3mez, Jos\u00e9 Joaqu\u00edn. Universidad de Almer\u00eda (Espa\u00f1a)<\/li>\n<li>Garc\u00eda Holgado, Alicia. Universidad de Salamanca (Espa\u00f1a)<\/li>\n<li>Garc\u00eda del Junco, Julio. Universidad de Sevilla (Espa\u00f1a)<\/li>\n<li>Garc\u00eda Mart\u00ednez, Inmaculada. Universidad de Granada (Espa\u00f1a)<\/li>\n<li>Garc\u00eda Mart\u00ednez,\u00a0Juan Jos\u00e9. Universidad de Murcia (Espa\u00f1a)<\/li>\n<li>Gas Aixendri, Carlos Jes\u00fas. Universitat Rovira i Virgili (Catalu\u00f1a, Espa\u00f1a)<\/li>\n<li>Gij\u00f3n Puerta, Jos\u00e9. Universidad de Granada (Espa\u00f1a)<\/li>\n<li>G\u00f3mez Su\u00e1rez,\u00a0Beatriz.\u00a0Universidad de las Islas Baleares (Espa\u00f1a)<\/li>\n<li>Gonz\u00e1lez Bedia,\u00a0Manuel. Universidad de Zaragoza (Espa\u00f1a)<\/li>\n<li>Gonz\u00e1lez D\u00edaz,\u00a0Benjam\u00edn. Universidad de La Laguna (Tenerife, Espa\u00f1a)<\/li>\n<li>Gonz\u00e1lez Garc\u00eda, Francisco. Universidad de Granada (Espa\u00f1a)<\/li>\n<li>Grangel Seguer, Mar\u00eda de los Reyes. Universitat Jaume I (Castell\u00f3n, Espa\u00f1a)<\/li>\n<li>Grau Castell, Laia. Uniersitat Rovira i Virgili (Catalu\u00f1a, Espa\u00f1a)<\/li>\n<li>Grau Sala, Ramon. Universitat Aut\u00f2noma de Barcelona (Espa\u00f1a)<\/li>\n<li>Guill\u00e9n Perales, Alberto. Universidad de Granada (Espa\u00f1a)<\/li>\n<li>Hern\u00e1ndez Mart\u00ednez,\u00a0Pedro Jes\u00fas. Universidad de Murcia (Espa\u00f1a)<\/li>\n<li>Herrero Blasco, Aurelio. Universitat Polit\u00e8cnica de Val\u00e8ncia (Espa\u00f1a)<\/li>\n<li>Herrero Villalibre,\u00a0Saoia.\u00a0Universidad del Pa\u00eds Vasco (Espa\u00f1a)<\/li>\n<li>Hinojo Lucena, Francisco Javier. Universidad de Granada (Espa\u00f1a)<\/li>\n<li>Hinojo Lucena, Mar\u00eda Angustias. Universidad de Granada (Espa\u00f1a)<\/li>\n<li>Huedo Dord\u00e1, Patricia Margarita. Universitat Jaume I (Castell\u00f3n, Espa\u00f1a)<\/li>\n<li>Huguet Clemente, Mar\u00eda. Universidad de Valencia (Espa\u00f1a)<\/li>\n<li>Jare\u00f1o Ruiz, Diana. Universidad de Alicante (Espa\u00f1a)<\/li>\n<li>Jim\u00e9nez Jim\u00e9nez, Juan Ignacio. Universidad de Granada (Espa\u00f1a)<\/li>\n<li>Jurado Mart\u00edn, Montserrat. Universidad Miguel Hern\u00e1ndez (Espa\u00f1a)<\/li>\n<li>Lara Jornet, Ignacio. Universidad Miguel Hern\u00e1ndez (Espa\u00f1a)<\/li>\n<li>Le\u00f3n de Mora, Carlos. Universidad de Sevilla (Espa\u00f1a)<\/li>\n<li>Lizarte Sim\u00f3n, Emilio Jes\u00fas. Universidad de Granada (Espa\u00f1a)<\/li>\n<li>Llorca Alc\u00f3n, Manuel. Universitat Polit\u00e8cnica de Val\u00e8ncia (Espa\u00f1a)<\/li>\n<li>Lloret Rodr\u00edguez, \u00c1lvaro. Universidad de Murcia (Espa\u00f1a)<\/li>\n<li>L\u00f3pez Espejo, Iv\u00e1n. Universidad de Granada (Espa\u00f1a)<\/li>\n<li>L\u00f3pez Mart\u00edn, Mar\u00eda del Mar. Universidad de Granada (Espa\u00f1a)<\/li>\n<li>L\u00f3pez N\u00fa\u00f1ez, Jos\u00e9 Antonio. Universidad de Granada (Espa\u00f1a)<\/li>\n<li>L\u00f3pez Olano, Carlos. Universidad de Valencia (Espa\u00f1a)<\/li>\n<li>L\u00f3pez P\u00e9rez, Mar\u00eda Fernanda. Universidad Polit\u00e9cnica de Valencia (Espa\u00f1a)<\/li>\n<li>L\u00f3pez Ruiz, Ricardo. Universidad de Zaragoza (Espa\u00f1a)<\/li>\n<li>Lorenzo Valent\u00edn, Gil. Universitat Jaume I (Castell\u00f3n, Espa\u00f1a)<\/li>\n<li>Lozano Reina, Gabriel. Universidad de Murcia (Espa\u00f1a)<\/li>\n<li>Manzanares Guti\u00e9rrez, \u00c1ngel. Universidad de Murcia (Espa\u00f1a)<\/li>\n<li>Maro\u00f1as Berm\u00fadez, Andrea. Universidad de Santiago de Compostela (Espa\u00f1a)<\/li>\n<li>Mart\u00ednez Cano, Francisco Juli\u00e1n. Universidad Miguel Hern\u00e1ndez (Espa\u00f1a)<\/li>\n<li>Mart\u00ednez D\u00edez, Bernardo. Universitat Jaume I (Castell\u00f3n, Espa\u00f1a)<\/li>\n<li>Mart\u00ednez Garc\u00eda, Fernando. Universidad de Castilla-La Mancha (Espa\u00f1a)<\/li>\n<li>Mart\u00ednez Santos, Alba Elena. Universidad de Santiago de Compostela (Espa\u00f1a)<\/li>\n<li>Mart\u00ednez Sanz, Antonio Vicente. Universitat Polit\u00e8cnica de Val\u00e8ncia (Espa\u00f1a)<\/li>\n<li>Mercado Idoeta, Carmelo. Universidad Rey Juan Carlos (Espa\u00f1a)<\/li>\n<li>Mercado Lozano, Paola. Universidad de Guadalajara (M\u00e9xico)<\/li>\n<li>Merino de Lucas, Fernando. Universidad de Murcia (Espa\u00f1a)<\/li>\n<li>Mesas Casta\u00f1o, Antonio. Universidad de Valencia (Espa\u00f1a)<\/li>\n<li>Miralles Tena, Ignacio. Universitat Jaume I (Castell\u00f3n, Espa\u00f1a)<\/li>\n<li>Moll\u00e0 Furi\u00f3, Diego. Universidad de Valencia (Espa\u00f1a)<\/li>\n<li>Montes Rodr\u00edguez, Ram\u00f3n. Universidad de Granada (Espa\u00f1a)<\/li>\n<li>Moral Mart\u00edn, Jos\u00e9 David. Universitat Rovira i Virgili (Catalu\u00f1a, Espa\u00f1a)<\/li>\n<li>Mosquera Losada, Mar\u00eda Rosa. Universidad de Santiago de Compostela (Espa\u00f1a)<\/li>\n<li>Mullor Ib\u00e1\u00f1ez, Rub\u00e9n. Universidad de Alicante (Espa\u00f1a)<\/li>\n<li>Mu\u00f1oz Maz\u00f3n, Ana Isabel. Universidad Rey Juan Carlos (Espa\u00f1a)<\/li>\n<li>Navarro Astor, Elena. Universitat Polit\u00e8cnica de Val\u00e8ncia (Espa\u00f1a)<\/li>\n<li>Navarro Navarro, Fernando Guillermo. Universidad de Guadalajara (M\u00e9xico)<\/li>\n<li>Negrin de la Pe\u00f1a, Jos\u00e9 Antonio. Universidad de Castilla-La Mancha (Espa\u00f1a)<\/li>\n<li>N\u00fa\u00f1ez Garc\u00eda, Mar\u00edana. Universitat Jaume I (Castell\u00f3n, Espa\u00f1a)<\/li>\n<li>Oltra Badenes, Ra\u00fal Francisco. Universitat Polit\u00e8cnica de Val\u00e8ncia (Espa\u00f1a)<\/li>\n<li>Oltra Guti\u00e9rrez, Juan Vicente. Universitat Polit\u00e8cnica de Val\u00e8ncia (Espa\u00f1a)<\/li>\n<li>Ortega Carrillo, Jos\u00e9 Antonio. Universidad de Granada (Espa\u00f1a)<\/li>\n<li>Ortega Lopera, Julio. Universidad de Granada (Espa\u00f1a)<\/li>\n<li>Palma Guerrero, Roberto. Universitat Jaume I (Castell\u00f3n, Espa\u00f1a)<\/li>\n<li>Palma Valenzuela, Andr\u00e9s. Universidad de Granada (Espa\u00f1a)<\/li>\n<li>Pa\u00f1os \u00c1lvarez, Antonio. Universidad de Murcia (Espa\u00f1a)<\/li>\n<li>Parra Roy\u00f3n, Manuel. Universidad de Granada (Espa\u00f1a)<\/li>\n<li>Pedro Pe\u00f1a, Juan. Universidad de M\u00e1laga (Espa\u00f1a)<\/li>\n<li>Pe\u00f1afiel Mart\u00ednez, Fernando. Universidad de Granada (Espa\u00f1a)<\/li>\n<li>P\u00e9rez Delgado,\u00a0Mar\u00eda Luisa . Universidad de Salamanca (Espa\u00f1a)<\/li>\n<li>P\u00e9rez Garc\u00eda, Pablo. Universidad de Sevilla (Espa\u00f1a)<\/li>\n<li>P\u00e9rez Rivas, Natalia. Universidad de Santiago de Compostela (Espa\u00f1a)<\/li>\n<li>Pi\u00e9 Dols, Laia.\u00a0Universitat Rovira i Virgili (Catalu\u00f1a, Espa\u00f1a)<\/li>\n<li>Pinto C\u00e1mara, Charles. Universidad del Pa\u00eds Vasco (Espa\u00f1a)<\/li>\n<li>Pitarch Roig, \u00c1ngel Miguel. Universitat Jaume I (Castell\u00f3n, Espa\u00f1a)<\/li>\n<li>Poncela Gonz\u00e1lez, Alberto. Universidad de M\u00e1laga (Espa\u00f1a)<\/li>\n<li>Porto Castro, Ana Mar\u00eda. Universidad de Santiago de Compostela (Espa\u00f1a)<\/li>\n<li>Prats Albentosa, Mar\u00eda Asunci\u00f3n. Universidad de Murcia (Espa\u00f1a)<\/li>\n<li>Ramos Su\u00e1rez,\u00a0Juan Luis. Universidad de La Laguna\u00a0 (Tenerife, Espa\u00f1a)<\/li>\n<li>Raso, Francisco Manuel. Universidad de Granada (Espa\u00f1a)<\/li>\n<li>Rexachs Del Rosario, Dolores Isabel. Universitat Aut\u00f2noma de Barcelona (Espa\u00f1a)<\/li>\n<li>Riera L\u00f3pez, J. Vicente. Universidad de Valencia (Espa\u00f1a)<\/li>\n<li>Robles V\u00edlchez, Mar\u00eda del Carmen. Universidad de Granada (Espa\u00f1a)<\/li>\n<li>Roda Casanova, V\u00edctor. Universitat Jaume I (Castell\u00f3n, Espa\u00f1a)<\/li>\n<li>Rodr\u00edguez Blanco, Victoria. Universidad Miguel Hern\u00e1ndez (Espa\u00f1a)<\/li>\n<li>Rodr\u00edguez Fuentes, Antonio Vicente. Universidad de Granada (Espa\u00f1a)<\/li>\n<li>Rodr\u00edguez Herr\u00e1ez, Beatriz. Universidad Rey Juan Carlos (Espa\u00f1a)<\/li>\n<li>Rom\u00e1n Gallego,\u00a0Jes\u00fas \u00c1ngel . Universidad de Salamanca (Espa\u00f1a)<\/li>\n<li>Romero L\u00f3pez, Mar\u00eda del Carmen. Universidad de Granada (Espa\u00f1a)<\/li>\n<li>Romero S\u00e1nchez, Guadalupe. Universidad de Granada (Espa\u00f1a)<\/li>\n<li>Rosa D\u00edaz, Isabel Mar\u00eda. Universidad de Sevilla (Espa\u00f1a)<\/li>\n<li>Salcedo Mu\u00f1oz, Virgilio E. Universidad T\u00e9cnica de Machala (Ecuador)<\/li>\n<li>Salinas Serrano, Jos\u00e9 Mar\u00eda. Universidad de Alicante (Espa\u00f1a)<\/li>\n<li>Samino Garc\u00eda, Roc\u00edo. Universidad Rey Juan Carlos (Espa\u00f1a)<\/li>\n<li>S\u00e1nchez Castillo, Sebasti\u00e1n. Universidad de Valencia (Espa\u00f1a)<\/li>\n<li>S\u00e1nchez de Oca\u00f1a Ruiz de la Prada, Pablo. Universidad Rey Juan Carlos (Espa\u00f1a)<\/li>\n<li>S\u00e1nchez Fern\u00e1ndez, Sebasti\u00e1n. Universidad de Granada (Espa\u00f1a)<\/li>\n<li>S\u00e1nchez Guadix, Mar\u00eda de los \u00c1ngeles. Universidad de Granada (Espa\u00f1a)<\/li>\n<li>S\u00e1nchez Hern\u00e1ndez, Yessica. Universidad de Granada (Espa\u00f1a)<\/li>\n<li>S\u00e1nchez-Tarazaga Vicente, Luc\u00eda. Universitat Jaume I (Castell\u00f3n, Espa\u00f1a)<\/li>\n<li>Saneleuterio Temporal, Elia. Universidad de Valencia (Espa\u00f1a)<\/li>\n<li>Santagueda Villanueva, Mar\u00eda. Universitat Jaume I (Castell\u00f3n, Espa\u00f1a)<\/li>\n<li>Santos Ja\u00e9n, Jos\u00e9 Manuel. Universidad de Murcia (Espa\u00f1a)<\/li>\n<li>Segado V\u00e1zquez,\u00a0Francisco Enrique. Universidad Polit\u00e9cnica de Cartagena (Murcia, Espa\u00f1a)<\/li>\n<li>Segarra Saavedra, Antonio Jes\u00fas. Universidad Polit\u00e9cnica de Cartagena (Murcia, Espa\u00f1a)<\/li>\n<li>Sell\u00e9s Cant\u00f3, Miguel \u00c1ngel. Universitat Polit\u00e8cnica de Val\u00e8ncia (Espa\u00f1a)<\/li>\n<li>Sierra Bulnes, Martha Rosal\u00eda.\u00a0Universidad Ju\u00e1rez Aut\u00f3noma de Tabasco (M\u00e9xico)<\/li>\n<li>Sola Mart\u00ednez, Tom\u00e1s. Universidad de Granada (Espa\u00f1a)<\/li>\n<li>Sorolla Vidal, Natxo. Universitat Rovira i Virgili (Catalu\u00f1a, Espa\u00f1a)<\/li>\n<li>Suppi Boldrito, Remo. Universitat Aut\u00f2noma de Barcelona (Espa\u00f1a)<\/li>\n<li>Sutil Mart\u00edn, Dolores Luc\u00eda. Universidad Rey Juan Carlos (Espa\u00f1a)<\/li>\n<li>Tom\u00e9 Fern\u00e1ndez, Mar\u00eda. Universidad de Granada (Espa\u00f1a)<\/li>\n<li>Trinidad Segovia, Juan Evangelista. Universidad de Almer\u00eda (Espa\u00f1a)<\/li>\n<li>Trujillo Aguilera,\u00a0Francisco David. Universidad de M\u00e1laga (Espa\u00f1a)<\/li>\n<li>Trujillo Torres, Juan Manuel. Universidad de Granada (Espa\u00f1a)<\/li>\n<li>Valero Sierra, Oscar.\u00a0Universitat de les Illes Balears (Espa\u00f1a)<\/li>\n<li>V\u00e1zquez Rodr\u00edguez, Ana. Universidad de Santiago de Compostela (Espa\u00f1ola)<\/li>\n<li>V\u00e1zquez V\u00edlchez, Mar\u00eda Mercedes. Universidad de Granada (Espa\u00f1a)<\/li>\n<li>Vicent Franc\u00e9s, Jos\u00e9 Francisco. Universidad de Alicante (Espa\u00f1a)<\/li>\n<li>Vidal Nadal, Mar\u00eda Rosario. Universitat Jaume I (Castell\u00f3n, Espa\u00f1a)<\/li>\n<li>Vidal Prades, Emma Dunia. Universitat Jaume I (Castell\u00f3n, Espa\u00f1a)<\/li>\n<li>Villanueva Gay, Merc\u00e8.\u00a0Universitat Aut\u00f2noma de Barcelona (Espa\u00f1a)<\/li>\n<li>Villar Villanueva, Francisco. Universitat Polit\u00e8cnica de Val\u00e8ncia (Espa\u00f1a)<\/li>\n<li>Zamora Belver, Juan Jos\u00e9. Universidad del Pa\u00eds Vasco (Espa\u00f1a)<\/li>\n<\/ul>\n<p style=\"text-align: center;\"><strong>Are you interested in collaborating as a reviewer in our magazines?<\/strong><\/p>\n","protected":false},"excerpt":{"rendered":"<p>The following are the professionals who collaborate as reviewers in the journals: Abad Segura, Emilio. Universidad de Almer\u00eda (Espa\u00f1a) Alegre Ansuategui, Francisco Jos\u00e9. Universitat Jaume I (Castell\u00f3n, Espa\u00f1a) \u00c1lvarez Bermejo, Jos\u00e9 Antonio. Universidad de Almer\u00eda (Espa\u00f1a) \u00c1lvarez Jare\u00f1o, Jos\u00e9 A. &hellip; <a href=\"https:\/\/3ciencias.com\/en\/presentation\/external-reviewers\/\">leer m\u00e1s <span class=\"meta-nav\">&rarr;<\/span><\/a><\/p>\n","protected":false},"author":2,"featured_media":0,"parent":8971,"menu_order":0,"comment_status":"closed","ping_status":"closed","template":"","meta":{"_bbp_topic_count":0,"_bbp_reply_count":0,"_bbp_total_topic_count":0,"_bbp_total_reply_count":0,"_bbp_voice_count":0,"_bbp_anonymous_reply_count":0,"_bbp_topic_count_hidden":0,"_bbp_reply_count_hidden":0,"_bbp_forum_subforum_count":0,"_mi_skip_tracking":false,"_monsterinsights_sitenote_active":false,"_monsterinsights_sitenote_note":"","_monsterinsights_sitenote_category":0,"footnotes":""},"acf":[],"_links":{"self":[{"href":"https:\/\/3ciencias.com\/en\/wp-json\/wp\/v2\/pages\/8984"}],"collection":[{"href":"https:\/\/3ciencias.com\/en\/wp-json\/wp\/v2\/pages"}],"about":[{"href":"https:\/\/3ciencias.com\/en\/wp-json\/wp\/v2\/types\/page"}],"author":[{"embeddable":true,"href":"https:\/\/3ciencias.com\/en\/wp-json\/wp\/v2\/users\/2"}],"replies":[{"embeddable":true,"href":"https:\/\/3ciencias.com\/en\/wp-json\/wp\/v2\/comments?post=8984"}],"version-history":[{"count":0,"href":"https:\/\/3ciencias.com\/en\/wp-json\/wp\/v2\/pages\/8984\/revisions"}],"up":[{"embeddable":true,"href":"https:\/\/3ciencias.com\/en\/wp-json\/wp\/v2\/pages\/8971"}],"wp:attachment":[{"href":"https:\/\/3ciencias.com\/en\/wp-json\/wp\/v2\/media?parent=8984"}],"curies":[{"name":"wp","href":"https:\/\/api.w.org\/{rel}","templated":true}]}}