{"id":8981,"date":"2017-05-31T13:01:03","date_gmt":"2017-05-31T11:01:03","guid":{"rendered":"https:\/\/3ciencias.com\/?page_id=8981"},"modified":"2018-06-28T16:51:30","modified_gmt":"2018-06-28T14:51:30","slug":"our-methodology","status":"publish","type":"page","link":"https:\/\/3ciencias.com\/en\/presentation\/our-methodology\/","title":{"rendered":"Our methodology"},"content":{"rendered":"<p><span id=\"result_box\" class=\"\" lang=\"en\"><strong><span title=\"3Ciencias es una editorial online que ofrece un servicio para la publicaci\u00f3n de aquellos resultados que se obtienen fruto de trabajos de investigaci\u00f3n.\">3Ciencias is an online publishing company that offers a service for the publication of those results that are the result of research work. <\/span><\/strong><span title=\"Todas nuestras publicaciones son previamente sometidas a un proceso de evaluaci\u00f3n, tanto cient\u00edfico como editorial, de pares de doble ciego. \">All our publications are previously submitted to an <strong>evaluation<\/strong> <strong>process of double-blind pairs.<\/strong><\/span><\/span><\/p>\n<p><span title=\"En 3Ciencias publicamos art\u00edculos de investigaci\u00f3n en Acceso Abierto mediante tres revistas electr\u00f3nicas, editadas por \u00c1rea de Innovaci\u00f3n y Desarrollo, S.L.\">In 3Ciencias we published<strong> research articles in Open Access through three international and electronic journals<\/strong>, edited by Area of \u200b\u200bInnovation and Development, S.L. <\/span><span title=\"Cada una de ellas trata una tem\u00e1tica cient\u00edfica diferente y la periodicidad es trimestral.\">Each of them treats a different scientific theme and the periodicity is quarterly. <\/span><span title=\"Se trata de publicaciones que siguen las pol\u00edticas del Acceso Abierto, sin presentar pol\u00edticas de embargo. \u00a0\u00a0\u00a0\u00a0\">These are publications that follow <strong>Open Access policies, without presenting embargo policies.<\/strong><\/span><\/p>\n<ul>\n<li><em><a href=\"https:\/\/3ciencias.com\/en\/revistas\/categoria\/empresa-en-2\/\" target=\"_blank\" rel=\"noopener noreferrer\">3c Company<\/a><\/em><\/li>\n<li><a href=\"https:\/\/3ciencias.com\/en\/revistas\/categoria\/tecnologia-en\/\" target=\"_blank\" rel=\"noopener noreferrer\">3c Technology<\/a><\/li>\n<li><em><a href=\"https:\/\/3ciencias.com\/en\/revistas\/categoria\/tic-en\/\" target=\"_blank\" rel=\"noopener noreferrer\">3c TIC<\/a><\/em><\/li>\n<\/ul>\n<p><span id=\"result_box\" class=\"\" lang=\"en\"><span title=\"Adem\u00e1s, 3Ciencias tambi\u00e9n publica libros de car\u00e1cter cient\u00edfico.\">In addition, 3Ciencias also publishes scientific books. <\/span><span title=\"Nuestras colecciones son las siguientes: \u00a0\u00a0\u00a0\u00a0\">Our collections are:<\/span><\/span><\/p>\n<ul>\n<li><a href=\"https:\/\/3ciencias.com\/en\/libros\/categoria\/ingenieria-y-tecnologia-en\/\"><em>Engineering and Technology<\/em><\/a><\/li>\n<li><a href=\"https:\/\/3ciencias.com\/en\/libros\/categoria\/tics-en\/\"><em>TIC\u2019s<\/em><\/a><\/li>\n<li><a href=\"https:\/\/3ciencias.com\/en\/libros\/categoria\/didactica-e-innovacion-educativa-en\/\"><em>Didactics and Educational Innovation<\/em><\/a><\/li>\n<li><a href=\"https:\/\/3ciencias.com\/en\/libros\/categoria\/economia-organizacion-y-ciencias-sociales-en\/\"><em>Economics, Organization and Social Sciences<\/em><\/a><\/li>\n<li><a href=\"https:\/\/3ciencias.com\/en\/libros\/categoria\/ciencias-y-letras-en\/\"><em>Science and Literature<\/em><\/a><\/li>\n<li><a href=\"https:\/\/3ciencias.com\/en\/libros\/categoria\/medicina-y-salud-en\/\"><em>Medicine and Health<\/em><\/a><\/li>\n<\/ul>\n<p>&nbsp;<\/p>\n<ul>\n<li><strong>EVALUATION OF ARTICLES<\/strong><\/li>\n<\/ul>\n<p><span id=\"result_box\" class=\"\" lang=\"en\"><span title=\"En cuanto al sistema de evaluaci\u00f3n de las publicaciones peri\u00f3dicas de 3Ciencias, se trata de evaluaci\u00f3n por pares de doble ciego, tambi\u00e9n conocido en ingl\u00e9s como sistema \u201cdouble-blind peer review\u201d.\">With regard to the evaluation system of 3Ciencias journals, this is double-blind peer review, in which two experts evaluate the work. <\/span><span title=\"Adem\u00e1s, esto implica que los expertos no conocen la identidad del autor o autores del trabajo, ni viceversa. \">In addition, this implies that the experts do not know the identity of the author or authors of the work, nor vice versa.<\/span><\/span><\/p>\n<p><span title=\"En 3Ciencias utilizamos la plataforma OJS para el tr\u00e1mite del proceso editorial.\">In 3Ciencias we use the OJS platform to do the editorial process. <\/span><span title=\"El equipo editorial revisa el trabajo previamente, para constatar que el trabajo tiene una l\u00ednea de investigaci\u00f3n que encaja con las disciplinas que cubren las revistas (en este caso, 3C TIC, 3C Empresa y 3C Tecnolog\u00eda).\">The editorial team reviews the work previously, to verify that the work has a line of research that fits with the disciplines that cover the journals (in this case, 3C TIC, 3C Company and 3C Technology). <\/span><span title=\"Tambi\u00e9n se tiene en cuenta que cumpla con las instrucciones, disponibles en nuestra web, y que encaje con la plantilla de la revista correspondiente. \">It is also taken into account that it complies with the<strong> instructions<\/strong>, and that it fits with the <strong>template<\/strong> of the corresponding journal.<\/span><\/p>\n<p><span title=\"Una vez se ha determinado que cumple con los mencionados aspectos, se elimina el nombre del autor o autores as\u00ed como la afiliaci\u00f3n y dem\u00e1s informaci\u00f3n personas y se asignan los revisores expertos.\">Once it has been determined that it complies with the aforementioned aspects, the name of the author, affiliation and other information people are removed and the expert reviewers are assigned.<\/span> <span title=\"Cuando los revisores eval\u00faan los trabajos al autor se le comunica el veredicto de forma justificada.\">When the reviewers evaluate the work the author is informed of the verdict in a justified manner. <\/span><span title=\"Las opciones son varias: es necesario modificar ciertos elementos del trabajo, est\u00e1 listo para publicar o rechazo definitivo.\">The options are several: <\/span><\/p>\n<ul>\n<li><span title=\"Las opciones son varias: es necesario modificar ciertos elementos del trabajo, est\u00e1 listo para publicar o rechazo definitivo.\">It is necessary to modify certain elements of the work<\/span><\/li>\n<li><span title=\"Las opciones son varias: es necesario modificar ciertos elementos del trabajo, est\u00e1 listo para publicar o rechazo definitivo.\">Final rejection <\/span><\/li>\n<li><span title=\"El tiempo aproximado que tarda un art\u00edculo a ser publicado oscila entre 2 y 5 meses. \"><span title=\"Las opciones son varias: es necesario modificar ciertos elementos del trabajo, est\u00e1 listo para publicar o rechazo definitivo.\">It is ready to publish<\/span><\/span><\/li>\n<\/ul>\n<p>If modifications are required, the author must follow the indications proposed and resend the work with these incorporated. The Editorial Committee, in this case, would reassign\u00a0 reviewers to reevaluate the work.<\/p>\n<p>If it is suggested by reviewers that the article should be rejected, it is reevaluated by the committee and, if the parties are in agreement the article is archived and the procedures for publication are canceled.<\/p>\n<p>In the case that one reviewer suggests that it sould be rejected and the other recommends to publish the article, another reviewer will be assigned until a mojority decision is made.<\/p>\n<p>Finally, if the reviewers indicate that it is a publishable article, it is published and scheduled for the corresponding editioon of the journal.<\/p>\n<p><span title=\"El tiempo aproximado que tarda un art\u00edculo a ser publicado oscila entre 2 y 5 meses. \">The approximate time it takes an article to be published ranges from 2 to 5 months.<\/span><\/p>\n<p>&nbsp;<\/p>\n<ul>\n<li><strong>EVALUATION OF BOOKS<\/strong><\/li>\n<\/ul>\n<p><span title=\"Por lo que respecta los libros, estos son revisados por el experto en la disciplina del Comit\u00e9 Editorial y por el por el propio Consejo Editorial.\">As for the books, these are reviewed by the expert in the discipline of the Editorial Committee and by the Editorial Board itself. <\/span><span title=\"El tiempo de publicaci\u00f3n desde la recepci\u00f3n del manuscrito oscila entre 15 y 30 d\u00edas.\">The time of publication from the reception of the manuscript is between 15 and 30 days.<\/span><\/p>\n<p>&nbsp;<\/p>\n","protected":false},"excerpt":{"rendered":"<p>3Ciencias is an online publishing company that offers a service for the publication of those results that are the result of research work. All our publications are previously submitted to an evaluation process of double-blind pairs. In 3Ciencias we published &hellip; <a href=\"https:\/\/3ciencias.com\/en\/presentation\/our-methodology\/\">leer m\u00e1s <span class=\"meta-nav\">&rarr;<\/span><\/a><\/p>\n","protected":false},"author":2,"featured_media":0,"parent":8971,"menu_order":0,"comment_status":"closed","ping_status":"closed","template":"","meta":{"_bbp_topic_count":0,"_bbp_reply_count":0,"_bbp_total_topic_count":0,"_bbp_total_reply_count":0,"_bbp_voice_count":0,"_bbp_anonymous_reply_count":0,"_bbp_topic_count_hidden":0,"_bbp_reply_count_hidden":0,"_bbp_forum_subforum_count":0,"_mi_skip_tracking":false,"_monsterinsights_sitenote_active":false,"_monsterinsights_sitenote_note":"","_monsterinsights_sitenote_category":0,"footnotes":""},"acf":[],"_links":{"self":[{"href":"https:\/\/3ciencias.com\/en\/wp-json\/wp\/v2\/pages\/8981"}],"collection":[{"href":"https:\/\/3ciencias.com\/en\/wp-json\/wp\/v2\/pages"}],"about":[{"href":"https:\/\/3ciencias.com\/en\/wp-json\/wp\/v2\/types\/page"}],"author":[{"embeddable":true,"href":"https:\/\/3ciencias.com\/en\/wp-json\/wp\/v2\/users\/2"}],"replies":[{"embeddable":true,"href":"https:\/\/3ciencias.com\/en\/wp-json\/wp\/v2\/comments?post=8981"}],"version-history":[{"count":0,"href":"https:\/\/3ciencias.com\/en\/wp-json\/wp\/v2\/pages\/8981\/revisions"}],"up":[{"embeddable":true,"href":"https:\/\/3ciencias.com\/en\/wp-json\/wp\/v2\/pages\/8971"}],"wp:attachment":[{"href":"https:\/\/3ciencias.com\/en\/wp-json\/wp\/v2\/media?parent=8981"}],"curies":[{"name":"wp","href":"https:\/\/api.w.org\/{rel}","templated":true}]}}