{"id":8971,"date":"2017-05-30T16:26:21","date_gmt":"2017-05-30T14:26:21","guid":{"rendered":"https:\/\/3ciencias.com\/?page_id=8971"},"modified":"2017-06-22T13:13:56","modified_gmt":"2017-06-22T11:13:56","slug":"presentation","status":"publish","type":"page","link":"https:\/\/3ciencias.com\/en\/presentation\/","title":{"rendered":"Presentation"},"content":{"rendered":"<p><span id=\"result_box\" class=\"\" lang=\"en\"><span title=\"3ciencias es una editorial de car\u00e1cter cient\u00edfico, detr\u00e1s de la cual hay un equipo humano, de esp\u00edritu joven e innovador, el cual est\u00e1 formado por expertos multidisciplinarios con una amplia experiencia empresarial y docente.\">3ciencias is a scientific publishing house, where there is a human team, with a young and innovative spirit, which is formed by multidisciplinary experts with a wide business and teaching experience. <\/span><span title=\"Sus dos principales vertientes son: las publicaciones peri\u00f3dicas y las publicaciones de monograf\u00edas. \">Its two main aspects are: publication of journals and books.<\/span><\/span><\/p>\n<p><span title=\"La calidad y la puntualidad son nuestros puntos fuertes.\">Quality and punctuality are our strengths. <\/span><span title=\"En todo momento, hemos tenido presentes los criterios de calidad a seguir, cuidando al detalle desde los contenidos hasta los procedimientos de evaluaci\u00f3n. \">At all times, we have taken into account the quality criteria to be followed, taking care of the detail from the contents to the evaluation procedures.<\/span><\/p>\n<p><span title=\"Nuestra misi\u00f3n: \"><strong>Our mission:<\/strong><br \/>\n<\/span><span title=\"3ciencias pretende transmitir a la sociedad las ideas y proyectos m\u00e1s innovadores, ingeniosos y reflexionados, plasmados en los art\u00edculos originales y en los libros publicados con la m\u00e1s alta calidad cient\u00edfica y t\u00e9cnica. \">3ciencias aims to transmit to the society the most innovative and ingenious ideas and projects, reflected in the original articles and books published with the highest scientific and technical quality.<\/span><\/p>\n<p><span title=\"Nuestra visi\u00f3n: \"><strong>Our vision:<\/strong><br \/>\n<\/span><span title=\"La visi\u00f3n de 3ciencias es convertirse en un referente de difusi\u00f3n a nivel nacional e internacional, logrando el reconocimiento de nuestros clientes y creando un espacio accesible tanto a lectores como a autores.\">The vision of 3ciencias is to become a reference of diffusion at national and international level, achieving the recognition of our clients and creating a space accessible to both readers and authors.<\/span><\/p>\n","protected":false},"excerpt":{"rendered":"<p>3ciencias is a scientific publishing house, where there is a human team, with a young and innovative spirit, which is formed by multidisciplinary experts with a wide business and teaching experience. Its two main aspects are: publication of journals and &hellip; <a href=\"https:\/\/3ciencias.com\/en\/presentation\/\">leer m\u00e1s <span class=\"meta-nav\">&rarr;<\/span><\/a><\/p>\n","protected":false},"author":2,"featured_media":12239,"parent":0,"menu_order":0,"comment_status":"open","ping_status":"closed","template":"","meta":{"_bbp_topic_count":0,"_bbp_reply_count":0,"_bbp_total_topic_count":0,"_bbp_total_reply_count":0,"_bbp_voice_count":0,"_bbp_anonymous_reply_count":0,"_bbp_topic_count_hidden":0,"_bbp_reply_count_hidden":0,"_bbp_forum_subforum_count":0,"_mi_skip_tracking":false,"_monsterinsights_sitenote_active":false,"_monsterinsights_sitenote_note":"","_monsterinsights_sitenote_category":0,"footnotes":""},"acf":[],"_links":{"self":[{"href":"https:\/\/3ciencias.com\/en\/wp-json\/wp\/v2\/pages\/8971"}],"collection":[{"href":"https:\/\/3ciencias.com\/en\/wp-json\/wp\/v2\/pages"}],"about":[{"href":"https:\/\/3ciencias.com\/en\/wp-json\/wp\/v2\/types\/page"}],"author":[{"embeddable":true,"href":"https:\/\/3ciencias.com\/en\/wp-json\/wp\/v2\/users\/2"}],"replies":[{"embeddable":true,"href":"https:\/\/3ciencias.com\/en\/wp-json\/wp\/v2\/comments?post=8971"}],"version-history":[{"count":0,"href":"https:\/\/3ciencias.com\/en\/wp-json\/wp\/v2\/pages\/8971\/revisions"}],"wp:featuredmedia":[{"embeddable":true,"href":"https:\/\/3ciencias.com\/en\/wp-json\/wp\/v2\/media\/12239"}],"wp:attachment":[{"href":"https:\/\/3ciencias.com\/en\/wp-json\/wp\/v2\/media?parent=8971"}],"curies":[{"name":"wp","href":"https:\/\/api.w.org\/{rel}","templated":true}]}}