{"id":20880,"date":"2020-02-18T09:50:56","date_gmt":"2020-02-18T08:50:56","guid":{"rendered":"https:\/\/3ciencias.com\/organizing-committee\/"},"modified":"2020-02-18T09:50:56","modified_gmt":"2020-02-18T08:50:56","slug":"organizing-committee","status":"publish","type":"page","link":"https:\/\/3ciencias.com\/en\/organizing-committee\/","title":{"rendered":"Organizing Committee"},"content":{"rendered":"<p><strong>Presidency<\/strong><\/p>\n<ul>\n<li>Maria J. Vilaplana Aparicio. Universidad de Alicante<\/li>\n<\/ul>\n<p><strong>Technical secretary<\/strong><\/p>\n<ul>\n<li>Maria Vela Garcia. 3Ciencias<\/li>\n<\/ul>\n<p><strong>Organization Components<\/strong><\/p>\n<ul>\n<li>Prof. Dr. Ana Isabel P\u00e9rez Molina. Universitat Polit\u00e8cnica de Val\u00e8ncia<\/li>\n<li>Prof. Dr. V\u00edctor Gisbert Soler. Universitat Polit\u00e8cnica de Val\u00e8ncia<\/li>\n<\/ul>\n","protected":false},"excerpt":{"rendered":"<p>Presidency Maria J. Vilaplana Aparicio. Universidad de Alicante Technical secretary Maria Vela Garcia. 3Ciencias Organization Components Prof. Dr. Ana Isabel P\u00e9rez Molina. Universitat Polit\u00e8cnica de Val\u00e8ncia Prof. Dr. V\u00edctor Gisbert Soler. Universitat Polit\u00e8cnica de Val\u00e8ncia<\/p>\n","protected":false},"author":2,"featured_media":0,"parent":0,"menu_order":0,"comment_status":"closed","ping_status":"closed","template":"tp-congreso.php","meta":{"_bbp_topic_count":0,"_bbp_reply_count":0,"_bbp_total_topic_count":0,"_bbp_total_reply_count":0,"_bbp_voice_count":0,"_bbp_anonymous_reply_count":0,"_bbp_topic_count_hidden":0,"_bbp_reply_count_hidden":0,"_bbp_forum_subforum_count":0,"_mi_skip_tracking":false,"_monsterinsights_sitenote_active":false,"_monsterinsights_sitenote_note":"","_monsterinsights_sitenote_category":0,"footnotes":""},"acf":[],"_links":{"self":[{"href":"https:\/\/3ciencias.com\/en\/wp-json\/wp\/v2\/pages\/20880"}],"collection":[{"href":"https:\/\/3ciencias.com\/en\/wp-json\/wp\/v2\/pages"}],"about":[{"href":"https:\/\/3ciencias.com\/en\/wp-json\/wp\/v2\/types\/page"}],"author":[{"embeddable":true,"href":"https:\/\/3ciencias.com\/en\/wp-json\/wp\/v2\/users\/2"}],"replies":[{"embeddable":true,"href":"https:\/\/3ciencias.com\/en\/wp-json\/wp\/v2\/comments?post=20880"}],"version-history":[{"count":0,"href":"https:\/\/3ciencias.com\/en\/wp-json\/wp\/v2\/pages\/20880\/revisions"}],"wp:attachment":[{"href":"https:\/\/3ciencias.com\/en\/wp-json\/wp\/v2\/media?parent=20880"}],"curies":[{"name":"wp","href":"https:\/\/api.w.org\/{rel}","templated":true}]}}