{"id":17074,"date":"2019-03-21T16:39:21","date_gmt":"2019-03-21T15:39:21","guid":{"rendered":"https:\/\/3ciencias.com\/?page_id=17074"},"modified":"2019-03-21T16:39:21","modified_gmt":"2019-03-21T15:39:21","slug":"comite-organizador","status":"publish","type":"page","link":"https:\/\/3ciencias.com\/en\/comite-organizador\/","title":{"rendered":"Comit\u00e9 Organizador"},"content":{"rendered":"<article id=\"post-15012\" class=\"post-15012 page type-page status-publish has-post-thumbnail hentry\">\n<div class=\"entry-content\">\n<p><em><strong>Presidencia<\/strong><\/em><\/p>\n<ul>\n<li>Maria J. Vilaplana Aparicio. Universidad de Alicante<\/li>\n<\/ul>\n<p><em><strong>Secretar\u00eda t\u00e9cnica<\/strong><\/em><\/p>\n<ul>\n<li>Maria Vela Garcia. 3Ciencias<\/li>\n<\/ul>\n<p><em><strong>Componentes de la organizaci\u00f3n<\/strong><\/em><\/p>\n<ul>\n<li><a href=\"https:\/\/3ciencias.com\/ana-isabel-perez-molina\/\" target=\"_blank\" rel=\"noopener\">Prof. Dra. Ana Isabel P\u00e9rez Molina<\/a>. Universitat Polit\u00e8cnica de Val\u00e8ncia<\/li>\n<li><a href=\"https:\/\/3ciencias.com\/victor-gisbert-soler\/\" target=\"_blank\" rel=\"noopener\">Prof. Dr. V\u00edctor Gisbert Soler<\/a>. Universitat Polit\u00e8cnica de Val\u00e8ncia<\/li>\n<li>Prof. Dr. Juan Jos\u00e9 Garc\u00eda Mart\u00ednez. Universidad de Murcia<\/li>\n<li>Prof. Dr. Juan Manuel Trujillo Torres. Universidad de Granada<\/li>\n<li>Prof. Dra. \u00darsula Faura Mart\u00ednez. Universidad de Murcia<\/li>\n<li>Prof. Dra. Inmaculada Bel Oms. Universitat Jaume I (Castell\u00f3n)<\/li>\n<\/ul>\n<\/div>\n<footer class=\"entry-meta\"><\/footer>\n<\/article>\n","protected":false},"excerpt":{"rendered":"<p>Presidencia Maria J. Vilaplana Aparicio. Universidad de Alicante Secretar\u00eda t\u00e9cnica Maria Vela Garcia. 3Ciencias Componentes de la organizaci\u00f3n Prof. Dra. Ana Isabel P\u00e9rez Molina. Universitat Polit\u00e8cnica de Val\u00e8ncia Prof. Dr. V\u00edctor Gisbert Soler. Universitat Polit\u00e8cnica de Val\u00e8ncia Prof. Dr. Juan &hellip; <a href=\"https:\/\/3ciencias.com\/en\/comite-organizador\/\">leer m\u00e1s <span class=\"meta-nav\">&rarr;<\/span><\/a><\/p>\n","protected":false},"author":2,"featured_media":0,"parent":0,"menu_order":0,"comment_status":"closed","ping_status":"closed","template":"tp-congreso.php","meta":{"_bbp_topic_count":0,"_bbp_reply_count":0,"_bbp_total_topic_count":0,"_bbp_total_reply_count":0,"_bbp_voice_count":0,"_bbp_anonymous_reply_count":0,"_bbp_topic_count_hidden":0,"_bbp_reply_count_hidden":0,"_bbp_forum_subforum_count":0,"_mi_skip_tracking":false,"_monsterinsights_sitenote_active":false,"_monsterinsights_sitenote_note":"","_monsterinsights_sitenote_category":0,"footnotes":""},"acf":[],"_links":{"self":[{"href":"https:\/\/3ciencias.com\/en\/wp-json\/wp\/v2\/pages\/17074"}],"collection":[{"href":"https:\/\/3ciencias.com\/en\/wp-json\/wp\/v2\/pages"}],"about":[{"href":"https:\/\/3ciencias.com\/en\/wp-json\/wp\/v2\/types\/page"}],"author":[{"embeddable":true,"href":"https:\/\/3ciencias.com\/en\/wp-json\/wp\/v2\/users\/2"}],"replies":[{"embeddable":true,"href":"https:\/\/3ciencias.com\/en\/wp-json\/wp\/v2\/comments?post=17074"}],"version-history":[{"count":0,"href":"https:\/\/3ciencias.com\/en\/wp-json\/wp\/v2\/pages\/17074\/revisions"}],"wp:attachment":[{"href":"https:\/\/3ciencias.com\/en\/wp-json\/wp\/v2\/media?parent=17074"}],"curies":[{"name":"wp","href":"https:\/\/api.w.org\/{rel}","templated":true}]}}