{"id":13835,"date":"2018-02-13T11:22:13","date_gmt":"2018-02-13T10:22:13","guid":{"rendered":"https:\/\/3ciencias.com\/congreso-tecnologia-e-ingenieria\/presentaciones\/mejora-robot-sumo-3kg-mediante-estrategias-manufactura-control\/"},"modified":"2018-02-13T11:28:33","modified_gmt":"2018-02-13T10:28:33","slug":"mejora-robot-sumo-3kg-mediante-estrategias-manufactura-control","status":"publish","type":"page","link":"https:\/\/3ciencias.com\/en\/conferences\/archived-congresses\/congreso-tecnologia-e-ingenieria\/presentaciones\/mejora-robot-sumo-3kg-mediante-estrategias-manufactura-control\/","title":{"rendered":"Mejora de robot sumo 3kg mediante estrategias de manufactura y control"},"content":{"rendered":"<p><iframe loading=\"lazy\" width=\"584\" height=\"438\" src=\"https:\/\/www.youtube.com\/embed\/zY-GxQ0qTaI?feature=oembed\" frameborder=\"0\" allow=\"autoplay; encrypted-media\" allowfullscreen><\/iframe><\/p>\n<p>Ponencia presentada por Juan C. Cuervo, Miyer J. Vald\u00e9s, Juan S. Botero y Juan G. Ardila al I Congreso Internacional Online sobre Tecnolog\u00eda e Ingenier\u00eda, Procesos y productos, organizado por la Editorial Cient\u00edfica 3Ciencias, bajo el t\u00edtulo \u201cMEJORA DE ROBOT SUMO 3KG MEDIANTE ESTRATEGIAS DE MANUFACTURA Y CONTROL\u201d.<\/p>\n","protected":false},"excerpt":{"rendered":"<p>Ponencia presentada por Juan C. Cuervo, Miyer J. Vald\u00e9s, Juan S. Botero y Juan G. Ardila al I Congreso Internacional Online sobre Tecnolog\u00eda e Ingenier\u00eda, Procesos y productos, organizado por la Editorial Cient\u00edfica 3Ciencias, bajo el t\u00edtulo \u201cMEJORA DE ROBOT &hellip; <a href=\"https:\/\/3ciencias.com\/en\/conferences\/archived-congresses\/congreso-tecnologia-e-ingenieria\/presentaciones\/mejora-robot-sumo-3kg-mediante-estrategias-manufactura-control\/\">leer m\u00e1s <span class=\"meta-nav\">&rarr;<\/span><\/a><\/p>\n","protected":false},"author":2,"featured_media":12834,"parent":13820,"menu_order":0,"comment_status":"open","ping_status":"closed","template":"tp-congreso.php","meta":{"_bbp_topic_count":0,"_bbp_reply_count":0,"_bbp_total_topic_count":0,"_bbp_total_reply_count":0,"_bbp_voice_count":0,"_bbp_anonymous_reply_count":0,"_bbp_topic_count_hidden":0,"_bbp_reply_count_hidden":0,"_bbp_forum_subforum_count":0,"_mi_skip_tracking":false,"_monsterinsights_sitenote_active":false,"_monsterinsights_sitenote_note":"","_monsterinsights_sitenote_category":0,"footnotes":""},"acf":[],"_links":{"self":[{"href":"https:\/\/3ciencias.com\/en\/wp-json\/wp\/v2\/pages\/13835"}],"collection":[{"href":"https:\/\/3ciencias.com\/en\/wp-json\/wp\/v2\/pages"}],"about":[{"href":"https:\/\/3ciencias.com\/en\/wp-json\/wp\/v2\/types\/page"}],"author":[{"embeddable":true,"href":"https:\/\/3ciencias.com\/en\/wp-json\/wp\/v2\/users\/2"}],"replies":[{"embeddable":true,"href":"https:\/\/3ciencias.com\/en\/wp-json\/wp\/v2\/comments?post=13835"}],"version-history":[{"count":0,"href":"https:\/\/3ciencias.com\/en\/wp-json\/wp\/v2\/pages\/13835\/revisions"}],"up":[{"embeddable":true,"href":"https:\/\/3ciencias.com\/en\/wp-json\/wp\/v2\/pages\/13820"}],"wp:featuredmedia":[{"embeddable":true,"href":"https:\/\/3ciencias.com\/en\/wp-json\/wp\/v2\/media\/12834"}],"wp:attachment":[{"href":"https:\/\/3ciencias.com\/en\/wp-json\/wp\/v2\/media?parent=13835"}],"curies":[{"name":"wp","href":"https:\/\/api.w.org\/{rel}","templated":true}]}}