{"id":13824,"date":"2018-02-13T10:58:25","date_gmt":"2018-02-13T09:58:25","guid":{"rendered":"https:\/\/3ciencias.com\/congreso-tecnologia-e-ingenieria\/presentaciones\/modelado-maquinas-herramienta\/"},"modified":"2018-02-13T11:05:25","modified_gmt":"2018-02-13T10:05:25","slug":"modelado-maquinas-herramienta","status":"publish","type":"page","link":"https:\/\/3ciencias.com\/en\/conferences\/archived-congresses\/congreso-tecnologia-e-ingenieria\/presentaciones\/modelado-maquinas-herramienta\/","title":{"rendered":"Modelado de m\u00e1quinas herramienta"},"content":{"rendered":"<p><iframe loading=\"lazy\" width=\"584\" height=\"329\" src=\"https:\/\/www.youtube.com\/embed\/StFbEnUBy30?feature=oembed\" frameborder=\"0\" allow=\"autoplay; encrypted-media\" allowfullscreen><\/iframe><\/p>\n<p>Ponencia presentada por Sergio Benavent, Pedro Rosado y Lorenzo Solano al I Congreso Internacional Online sobre Tecnolog\u00eda e Ingenier\u00eda, Procesos y productos, organizado por la Editorial Cient\u00edfica 3Ciencias, bajo el t\u00edtulo \u201cMODELADO DE M\u00c1QUINAS HERRAMIENTA: ESTADO ACTUAL Y PERSPECTIVAS\u201d.<\/p>\n","protected":false},"excerpt":{"rendered":"<p>Ponencia presentada por Sergio Benavent, Pedro Rosado y Lorenzo Solano al I Congreso Internacional Online sobre Tecnolog\u00eda e Ingenier\u00eda, Procesos y productos, organizado por la Editorial Cient\u00edfica 3Ciencias, bajo el t\u00edtulo \u201cMODELADO DE M\u00c1QUINAS HERRAMIENTA: ESTADO ACTUAL Y PERSPECTIVAS\u201d.<\/p>\n","protected":false},"author":2,"featured_media":12834,"parent":13820,"menu_order":0,"comment_status":"open","ping_status":"closed","template":"tp-congreso.php","meta":{"_bbp_topic_count":0,"_bbp_reply_count":0,"_bbp_total_topic_count":0,"_bbp_total_reply_count":0,"_bbp_voice_count":0,"_bbp_anonymous_reply_count":0,"_bbp_topic_count_hidden":0,"_bbp_reply_count_hidden":0,"_bbp_forum_subforum_count":0,"_mi_skip_tracking":false,"_monsterinsights_sitenote_active":false,"_monsterinsights_sitenote_note":"","_monsterinsights_sitenote_category":0,"footnotes":""},"acf":[],"_links":{"self":[{"href":"https:\/\/3ciencias.com\/en\/wp-json\/wp\/v2\/pages\/13824"}],"collection":[{"href":"https:\/\/3ciencias.com\/en\/wp-json\/wp\/v2\/pages"}],"about":[{"href":"https:\/\/3ciencias.com\/en\/wp-json\/wp\/v2\/types\/page"}],"author":[{"embeddable":true,"href":"https:\/\/3ciencias.com\/en\/wp-json\/wp\/v2\/users\/2"}],"replies":[{"embeddable":true,"href":"https:\/\/3ciencias.com\/en\/wp-json\/wp\/v2\/comments?post=13824"}],"version-history":[{"count":0,"href":"https:\/\/3ciencias.com\/en\/wp-json\/wp\/v2\/pages\/13824\/revisions"}],"up":[{"embeddable":true,"href":"https:\/\/3ciencias.com\/en\/wp-json\/wp\/v2\/pages\/13820"}],"wp:featuredmedia":[{"embeddable":true,"href":"https:\/\/3ciencias.com\/en\/wp-json\/wp\/v2\/media\/12834"}],"wp:attachment":[{"href":"https:\/\/3ciencias.com\/en\/wp-json\/wp\/v2\/media?parent=13824"}],"curies":[{"name":"wp","href":"https:\/\/api.w.org\/{rel}","templated":true}]}}