{"id":13820,"date":"2018-02-13T10:52:09","date_gmt":"2018-02-13T09:52:09","guid":{"rendered":"https:\/\/3ciencias.com\/congreso-tecnologia-e-ingenieria\/presentaciones\/"},"modified":"2018-02-13T12:02:04","modified_gmt":"2018-02-13T11:02:04","slug":"presentaciones","status":"publish","type":"page","link":"https:\/\/3ciencias.com\/en\/conferences\/archived-congresses\/congreso-tecnologia-e-ingenieria\/presentaciones\/","title":{"rendered":"Presentaciones"},"content":{"rendered":"<p>En el siguiente espacio se disponen las diferentes presentaciones que forman parte del <em>I Congreso Internacional Online sobre Tecnolog\u00eda e Ingenier\u00eda, Procesos y Productos.<\/em><\/p>\n<ul class=\"sub-menu\">\n<li id=\"menu-item-13839\" class=\"menu-item menu-item-type-post_type menu-item-object-page menu-item-13839\"><a href=\"https:\/\/3ciencias.com\/en\/congreso-tecnologia-e-ingenieria\/presentaciones\/congreso-tecnologia-e-ingenieria-presentaciones-analisis-comparativo-costo-operacional\/\">An\u00e1lisis comparativo del costo operacional del mecanizado de una pieza<\/a><\/li>\n<li id=\"menu-item-13838\" class=\"menu-item menu-item-type-post_type menu-item-object-page menu-item-13838\"><a href=\"https:\/\/3ciencias.com\/en\/congreso-tecnologia-e-ingenieria\/presentaciones\/mejora-robot-sumo-3kg-mediante-estrategias-manufactura-control\/\">Mejora de robot sumo 3kg mediante estrategias de manufactura y control<\/a><\/li>\n<li id=\"menu-item-13827\" class=\"menu-item menu-item-type-post_type menu-item-object-page menu-item-13827\"><a href=\"https:\/\/3ciencias.com\/en\/congreso-tecnologia-e-ingenieria\/presentaciones\/modelado-maquinas-herramienta\/\">Modelado de m\u00e1quinas herramienta<\/a><\/li>\n<\/ul>\n<p>&nbsp;<\/p>\n","protected":false},"excerpt":{"rendered":"<p>En el siguiente espacio se disponen las diferentes presentaciones que forman parte del I Congreso Internacional Online sobre Tecnolog\u00eda e Ingenier\u00eda, Procesos y Productos. An\u00e1lisis comparativo del costo operacional del mecanizado de una pieza Mejora de robot sumo 3kg mediante &hellip; <a href=\"https:\/\/3ciencias.com\/en\/conferences\/archived-congresses\/congreso-tecnologia-e-ingenieria\/presentaciones\/\">leer m\u00e1s <span class=\"meta-nav\">&rarr;<\/span><\/a><\/p>\n","protected":false},"author":2,"featured_media":12834,"parent":12374,"menu_order":0,"comment_status":"open","ping_status":"closed","template":"tp-congreso.php","meta":{"_bbp_topic_count":0,"_bbp_reply_count":0,"_bbp_total_topic_count":0,"_bbp_total_reply_count":0,"_bbp_voice_count":0,"_bbp_anonymous_reply_count":0,"_bbp_topic_count_hidden":0,"_bbp_reply_count_hidden":0,"_bbp_forum_subforum_count":0,"_mi_skip_tracking":false,"_monsterinsights_sitenote_active":false,"_monsterinsights_sitenote_note":"","_monsterinsights_sitenote_category":0,"footnotes":""},"acf":[],"_links":{"self":[{"href":"https:\/\/3ciencias.com\/en\/wp-json\/wp\/v2\/pages\/13820"}],"collection":[{"href":"https:\/\/3ciencias.com\/en\/wp-json\/wp\/v2\/pages"}],"about":[{"href":"https:\/\/3ciencias.com\/en\/wp-json\/wp\/v2\/types\/page"}],"author":[{"embeddable":true,"href":"https:\/\/3ciencias.com\/en\/wp-json\/wp\/v2\/users\/2"}],"replies":[{"embeddable":true,"href":"https:\/\/3ciencias.com\/en\/wp-json\/wp\/v2\/comments?post=13820"}],"version-history":[{"count":0,"href":"https:\/\/3ciencias.com\/en\/wp-json\/wp\/v2\/pages\/13820\/revisions"}],"up":[{"embeddable":true,"href":"https:\/\/3ciencias.com\/en\/wp-json\/wp\/v2\/pages\/12374"}],"wp:featuredmedia":[{"embeddable":true,"href":"https:\/\/3ciencias.com\/en\/wp-json\/wp\/v2\/media\/12834"}],"wp:attachment":[{"href":"https:\/\/3ciencias.com\/en\/wp-json\/wp\/v2\/media?parent=13820"}],"curies":[{"name":"wp","href":"https:\/\/api.w.org\/{rel}","templated":true}]}}