{"id":13810,"date":"2018-02-09T15:14:44","date_gmt":"2018-02-09T14:14:44","guid":{"rendered":"https:\/\/3ciencias.com\/congreso-tecnologia-e-ingenieria\/intervenciones-profesionales\/"},"modified":"2018-02-09T15:14:44","modified_gmt":"2018-02-09T14:14:44","slug":"intervenciones-profesionales","status":"publish","type":"page","link":"https:\/\/3ciencias.com\/en\/conferences\/archived-congresses\/congreso-tecnologia-e-ingenieria\/intervenciones-profesionales\/","title":{"rendered":"Intervenciones profesionales"},"content":{"rendered":"<ul>\n<li><a href=\"https:\/\/3ciencias.com\/congreso-tecnologia-e-ingenieria\/intervenciones-profesionales\/ingenieria-software-aplicada-una-solucion-tecnologica-orientada-hacia-turismo-sostenible-cartagena-indias\/\">Ingenier\u00eda de Software aplicada a una soluci\u00f3n tecnol\u00f3gica orientada hacia el turismo sostenible en Cartagena de Indias (Colombia)<\/a><\/li>\n<li><a href=\"https:\/\/3ciencias.com\/congreso-tecnologia-e-ingenieria\/intervenciones-profesionales\/estimacion-la-incertidumbre-prototipo-experimental-basado-hardware-libre\/\">Estimaci\u00f3n de la incertidumbre en un prototipo experimental basado en hardware libre, para la medici\u00f3n de variables f\u00edsicas que describen el movimiento de una part\u00edcula<\/a><\/li>\n<li><a href=\"https:\/\/3ciencias.com\/factores-competitividad-la-empresa-familiar-sector-vitinicola-espana\/\">Factores de competitividad de la empresa familiar en el sector vitin\u00edcola en Espa\u00f1a<\/a><\/li>\n<li><a href=\"https:\/\/3ciencias.com\/congreso-tecnologia-e-ingenieria\/intervenciones-profesionales\/una-aplicacion-del-marco-las-cinco-fuerzas-porter-al-grupo-bmw\/\">Una aplicaci\u00f3n del marco de las cinco fuerzas de Porter al grupo BMW<\/a><\/li>\n<li><a href=\"https:\/\/3ciencias.com\/congreso-tecnologia-e-ingenieria\/intervenciones-profesionales\/analisis-comparativo-del-costo-operacional-del-mecanizado-una-pieza-mediante-estrategias-3-ejes-3-2-ejes\/\">An\u00e1lisis comparativo del costo operacional del mecanizado de una pieza mediante estrategias 3 ejes contra 3 + 2 ejes<\/a><\/li>\n<li><a href=\"https:\/\/3ciencias.com\/congreso-tecnologia-e-ingenieria\/intervenciones-profesionales\/diagnostico-la-dimension-social-sostenibilidad-procesos-mecanizado-mediante-analisis-relacional-gris\/\">Diagn\u00f3stico de la dimensi\u00f3n social de sostenibilidad en procesos de mecanizado mediante el an\u00e1lisis relacional gris<\/a><\/li>\n<li><a href=\"https:\/\/3ciencias.com\/congreso-tecnologia-e-ingenieria\/intervenciones-profesionales\/mejora-robot-sumo-3kg-mediante-estrategias-manufactura-control\/\">Mejora de robot sumo 3kg mediante estrategias de manufactura y control<\/a><\/li>\n<li><a href=\"https:\/\/3ciencias.com\/congreso-tecnologia-e-ingenieria\/intervenciones-profesionales\/analisis-del-eje-instantaneo-rotacion-del-movimiento-flexo-extension-del-cuello-mediante-video-analisis\/\">An\u00e1lisis del eje instant\u00e1neo de rotaci\u00f3n del movimiento de flexo-extensi\u00f3n del cuello mediante video an\u00e1lisis: fiabilidad y an\u00e1lisis de errores<\/a><\/li>\n<li><a href=\"https:\/\/3ciencias.com\/congreso-tecnologia-e-ingenieria\/intervenciones-profesionales\/modelado-maquinas-herramienta-estado-actual-perspectivas\/\">Modelado de m\u00e1quinas herramienta: estado actual y perspectivas<\/a><\/li>\n<li><a href=\"https:\/\/3ciencias.com\/congreso-tecnologia-e-ingenieria-intervenciones-profesionales-sistema-rehabilitacion-codo-basado-una-ortesis-robotica-controlada-una-interfaz-grafica-desarrollada-python\/\">Sistema de rehabilitaci\u00f3n de codo basado en una \u00f3rtesis rob\u00f3tica controlada por una interfaz gr\u00e1fica desarrollada en python<\/a><\/li>\n<li><a href=\"https:\/\/3ciencias.com\/congreso-tecnologia-e-ingenieria\/intervenciones-profesionales\/evaluacion-ergonomica-prototipo-mejoras-molestias-generadas-nivel-osteomulcular-una-guanadora-la-agricultura\/\">Evaluaci\u00f3n ergon\u00f3mica y prototipo de mejoras en molestias generadas a nivel osteomulcular por una gua\u00f1adora en la agricultura<\/a><\/li>\n<li><a href=\"https:\/\/3ciencias.com\/congreso-tecnologia-e-ingenieria\/intervenciones-profesionales\/evaluacion-del-coeficiente-friccion-la-carga-gripado-pares-contacto-lubricacion-mixta-seca\/\">Evaluaci\u00f3n del coeficiente de fricci\u00f3n y la carga de gripado en pares de contacto para lubricaci\u00f3n mixta y seca<\/a><\/li>\n<li><a href=\"https:\/\/3ciencias.com\/congreso-tecnologia-e-ingenieria\/intervenciones-profesionales\/analisis-las-inclusiones-escoria-esis-e-isis-la-resistencia-mecanica-juntas-soldadas\/\">An\u00e1lisis de las inclusiones de escoria ESIS e ISIS en la resistencia mec\u00e1nica de juntas soldadas<\/a><\/li>\n<li><a href=\"https:\/\/3ciencias.com\/congreso-tecnologia-e-ingenieria\/intervenciones-profesionales\/elaboracion-una-cnc-3-ejes-ruteo-pistas-taladrado-circuitos-impresos-pcbs\/\">Elaboraci\u00f3n de una CNC de 3 ejes para el ruteo de pistas y taladrado de circuitos impresos (PCBs)<\/a><\/li>\n<li><a href=\"https:\/\/3ciencias.com\/congreso-tecnologia-e-ingenieria\/intervenciones-profesionales\/intervenciones-profesionales-efecto-la-aplicacion-del-algoritmo-colonia-hormigas-servicio-logistico\/\">Efecto de la aplicaci\u00f3n del algoritmo de colonia de hormigas en un servicio log\u00edstico<\/a><\/li>\n<li><a href=\"https:\/\/3ciencias.com\/congreso-tecnologia-e-ingenieria\/intervenciones-profesionales\/factores-influyen-uso-aplicaciones-moviles-instituciones-financieras-mediante-smartphone-comparacion-las-ciudades-arica-tacna\/\">Factores que influyen en el uso de aplicaciones m\u00f3viles de instituciones financieras mediante smartphone y su comparaci\u00f3n entre las ciudades de Arica (Chile) y Tacna (Per\u00fa)<\/a><\/li>\n<\/ul>\n","protected":false},"excerpt":{"rendered":"<p>Ingenier\u00eda de Software aplicada a una soluci\u00f3n tecnol\u00f3gica orientada hacia el turismo sostenible en Cartagena de Indias (Colombia) Estimaci\u00f3n de la incertidumbre en un prototipo experimental basado en hardware libre, para la medici\u00f3n de variables f\u00edsicas que describen el movimiento &hellip; <a href=\"https:\/\/3ciencias.com\/en\/conferences\/archived-congresses\/congreso-tecnologia-e-ingenieria\/intervenciones-profesionales\/\">leer m\u00e1s <span class=\"meta-nav\">&rarr;<\/span><\/a><\/p>\n","protected":false},"author":2,"featured_media":12834,"parent":12374,"menu_order":0,"comment_status":"closed","ping_status":"closed","template":"tp-congreso.php","meta":{"_bbp_topic_count":0,"_bbp_reply_count":0,"_bbp_total_topic_count":0,"_bbp_total_reply_count":0,"_bbp_voice_count":0,"_bbp_anonymous_reply_count":0,"_bbp_topic_count_hidden":0,"_bbp_reply_count_hidden":0,"_bbp_forum_subforum_count":0,"_mi_skip_tracking":false,"_monsterinsights_sitenote_active":false,"_monsterinsights_sitenote_note":"","_monsterinsights_sitenote_category":0,"footnotes":""},"acf":[],"_links":{"self":[{"href":"https:\/\/3ciencias.com\/en\/wp-json\/wp\/v2\/pages\/13810"}],"collection":[{"href":"https:\/\/3ciencias.com\/en\/wp-json\/wp\/v2\/pages"}],"about":[{"href":"https:\/\/3ciencias.com\/en\/wp-json\/wp\/v2\/types\/page"}],"author":[{"embeddable":true,"href":"https:\/\/3ciencias.com\/en\/wp-json\/wp\/v2\/users\/2"}],"replies":[{"embeddable":true,"href":"https:\/\/3ciencias.com\/en\/wp-json\/wp\/v2\/comments?post=13810"}],"version-history":[{"count":0,"href":"https:\/\/3ciencias.com\/en\/wp-json\/wp\/v2\/pages\/13810\/revisions"}],"up":[{"embeddable":true,"href":"https:\/\/3ciencias.com\/en\/wp-json\/wp\/v2\/pages\/12374"}],"wp:featuredmedia":[{"embeddable":true,"href":"https:\/\/3ciencias.com\/en\/wp-json\/wp\/v2\/media\/12834"}],"wp:attachment":[{"href":"https:\/\/3ciencias.com\/en\/wp-json\/wp\/v2\/media?parent=13810"}],"curies":[{"name":"wp","href":"https:\/\/api.w.org\/{rel}","templated":true}]}}