{"id":13785,"date":"2018-02-12T11:12:09","date_gmt":"2018-02-12T10:12:09","guid":{"rendered":"https:\/\/3ciencias.com\/intervenciones-profesionales-efecto-la-aplicacion-del-algoritmo-colonia-hormigas-servicio-logistico\/"},"modified":"2018-02-12T11:12:09","modified_gmt":"2018-02-12T10:12:09","slug":"intervenciones-profesionales-efecto-la-aplicacion-del-algoritmo-colonia-hormigas-servicio-logistico","status":"publish","type":"page","link":"https:\/\/3ciencias.com\/en\/conferences\/archived-congresses\/congreso-tecnologia-e-ingenieria\/intervenciones-profesionales\/intervenciones-profesionales-efecto-la-aplicacion-del-algoritmo-colonia-hormigas-servicio-logistico\/","title":{"rendered":"Efecto de la aplicaci\u00f3n del algoritmo de colonia de hormigas en un servicio log\u00edstico"},"content":{"rendered":"<p><strong>EFECTO DE LA APLICACI\u00d3N DEL ALGORITMO DE COLONIA DE HORMIGAS EN UN SERVICIO LOG\u00cdSTICO<\/strong><\/p>\n<ul>\n<li><a href=\"https:\/\/3ciencias.com\/wp-content\/uploads\/2018\/02\/17.pdf\" target=\"_blank\" rel=\"noopener\">P\u00f3ster<\/a><\/li>\n<li><a href=\"https:\/\/3ciencias.com\/wp-content\/uploads\/2018\/02\/17_.pdf\" target=\"_blank\" rel=\"noopener\">Resumen<\/a><\/li>\n<\/ul>\n<p>Con el desarrollo tecnol\u00f3gico que se evidencia en la actualidad, el uso de algoritmos enfocados a la resoluci\u00f3n de problemas de la vida real se da con mayor frecuencia. La presente investigaci\u00f3n tuvo como objetivo determinar una ruta eficiente para la distribuci\u00f3n de productos en la ciudad de Riobamba en el Ecuador, utilizando un veh\u00edculo repartidor mediante la aplicaci\u00f3n de un algoritmo de optimizaci\u00f3n denominado colonia de hormigas y considerando variables como la distancia, costo y visibilidad. La recopilaci\u00f3n de los datos se ejecut\u00f3 a trav\u00e9s del levantamiento en campo de todas las rutas de la empresa panificadora, a continuaci\u00f3n, se desarroll\u00f3 el algoritmo inform\u00e1tico utilizando el lenguaje de programaci\u00f3n C# en Visual Basic. El programa gener\u00f3 una ruta con menores distancias de recorrido. Una vez determinada la soluci\u00f3n de enrutamiento se evaluaron los tiempos de respuesta de programa considerando el n\u00famero de iteraciones ejecutadas. Como conclusi\u00f3n se observa que existen algunos problemas en los tiempos de procesamiento, evidenci\u00e1ndose que el algoritmo optimizaci\u00f3n de colonias de hormigas presenta soluciones cercanas a la \u00f3ptima en tiempos extensos de respuesta.<\/p>\n<p>&nbsp;<\/p>\n<p style=\"text-align: right;\"><em>Gloria Elizabeth Mi\u00f1o Cascante<sup>1<\/sup><\/em><\/p>\n<p style=\"text-align: right;\"><em>\u00c1ngel Geovanny Guam\u00e1n Lozano<sup>2<\/sup><\/em><\/p>\n<p style=\"text-align: right;\"><em>Juan Carlos Cay\u00e1n Mart\u00ednez<sup>3<\/sup><\/em><\/p>\n<p style=\"text-align: right;\"><em>Alcides Napole\u00f3n Garc\u00eda Flores<sup>4<\/sup><\/em><\/p>\n<p style=\"text-align: right;\"><em>Julio Cesar Moyano Alulema<sup>5<\/sup><\/em><\/p>\n<p>&nbsp;<\/p>\n<ol>\n<li>Profesora investigadora. Vicerrectora Acad\u00e9mica. Escuela Superior Polit\u00e9cnica de Chimborazo. Riobamba (Ecuador). E-mail: <a href=\"mailto:vracademico@espoch.edu.ec\">vracademico@espoch.edu.ec<\/a><\/li>\n<li>Profesor investigador. Facultad de Mec\u00e1nica. Escuela Superior Polit\u00e9cnica de Chimborazo. Riobamba (Ecuador). E-mail: <a href=\"mailto:a_guaman@espoch.edu.ec\">a_guaman@espoch.edu.ec<\/a><\/li>\n<li>Profesor investigador. Facultad de Mec\u00e1nica. Escuela Superior Polit\u00e9cnica de Chimborazo. Riobamba (Ecuador). E-mail: <a href=\"mailto:egarcia@espoch.edu.ec\">egarcia@espoch.edu.ec<\/a><\/li>\n<li>Profesor investigador. Facultad de Mec\u00e1nica. Escuela Superior Polit\u00e9cnica de Chimborazo. Riobamba (Ecuador). E-mail: <a href=\"mailto:an_garcia@espoch.edu.ec\">an_garcia@espoch.edu.ec<\/a><\/li>\n<li>Profesor investigador. Facultad de Mec\u00e1nica. Escuela Superior Polit\u00e9cnica de Chimborazo. Riobamba (Ecuador). E-mail: <a href=\"mailto:j_moyano@espoch.edu.ec\">j_moyano@espoch.edu.ec<\/a><\/li>\n<\/ol>\n","protected":false},"excerpt":{"rendered":"<p>EFECTO DE LA APLICACI\u00d3N DEL ALGORITMO DE COLONIA DE HORMIGAS EN UN SERVICIO LOG\u00cdSTICO P\u00f3ster Resumen Con el desarrollo tecnol\u00f3gico que se evidencia en la actualidad, el uso de algoritmos enfocados a la resoluci\u00f3n de problemas de la vida real &hellip; <a href=\"https:\/\/3ciencias.com\/en\/conferences\/archived-congresses\/congreso-tecnologia-e-ingenieria\/intervenciones-profesionales\/intervenciones-profesionales-efecto-la-aplicacion-del-algoritmo-colonia-hormigas-servicio-logistico\/\">leer m\u00e1s <span class=\"meta-nav\">&rarr;<\/span><\/a><\/p>\n","protected":false},"author":2,"featured_media":12834,"parent":13810,"menu_order":0,"comment_status":"closed","ping_status":"closed","template":"tp-congreso.php","meta":{"_bbp_topic_count":0,"_bbp_reply_count":0,"_bbp_total_topic_count":0,"_bbp_total_reply_count":0,"_bbp_voice_count":0,"_bbp_anonymous_reply_count":0,"_bbp_topic_count_hidden":0,"_bbp_reply_count_hidden":0,"_bbp_forum_subforum_count":0,"_mi_skip_tracking":false,"_monsterinsights_sitenote_active":false,"_monsterinsights_sitenote_note":"","_monsterinsights_sitenote_category":0,"footnotes":""},"acf":[],"_links":{"self":[{"href":"https:\/\/3ciencias.com\/en\/wp-json\/wp\/v2\/pages\/13785"}],"collection":[{"href":"https:\/\/3ciencias.com\/en\/wp-json\/wp\/v2\/pages"}],"about":[{"href":"https:\/\/3ciencias.com\/en\/wp-json\/wp\/v2\/types\/page"}],"author":[{"embeddable":true,"href":"https:\/\/3ciencias.com\/en\/wp-json\/wp\/v2\/users\/2"}],"replies":[{"embeddable":true,"href":"https:\/\/3ciencias.com\/en\/wp-json\/wp\/v2\/comments?post=13785"}],"version-history":[{"count":0,"href":"https:\/\/3ciencias.com\/en\/wp-json\/wp\/v2\/pages\/13785\/revisions"}],"up":[{"embeddable":true,"href":"https:\/\/3ciencias.com\/en\/wp-json\/wp\/v2\/pages\/13810"}],"wp:featuredmedia":[{"embeddable":true,"href":"https:\/\/3ciencias.com\/en\/wp-json\/wp\/v2\/media\/12834"}],"wp:attachment":[{"href":"https:\/\/3ciencias.com\/en\/wp-json\/wp\/v2\/media?parent=13785"}],"curies":[{"name":"wp","href":"https:\/\/api.w.org\/{rel}","templated":true}]}}