{"id":13778,"date":"2018-02-12T11:05:20","date_gmt":"2018-02-12T10:05:20","guid":{"rendered":"https:\/\/3ciencias.com\/elaboracion-una-cnc-3-ejes-ruteo-pistas-taladrado-circuitos-impresos-pcbs\/"},"modified":"2018-02-12T11:05:20","modified_gmt":"2018-02-12T10:05:20","slug":"elaboracion-una-cnc-3-ejes-ruteo-pistas-taladrado-circuitos-impresos-pcbs","status":"publish","type":"page","link":"https:\/\/3ciencias.com\/en\/conferences\/archived-congresses\/congreso-tecnologia-e-ingenieria\/intervenciones-profesionales\/elaboracion-una-cnc-3-ejes-ruteo-pistas-taladrado-circuitos-impresos-pcbs\/","title":{"rendered":"Elaboraci\u00f3n de una CNC de 3 ejes para el ruteo de pistas y taladrado de circuitos impresos (PCBs)"},"content":{"rendered":"<p><strong>ELABORACI\u00d3N DE UNA CNC DE 3 EJES PARA EL RUTEO DE PISTAS Y TALADRADO DE CIRCUITOS IMPRESOS (PCBs)<\/strong><\/p>\n<ul>\n<li><a href=\"https:\/\/3ciencias.com\/wp-content\/uploads\/2018\/02\/16.pdf\" target=\"_blank\" rel=\"noopener\">P\u00f3ster<\/a><\/li>\n<li><a href=\"https:\/\/3ciencias.com\/wp-content\/uploads\/2018\/02\/16_.pdf\" target=\"_blank\" rel=\"noopener\">Resumen<\/a><\/li>\n<\/ul>\n<p>Esta investigaci\u00f3n se centra en la elaboraci\u00f3n de un prototipo de control num\u00e9rico computarizado (CNC), teniendo en cuenta los par\u00e1metros de dise\u00f1o, control e interfaz mejorando la diagramaci\u00f3n y elaboraci\u00f3n de placas electr\u00f3nicas PCBs, con un software libre EMC2, mejorando notablemente a los m\u00e9todos tradicionales o artesanales mejorando la calidad, bajando los costos de producci\u00f3n e incrementando la repetitividad de las mismas placas o construcci\u00f3n en serie. El dise\u00f1o se realiza en el software Solidworks Educacional con una comprobaci\u00f3n de cada elemento en Ansys aplicando los esfuerzos en la traslaci\u00f3n longitudinal o eje Y con carga normal de esta manera realizar los an\u00e1lisis est\u00e1ticos y comportamiento de los elementos seg\u00fan el material que se vaya a fabricar teniendo las dimensiones principales de largo: 520 mm, Ancho: 160 mm y Espesor: 15mm. con un \u00e1rea de trabajo de 320 mm de ancho. El prototipo cuenta con un sistema mec\u00e1nico, sistema de control con una tarjeta controladora JP-382 y sistema de programaci\u00f3n con la visualizaci\u00f3n de las trayectorias y la ubicaci\u00f3n de la punta de la herramienta mediante la generaci\u00f3n de los c\u00f3digos G, disminuyendo la fabricaci\u00f3n de estas tarjetas en un 60% de la construcci\u00f3n de una placa de forma manual.<\/p>\n<p>&nbsp;<\/p>\n<p style=\"text-align: right;\"><em>Jhonny Marcelo Orozco Ramos<sup>1<\/sup><\/em><\/p>\n<p style=\"text-align: right;\"><em>Eduardo Francisco Garc\u00eda Cabezas<sup>2<\/sup><\/em><\/p>\n<p style=\"text-align: right;\"><em>Carlos Jos\u00e9 Santill\u00e1n Mari\u00f1o<sup>3<\/sup><\/em><\/p>\n<p style=\"text-align: right;\"><em>Carlos Oswaldo Serrano Aguiar<sup>4<\/sup><\/em><\/p>\n<p style=\"text-align: right;\"><em>Juan Carlos Cay\u00e1n Martinez<sup>5<\/sup><\/em><\/p>\n<p>&nbsp;<\/p>\n<ol>\n<li>Escuela Superior Polit\u00e9cnica de Chimborazo. Facultad de Mec\u00e1nica. Escuela de Ingenier\u00eda Industrial, Grupo de Nuevas tecnolog\u00edas. Riobamba (Ecuador). E-mail: <a href=\"mailto:ingjmorozco@gmail.com\">ingjmorozco@gmail.com<\/a><\/li>\n<li>Escuela Superior Polit\u00e9cnica de Chimborazo. Facultad de Mec\u00e1nica. Escuela de Ingenier\u00eda Industrial, Grupo de Nuevas tecnolog\u00edas. Riobamba (Ecuador). E-mail: <a href=\"mailto:edugarciac_87@hotmail.com\">edugarciac_87@hotmail.com<\/a><\/li>\n<li>Escuela Superior Polit\u00e9cnica de Chimborazo. Facultad de Mec\u00e1nica. Escuela de Ingenier\u00eda Industrial, Grupo de Nuevas tecnolog\u00edas. Riobamba (Ecuador). E-mail: <a href=\"mailto:csantillan_m@espoch.edu.ec\">csantillan_m@espoch.edu.ec<\/a><\/li>\n<li>Escuela Superior Polit\u00e9cnica de Chimborazo. Facultad de Mec\u00e1nica. Escuela de Ingenier\u00eda Industrial, Grupo de Nuevas tecnolog\u00edas. Riobamba (Ecuador). E-mail: <a href=\"mailto:carlos.serrano@espoch.edu.ec\">serrano@espoch.edu.ec<\/a><\/li>\n<li>Escuela Superior Polit\u00e9cnica de Chimborazo. Facultad de Mec\u00e1nica. Escuela de Ingenier\u00eda Industrial, Grupo de Nuevas tecnolog\u00edas. Riobamba (Ecuador). E-mail: <a href=\"mailto:jcayanmartinez@yahoo.es\">jcayanmartinez@yahoo.es<\/a><\/li>\n<\/ol>\n","protected":false},"excerpt":{"rendered":"<p>ELABORACI\u00d3N DE UNA CNC DE 3 EJES PARA EL RUTEO DE PISTAS Y TALADRADO DE CIRCUITOS IMPRESOS (PCBs) P\u00f3ster Resumen Esta investigaci\u00f3n se centra en la elaboraci\u00f3n de un prototipo de control num\u00e9rico computarizado (CNC), teniendo en cuenta los par\u00e1metros &hellip; <a href=\"https:\/\/3ciencias.com\/en\/conferences\/archived-congresses\/congreso-tecnologia-e-ingenieria\/intervenciones-profesionales\/elaboracion-una-cnc-3-ejes-ruteo-pistas-taladrado-circuitos-impresos-pcbs\/\">leer m\u00e1s <span class=\"meta-nav\">&rarr;<\/span><\/a><\/p>\n","protected":false},"author":2,"featured_media":12834,"parent":13810,"menu_order":0,"comment_status":"closed","ping_status":"closed","template":"tp-congreso.php","meta":{"_bbp_topic_count":0,"_bbp_reply_count":0,"_bbp_total_topic_count":0,"_bbp_total_reply_count":0,"_bbp_voice_count":0,"_bbp_anonymous_reply_count":0,"_bbp_topic_count_hidden":0,"_bbp_reply_count_hidden":0,"_bbp_forum_subforum_count":0,"_mi_skip_tracking":false,"_monsterinsights_sitenote_active":false,"_monsterinsights_sitenote_note":"","_monsterinsights_sitenote_category":0,"footnotes":""},"acf":[],"_links":{"self":[{"href":"https:\/\/3ciencias.com\/en\/wp-json\/wp\/v2\/pages\/13778"}],"collection":[{"href":"https:\/\/3ciencias.com\/en\/wp-json\/wp\/v2\/pages"}],"about":[{"href":"https:\/\/3ciencias.com\/en\/wp-json\/wp\/v2\/types\/page"}],"author":[{"embeddable":true,"href":"https:\/\/3ciencias.com\/en\/wp-json\/wp\/v2\/users\/2"}],"replies":[{"embeddable":true,"href":"https:\/\/3ciencias.com\/en\/wp-json\/wp\/v2\/comments?post=13778"}],"version-history":[{"count":0,"href":"https:\/\/3ciencias.com\/en\/wp-json\/wp\/v2\/pages\/13778\/revisions"}],"up":[{"embeddable":true,"href":"https:\/\/3ciencias.com\/en\/wp-json\/wp\/v2\/pages\/13810"}],"wp:featuredmedia":[{"embeddable":true,"href":"https:\/\/3ciencias.com\/en\/wp-json\/wp\/v2\/media\/12834"}],"wp:attachment":[{"href":"https:\/\/3ciencias.com\/en\/wp-json\/wp\/v2\/media?parent=13778"}],"curies":[{"name":"wp","href":"https:\/\/api.w.org\/{rel}","templated":true}]}}