{"id":13768,"date":"2018-02-12T10:53:32","date_gmt":"2018-02-12T09:53:32","guid":{"rendered":"https:\/\/3ciencias.com\/evaluacion-del-coeficiente-friccion-la-carga-gripado-pares-contacto-lubricacion-mixta-seca\/"},"modified":"2018-02-12T10:55:39","modified_gmt":"2018-02-12T09:55:39","slug":"evaluacion-del-coeficiente-friccion-la-carga-gripado-pares-contacto-lubricacion-mixta-seca","status":"publish","type":"page","link":"https:\/\/3ciencias.com\/en\/conferences\/archived-congresses\/congreso-tecnologia-e-ingenieria\/intervenciones-profesionales\/evaluacion-del-coeficiente-friccion-la-carga-gripado-pares-contacto-lubricacion-mixta-seca\/","title":{"rendered":"Evaluaci\u00f3n del coeficiente de fricci\u00f3n y la carga de gripado en pares de contacto para lubricaci\u00f3n mixta y seca"},"content":{"rendered":"<p><strong>EVALUACI\u00d3N DEL COEFICIENTE DE FRICCI\u00d3N Y LA CARGA DE GRIPADO EN PARES DE CONTACTO PARA LUBRICACI\u00d3N MIXTA Y SECA<\/strong><\/p>\n<ul>\n<li><a href=\"https:\/\/3ciencias.com\/wp-content\/uploads\/2018\/02\/14.pdf\" target=\"_blank\" rel=\"noopener\">P\u00f3ster<\/a><\/li>\n<li><a href=\"https:\/\/3ciencias.com\/wp-content\/uploads\/2018\/02\/14_.pdf\" target=\"_blank\" rel=\"noopener\">Resumen<\/a><\/li>\n<\/ul>\n<p>En la teor\u00eda de lubricaci\u00f3n se determinan un conjunto de ecuaciones emp\u00edricas para la determinaci\u00f3n del coeficiente de fricci\u00f3n a diferentes reg\u00edmenes de lubricaci\u00f3n, sin embargo, no se cuenta con ecuaciones para determinar dicho coeficiente a condiciones l\u00edmites de funcionamiento de un par de contacto; es por tanto, objetivo de esta investigaci\u00f3n experimental elaborar las pruebas que permitan determinar como la temperatura, la distribuci\u00f3n de presiones, la velocidad de rodadura y de deslizamiento, que aseguren un r\u00e9gimen de lubricaci\u00f3n no fluido (mixto, l\u00edmite), adem\u00e1s de la dureza y acabado superficial; influyen en el valor del coeficiente de fricci\u00f3n as\u00ed como en el r\u00e9gimen de lubricaci\u00f3n, resultados presentados mediante la ecuaci\u00f3n de Dowson \u2013 Higginson para contacto lineal se determina el espesor de pel\u00edcula lubricante y considerando los valores de radio de asperezas de las probetas se establece que el conjunto de pruebas se realiz\u00f3 en un r\u00e9gimen Mixto \u2013 EHD en las probetas de dureza baja y en las probetas de mayor dureza en un r\u00e9gimen Mixto.<\/p>\n<p>&nbsp;<\/p>\n<p style=\"text-align: right;\"><em>Carlos Jos\u00e9 Santill\u00e1n Mari\u00f1o<sup>1<\/sup><\/em><\/p>\n<p style=\"text-align: right;\"><em>Jhonny Marcelo Orozco Ramos<sup>2<\/sup><\/em><\/p>\n<p style=\"text-align: right;\"><em>Roberto Santill\u00e1n Mari\u00f1o<sup>3<\/sup><\/em><\/p>\n<p style=\"text-align: right;\"><em>Eduardo Francisco Garc\u00eda Cabezas<sup>4<\/sup><\/em><\/p>\n<p style=\"text-align: right;\"><em>Carlos Oswaldo Serrano Aguiar<sup>4<\/sup><\/em><\/p>\n<p>&nbsp;<\/p>\n<ol>\n<li>Escuela Superior Polit\u00e9cnica de Chimborazo. Facultad de Mec\u00e1nica. Escuela de Ingenier\u00eda Industrial, Grupo de Nuevas tecnolog\u00edas. Riobamba (Ecuador). E-mail: <a href=\"mailto:csantillan_m@espoch.edu.ec\">csantillan_m@espoch.edu.ec<\/a><\/li>\n<li>Escuela Superior Polit\u00e9cnica de Chimborazo. Facultad de Mec\u00e1nica. Escuela de Ingenier\u00eda Industrial, Grupo de Nuevas tecnolog\u00edas. Riobamba (Ecuador). E-mail: <a href=\"mailto:ingjmorozco@gmail.com\">ingjmorozco@gmail.com<\/a><\/li>\n<li>Escuela Superior Polit\u00e9cnica de Chimborazo. Facultad de Mec\u00e1nica. Escuela de Ingenier\u00eda Industrial, Grupo de Nuevas tecnolog\u00edas. Riobamba (Ecuador). E-mail: <a href=\"mailto:rsantillan@gmail.com\">rsantillan@gmail.com<\/a><\/li>\n<li>Escuela Superior Polit\u00e9cnica de Chimborazo. Facultad de Mec\u00e1nica. Escuela de Ingenier\u00eda Industrial, Grupo de Nuevas tecnolog\u00edas. Riobamba (Ecuador). E-mail: <a href=\"mailto:edugarciac_87@hotmail.com\">edugarciac_87@hotmail.com<\/a><\/li>\n<li>Escuela Superior Polit\u00e9cnica de Chimborazo. Facultad de Mec\u00e1nica. Escuela de Ingenier\u00eda Industrial, Grupo de Nuevas tecnolog\u00edas. Riobamba (Ecuador). E-mail: <a href=\"mailto:carlos.serrano@espoch.edu.ec\">serrano@espoch.edu.ec<\/a><\/li>\n<\/ol>\n","protected":false},"excerpt":{"rendered":"<p>EVALUACI\u00d3N DEL COEFICIENTE DE FRICCI\u00d3N Y LA CARGA DE GRIPADO EN PARES DE CONTACTO PARA LUBRICACI\u00d3N MIXTA Y SECA P\u00f3ster Resumen En la teor\u00eda de lubricaci\u00f3n se determinan un conjunto de ecuaciones emp\u00edricas para la determinaci\u00f3n del coeficiente de fricci\u00f3n &hellip; <a href=\"https:\/\/3ciencias.com\/en\/conferences\/archived-congresses\/congreso-tecnologia-e-ingenieria\/intervenciones-profesionales\/evaluacion-del-coeficiente-friccion-la-carga-gripado-pares-contacto-lubricacion-mixta-seca\/\">leer m\u00e1s <span class=\"meta-nav\">&rarr;<\/span><\/a><\/p>\n","protected":false},"author":2,"featured_media":12834,"parent":13810,"menu_order":0,"comment_status":"closed","ping_status":"closed","template":"tp-congreso.php","meta":{"_bbp_topic_count":0,"_bbp_reply_count":0,"_bbp_total_topic_count":0,"_bbp_total_reply_count":0,"_bbp_voice_count":0,"_bbp_anonymous_reply_count":0,"_bbp_topic_count_hidden":0,"_bbp_reply_count_hidden":0,"_bbp_forum_subforum_count":0,"_mi_skip_tracking":false,"_monsterinsights_sitenote_active":false,"_monsterinsights_sitenote_note":"","_monsterinsights_sitenote_category":0,"footnotes":""},"acf":[],"_links":{"self":[{"href":"https:\/\/3ciencias.com\/en\/wp-json\/wp\/v2\/pages\/13768"}],"collection":[{"href":"https:\/\/3ciencias.com\/en\/wp-json\/wp\/v2\/pages"}],"about":[{"href":"https:\/\/3ciencias.com\/en\/wp-json\/wp\/v2\/types\/page"}],"author":[{"embeddable":true,"href":"https:\/\/3ciencias.com\/en\/wp-json\/wp\/v2\/users\/2"}],"replies":[{"embeddable":true,"href":"https:\/\/3ciencias.com\/en\/wp-json\/wp\/v2\/comments?post=13768"}],"version-history":[{"count":0,"href":"https:\/\/3ciencias.com\/en\/wp-json\/wp\/v2\/pages\/13768\/revisions"}],"up":[{"embeddable":true,"href":"https:\/\/3ciencias.com\/en\/wp-json\/wp\/v2\/pages\/13810"}],"wp:featuredmedia":[{"embeddable":true,"href":"https:\/\/3ciencias.com\/en\/wp-json\/wp\/v2\/media\/12834"}],"wp:attachment":[{"href":"https:\/\/3ciencias.com\/en\/wp-json\/wp\/v2\/media?parent=13768"}],"curies":[{"name":"wp","href":"https:\/\/api.w.org\/{rel}","templated":true}]}}