{"id":13757,"date":"2018-02-12T10:48:24","date_gmt":"2018-02-12T09:48:24","guid":{"rendered":"https:\/\/3ciencias.com\/evaluacion-ergonomica-prototipo-mejoras-molestias-generadas-nivel-osteomulcular-una-guanadora-la-agricultura\/"},"modified":"2018-02-12T10:48:24","modified_gmt":"2018-02-12T09:48:24","slug":"evaluacion-ergonomica-prototipo-mejoras-molestias-generadas-nivel-osteomulcular-una-guanadora-la-agricultura","status":"publish","type":"page","link":"https:\/\/3ciencias.com\/en\/conferences\/archived-congresses\/congreso-tecnologia-e-ingenieria\/intervenciones-profesionales\/evaluacion-ergonomica-prototipo-mejoras-molestias-generadas-nivel-osteomulcular-una-guanadora-la-agricultura\/","title":{"rendered":"Evaluaci\u00f3n ergon\u00f3mica y prototipo de mejoras en molestias generadas a nivel osteomulcular por una gua\u00f1adora en la agricultura"},"content":{"rendered":"<p><strong>EVALUACI\u00d3N ERGON\u00d3MICA Y PROTOTIPO DE MEJORAS EN MOLESTIAS GENERADAS A NIVEL OSTEOMUSCULAR POR UNA GUA\u00d1ADORA EN LA AGRICULTURA<\/strong><\/p>\n<ul>\n<li><a href=\"https:\/\/3ciencias.com\/wp-content\/uploads\/2018\/02\/13.pdf\" target=\"_blank\" rel=\"noopener\">P\u00f3ster<\/a><\/li>\n<li><a href=\"https:\/\/3ciencias.com\/wp-content\/uploads\/2018\/02\/13_.pdf\" target=\"_blank\" rel=\"noopener\">Resumen<\/a><\/li>\n<\/ul>\n<p>La investigaci\u00f3n se centra en la evaluaci\u00f3n ergon\u00f3mica y an\u00e1lisis de cargas en el arn\u00e9s de sujeci\u00f3n para guada\u00f1a (podadora) en el uso prolongado durante la jornada laboral incrementando en un 27% despu\u00e9s de la segunda hora de exposici\u00f3n, el dise\u00f1o y distribuci\u00f3n de cargas en las correas de sujeci\u00f3n sobre el operario presenta molestias a nivel lumbar y de hombros, la evaluaci\u00f3n ergon\u00f3mica de la influencia de las cargas determina las consecuencias sobre movimientos repetitivos en esta m\u00e1quina-herramienta. De esta manera, se realiza una propuesta de sujeci\u00f3n y soporte de la guada\u00f1a que mejore el tiempo de exposici\u00f3n a esta herramienta, el an\u00e1lisis del sistema de sujeci\u00f3n se realiza en Ansys exponi\u00e9ndole a una fuerza de 77,42 N con una deformaci\u00f3n de 0,012 mm y Ergo IBV, mediante el m\u00e9todo REBA el nivel de actuaci\u00f3n para posturas son inadecuadas evidenciando claramente que existen riesgos significativos para los operarios que est\u00e1n expuestos y se requiere cambios urgentes en la tarea determinando un prototipo nuevo con valores de molestia a las cuatro horas de trabajo con un 40% de molestia en un 50% de los trabajadores evaluados. Generando de esta manera un arn\u00e9s con una distribuci\u00f3n de cargas en las correas y soportes a nivel de todo el cuerpo y descargando el peso en las piernas que es lo m\u00e1s adecuado en levantamiento de cargas seg\u00fan el c\u00f3digo de trabajo y normas reduciendo los niveles de fatiga en los operarios.<\/p>\n<p>&nbsp;<\/p>\n<p style=\"text-align: right;\"><em>Juan Carlos Cay\u00e1n Martinez<sup>1<\/sup><\/em><\/p>\n<p style=\"text-align: right;\"><em>Jhonny Marcelo Orozco Ramos<sup>2<\/sup><\/em><\/p>\n<p style=\"text-align: right;\"><em>Gloria Elizabeth Mi\u00f1o Cascante<sup>3<\/sup><\/em><\/p>\n<p style=\"text-align: right;\"><em>Eduardo Francisco Garc\u00eda Cabezas<sup>4<\/sup><\/em><\/p>\n<p style=\"text-align: right;\"><em>Carlos Oswaldo Serrano Aguiar<sup>4<\/sup><\/em><\/p>\n<p>&nbsp;<\/p>\n<ol>\n<li>Escuela Superior Polit\u00e9cnica de Chimborazo. Facultad de Mec\u00e1nica. Escuela de Ingenier\u00eda Industrial, Grupo de Nuevas tecnolog\u00edas. Riobamba (Ecuador). E-mail: <a href=\"mailto:jcayan@espoch.edu.ec\">jcayan@espoch.edu.ec<\/a><\/li>\n<li>Escuela Superior Polit\u00e9cnica de Chimborazo. Facultad de Mec\u00e1nica. Escuela de Ingenier\u00eda Industrial, Grupo de Nuevas tecnolog\u00edas. Riobamba (Ecuador). E-mail: <a href=\"mailto:ingjmorozco@gmail.com\">ingjmorozco@gmail.com<\/a><\/li>\n<li>Escuela Superior Polit\u00e9cnica de Chimborazo. Facultad de Mec\u00e1nica. Escuela de Ingenier\u00eda Industrial, Grupo de Nuevas tecnolog\u00edas. Riobamba (Ecuador). E-mail: <a href=\"mailto:gloriamino@espoch.edu.ec\">gloriamino@espoch.edu.ec<\/a><\/li>\n<li>Escuela Superior Polit\u00e9cnica de Chimborazo. Facultad de Mec\u00e1nica. Escuela de Ingenier\u00eda Industrial, Grupo de Nuevas tecnolog\u00edas. Riobamba (Ecuador). E-mail: <a href=\"mailto:edugarciac_87@hotmail.com\">edugarciac_87@hotmail.com<\/a><\/li>\n<li>Escuela Superior Polit\u00e9cnica de Chimborazo. Facultad de Mec\u00e1nica. Escuela de Ingenier\u00eda Industrial, Grupo de Nuevas tecnolog\u00edas. Riobamba (Ecuador). E-mail: <a href=\"mailto:carlos.serrano@espoch.edu.ec\">serrano@espoch.edu.ec<\/a><\/li>\n<\/ol>\n","protected":false},"excerpt":{"rendered":"<p>EVALUACI\u00d3N ERGON\u00d3MICA Y PROTOTIPO DE MEJORAS EN MOLESTIAS GENERADAS A NIVEL OSTEOMUSCULAR POR UNA GUA\u00d1ADORA EN LA AGRICULTURA P\u00f3ster Resumen La investigaci\u00f3n se centra en la evaluaci\u00f3n ergon\u00f3mica y an\u00e1lisis de cargas en el arn\u00e9s de sujeci\u00f3n para guada\u00f1a (podadora) &hellip; <a href=\"https:\/\/3ciencias.com\/en\/conferences\/archived-congresses\/congreso-tecnologia-e-ingenieria\/intervenciones-profesionales\/evaluacion-ergonomica-prototipo-mejoras-molestias-generadas-nivel-osteomulcular-una-guanadora-la-agricultura\/\">leer m\u00e1s <span class=\"meta-nav\">&rarr;<\/span><\/a><\/p>\n","protected":false},"author":2,"featured_media":12834,"parent":13810,"menu_order":0,"comment_status":"open","ping_status":"closed","template":"tp-congreso.php","meta":{"_bbp_topic_count":0,"_bbp_reply_count":0,"_bbp_total_topic_count":0,"_bbp_total_reply_count":0,"_bbp_voice_count":0,"_bbp_anonymous_reply_count":0,"_bbp_topic_count_hidden":0,"_bbp_reply_count_hidden":0,"_bbp_forum_subforum_count":0,"_mi_skip_tracking":false,"_monsterinsights_sitenote_active":false,"_monsterinsights_sitenote_note":"","_monsterinsights_sitenote_category":0,"footnotes":""},"acf":[],"_links":{"self":[{"href":"https:\/\/3ciencias.com\/en\/wp-json\/wp\/v2\/pages\/13757"}],"collection":[{"href":"https:\/\/3ciencias.com\/en\/wp-json\/wp\/v2\/pages"}],"about":[{"href":"https:\/\/3ciencias.com\/en\/wp-json\/wp\/v2\/types\/page"}],"author":[{"embeddable":true,"href":"https:\/\/3ciencias.com\/en\/wp-json\/wp\/v2\/users\/2"}],"replies":[{"embeddable":true,"href":"https:\/\/3ciencias.com\/en\/wp-json\/wp\/v2\/comments?post=13757"}],"version-history":[{"count":0,"href":"https:\/\/3ciencias.com\/en\/wp-json\/wp\/v2\/pages\/13757\/revisions"}],"up":[{"embeddable":true,"href":"https:\/\/3ciencias.com\/en\/wp-json\/wp\/v2\/pages\/13810"}],"wp:featuredmedia":[{"embeddable":true,"href":"https:\/\/3ciencias.com\/en\/wp-json\/wp\/v2\/media\/12834"}],"wp:attachment":[{"href":"https:\/\/3ciencias.com\/en\/wp-json\/wp\/v2\/media?parent=13757"}],"curies":[{"name":"wp","href":"https:\/\/api.w.org\/{rel}","templated":true}]}}