{"id":13742,"date":"2018-02-12T10:40:28","date_gmt":"2018-02-12T09:40:28","guid":{"rendered":"https:\/\/3ciencias.com\/modelado-maquinas-herramienta-estado-actual-perspectivas\/"},"modified":"2018-02-12T13:41:18","modified_gmt":"2018-02-12T12:41:18","slug":"modelado-maquinas-herramienta-estado-actual-perspectivas","status":"publish","type":"page","link":"https:\/\/3ciencias.com\/en\/conferences\/archived-congresses\/congreso-tecnologia-e-ingenieria\/intervenciones-profesionales\/modelado-maquinas-herramienta-estado-actual-perspectivas\/","title":{"rendered":"Modelado de m\u00e1quinas herramienta: estado actual y perspectivas"},"content":{"rendered":"<p><strong>MODELADO DE M\u00c1QUINAS HERRAMIENTA: ESTADO ACTUAL Y PERSPECTIVAS<\/strong><\/p>\n<ul>\n<li><a href=\"https:\/\/3ciencias.com\/wp-content\/uploads\/2018\/02\/11.pdf\" target=\"_blank\" rel=\"noopener\">P\u00f3ster<\/a><\/li>\n<li><a href=\"https:\/\/3ciencias.com\/wp-content\/uploads\/2018\/02\/11_.pdf\" target=\"_blank\" rel=\"noopener\">Resumen<\/a><\/li>\n<\/ul>\n<p>El modelado de sistemas de fabricaci\u00f3n, y m\u00e1s concretamente de m\u00e1quinas herramienta CNC, ha sido objeto de m\u00faltiples investigaciones en los \u00faltimos a\u00f1os, impulsado principalmente por desarrollos tecnol\u00f3gicos como Cyber-Physical Production Systems (CPPS), Internet of Things (IoT) o Cloud Manufacturing (CMfg). Para soportar estos nuevos planteamientos, se han propuestos numerosos modelos virtuales y digitales, que utilizan diferentes t\u00e9cnicas de modelado y que responden a las necesidades de m\u00faltiples actividades presentes en los ciclos de vida del producto, del sistema de fabricaci\u00f3n y de producci\u00f3n\/suministro.<\/p>\n<p>Aunque algunos trabajos recientes apuntan hacia la creaci\u00f3n de un est\u00e1ndar que unifique el modelado de recursos, su alcance a\u00fan se limita a ciertos dominios, como pueden ser la interoperabilidad de sistemas o la planificaci\u00f3n de procesos y de producci\u00f3n, entre otras. Con el fin de establecer unas bases s\u00f3lidas que permitan potenciar esta unificaci\u00f3n, y teniendo en cuenta los requerimientos que demandan los nuevos paradigmas de fabricaci\u00f3n, se realiza un estudio del arte que presenta los principales fundamentos que han sustentado el modelado de m\u00e1quinas herramienta.<\/p>\n<p>Con este fin, se revisar\u00e1n diversos enfoques propuestos sobre el tratamiento y representaci\u00f3n formal de m\u00e1quinas herramienta, prestando un especial inter\u00e9s a aquellas propuestas que entendemos que son de referencia y a las de car\u00e1cter normativo. A partir del an\u00e1lisis de esta informaci\u00f3n, se presenta un esquema que muestra la evoluci\u00f3n cronol\u00f3gica del modelado de m\u00e1quinas herramienta y de los esfuerzos dirigidos a su unificaci\u00f3n, as\u00ed como una breve discusi\u00f3n sobre la orientaci\u00f3n futura de esta l\u00ednea de trabajo.<\/p>\n<p>&nbsp;<\/p>\n<p style=\"text-align: right;\"><em>Sergio Benavent N\u00e1cher<sup>1<\/sup><\/em><\/p>\n<p style=\"text-align: right;\"><em>Pedro Rosado Castellano<sup>2<\/sup><\/em><\/p>\n<p style=\"text-align: right;\"><em>Lorenzo Solano Garc\u00eda<sup> 3<\/sup><\/em><\/p>\n<p>&nbsp;<\/p>\n<ol>\n<li>Investigador predoctoral. Departamento de Ingenier\u00eda Mec\u00e1nica y de Materiales. Universitat Polit\u00e8cnica de Val\u00e8ncia. Valencia (Espa\u00f1a). E-Mail: <a href=\"mailto:sbn.universidad@gmail.com\">sbn.universidad@gmail.com<\/a><\/li>\n<li>Profesor de Ingenier\u00eda de los Procesos de Fabricaci\u00f3n. Departamento de Ingenier\u00eda Mec\u00e1nica y de Materiales, Universitat Polit\u00e8cnica de Val\u00e8ncia (desde 1992 a 2017). Departamento de Ingenier\u00eda de Sistemas Industriales y Dise\u00f1o, Universitat Jaume I de Castell\u00f3 (2017 &#8211; actualidad). Castell\u00f3n (Espa\u00f1a). E-Mail: <a href=\"mailto:rosado@uji.es\">rosado@uji.es<\/a><\/li>\n<li>Profesor de Ingenier\u00eda de los Procesos de Fabricaci\u00f3n (desde 1996) Departamento de Ingenier\u00eda Mec\u00e1nica y de Materiales, Universitat Polit\u00e8cnica de Val\u00e8ncia. Valencia (Espa\u00f1a). E-Mail: <a href=\"mailto:lsolano@mcm.upv.es\">lsolano@mcm.upv.es<\/a><\/li>\n<\/ol>\n","protected":false},"excerpt":{"rendered":"<p>MODELADO DE M\u00c1QUINAS HERRAMIENTA: ESTADO ACTUAL Y PERSPECTIVAS P\u00f3ster Resumen El modelado de sistemas de fabricaci\u00f3n, y m\u00e1s concretamente de m\u00e1quinas herramienta CNC, ha sido objeto de m\u00faltiples investigaciones en los \u00faltimos a\u00f1os, impulsado principalmente por desarrollos tecnol\u00f3gicos como Cyber-Physical &hellip; <a href=\"https:\/\/3ciencias.com\/en\/conferences\/archived-congresses\/congreso-tecnologia-e-ingenieria\/intervenciones-profesionales\/modelado-maquinas-herramienta-estado-actual-perspectivas\/\">leer m\u00e1s <span class=\"meta-nav\">&rarr;<\/span><\/a><\/p>\n","protected":false},"author":2,"featured_media":12834,"parent":13810,"menu_order":0,"comment_status":"closed","ping_status":"closed","template":"tp-congreso.php","meta":{"_bbp_topic_count":0,"_bbp_reply_count":0,"_bbp_total_topic_count":0,"_bbp_total_reply_count":0,"_bbp_voice_count":0,"_bbp_anonymous_reply_count":0,"_bbp_topic_count_hidden":0,"_bbp_reply_count_hidden":0,"_bbp_forum_subforum_count":0,"_mi_skip_tracking":false,"_monsterinsights_sitenote_active":false,"_monsterinsights_sitenote_note":"","_monsterinsights_sitenote_category":0,"footnotes":""},"acf":[],"_links":{"self":[{"href":"https:\/\/3ciencias.com\/en\/wp-json\/wp\/v2\/pages\/13742"}],"collection":[{"href":"https:\/\/3ciencias.com\/en\/wp-json\/wp\/v2\/pages"}],"about":[{"href":"https:\/\/3ciencias.com\/en\/wp-json\/wp\/v2\/types\/page"}],"author":[{"embeddable":true,"href":"https:\/\/3ciencias.com\/en\/wp-json\/wp\/v2\/users\/2"}],"replies":[{"embeddable":true,"href":"https:\/\/3ciencias.com\/en\/wp-json\/wp\/v2\/comments?post=13742"}],"version-history":[{"count":0,"href":"https:\/\/3ciencias.com\/en\/wp-json\/wp\/v2\/pages\/13742\/revisions"}],"up":[{"embeddable":true,"href":"https:\/\/3ciencias.com\/en\/wp-json\/wp\/v2\/pages\/13810"}],"wp:featuredmedia":[{"embeddable":true,"href":"https:\/\/3ciencias.com\/en\/wp-json\/wp\/v2\/media\/12834"}],"wp:attachment":[{"href":"https:\/\/3ciencias.com\/en\/wp-json\/wp\/v2\/media?parent=13742"}],"curies":[{"name":"wp","href":"https:\/\/api.w.org\/{rel}","templated":true}]}}