{"id":13723,"date":"2018-02-12T10:30:20","date_gmt":"2018-02-12T09:30:20","guid":{"rendered":"https:\/\/3ciencias.com\/analisis-del-eje-instantaneo-rotacion-del-movimiento-flexo-extension-del-cuello-mediante-video-analisis\/"},"modified":"2018-02-12T10:30:22","modified_gmt":"2018-02-12T09:30:22","slug":"analisis-del-eje-instantaneo-rotacion-del-movimiento-flexo-extension-del-cuello-mediante-video-analisis","status":"publish","type":"page","link":"https:\/\/3ciencias.com\/en\/conferences\/archived-congresses\/congreso-tecnologia-e-ingenieria\/intervenciones-profesionales\/analisis-del-eje-instantaneo-rotacion-del-movimiento-flexo-extension-del-cuello-mediante-video-analisis\/","title":{"rendered":"An\u00e1lisis del eje instant\u00e1neo de rotaci\u00f3n del movimiento de flexo-extensi\u00f3n del cuello mediante video an\u00e1lisis"},"content":{"rendered":"<p><strong>AN\u00c1LISIS DEL EJE INSTANT\u00c1NEO DE ROTACI\u00d3N DEL MOVIMIENTO DE FLEXO-EXTENSI\u00d3N DEL CUELLO MEDIANTE VIDEO AN\u00c1LISIS: FIABILIDAD Y AN\u00c1LISIS DE ERRORES<\/strong><\/p>\n<ul>\n<li><a href=\"https:\/\/3ciencias.com\/wp-content\/uploads\/2018\/02\/10.pdf\" target=\"_blank\" rel=\"noopener\">P\u00f3ster<\/a><\/li>\n<li><a href=\"https:\/\/3ciencias.com\/wp-content\/uploads\/2018\/02\/10_.pdf\" target=\"_blank\" rel=\"noopener\">Resumen<\/a><\/li>\n<\/ul>\n<p>El objetivo del trabajo es evaluar la fiabilidad para medir el eje de rotaci\u00f3n instant\u00e1neo (EIR) del raquis cervical de sujetos sanos mediante una t\u00e9cnica de video an\u00e1lisis de bajo coste y dise\u00f1ar una t\u00e9cnica que minimice los errores.<\/p>\n<p>Los datos fueron obtenidos a partir de marcadores t\u00e9cnicos y anat\u00f3micos ubicados en 7 sujetos sanos, con tres sesiones experimentales por sujeto, medidas por dos operadores distintos. El movimiento se registr\u00f3 mediante la c\u00e1mara de v\u00eddeo de un smartphone, a 30 fps. Los videos fueron analizados mediante el software libre Tracker, y los c\u00e1lculos cinem\u00e1ticos (posiciones, velocidades, aceleraciones y EIR) se realizaron con rutinas de programaci\u00f3n en MATLAB.\u00a0 Se realiz\u00f3 un an\u00e1lisis de fiabilidad calculando el coeficiente de correlaci\u00f3n intraclase (ICC) y el error est\u00e1ndar medio (SEM) entre operador y entre sesi\u00f3n.<\/p>\n<p>Los valores obtenidos para el SEM e ICC son aceptables y buenos, demostrando la validez del uso de t\u00e9cnicas de bajo coste en aplicaciones biomec\u00e1nicas, lo que abre posibilidades muy interesantes en campos como la valoraci\u00f3n funcional.<\/p>\n<p>&nbsp;<\/p>\n<p style=\"text-align: right\"><em>William Venegas Toro<sup>1<\/sup><\/em><\/p>\n<p style=\"text-align: right\"><em>\u00c1lvaro Page del Pozo<sup>2<\/sup><\/em><\/p>\n<p style=\"text-align: right\"><em>Iv\u00e1n Zambrano Orejuela<sup>3<\/sup><\/em><\/p>\n<p style=\"text-align: right\"><em>Chistopher Ruiz Cruz<sup>4<\/sup><\/em><\/p>\n<ol>\n<li>PhD Candidate en Tecnolog\u00edas para la Salud y el Bienestar, Docente investigador en Mec\u00e1nica Computacional, MCs. Dise\u00f1o, Producci\u00f3n y Automatizaci\u00f3n Industrial. Departamento de Dise\u00f1o. Escuela Polit\u00e9cnica Nacional. Quito (Ecuador). E-Mail: <a href=\"mailto:william.venegas@epn.edu.ec\">venegas@epn.edu.ec<\/a><\/li>\n<li>PhD Docente e Investigador, Ing. Industrial. Departamento Biomec\u00e1nica. Universitat Polit\u00e8cnica de Val\u00e8ncia, Instituto de Biomec\u00e1nica de Valencia. Valencia (Espa\u00f1a). E-Mail: <a href=\"mailto:alvaro.page@ibv.upv.es\">page@ibv.upv.es<\/a><\/li>\n<li>en Dise\u00f1o para Ingenier\u00eda, Ing. Mec\u00e1nico, Docente e Investigador en Dise\u00f1o Mec\u00e1nico. Departamento de Dise\u00f1o. Escuela Polit\u00e9cnica Nacional. Quito (Ecuador). E-Mail: <a href=\"mailto:ivan.zambrano@epn.edu.ec\">ivan.zambrano@epn.edu.ec<\/a><\/li>\n<li>Mec\u00e1nico, investigador pasante. Departamento de Dise\u00f1o. Escuela Polit\u00e9cnica Nacional. Quito (Ecuador). E-Mail: <a href=\"mailto:cristopher.ruiz@epn.edu.ec\">cristopher.ruiz@epn.edu.ec<\/a><\/li>\n<\/ol>\n","protected":false},"excerpt":{"rendered":"<p>AN\u00c1LISIS DEL EJE INSTANT\u00c1NEO DE ROTACI\u00d3N DEL MOVIMIENTO DE FLEXO-EXTENSI\u00d3N DEL CUELLO MEDIANTE VIDEO AN\u00c1LISIS: FIABILIDAD Y AN\u00c1LISIS DE ERRORES P\u00f3ster Resumen El objetivo del trabajo es evaluar la fiabilidad para medir el eje de rotaci\u00f3n instant\u00e1neo (EIR) del raquis &hellip; <a href=\"https:\/\/3ciencias.com\/en\/conferences\/archived-congresses\/congreso-tecnologia-e-ingenieria\/intervenciones-profesionales\/analisis-del-eje-instantaneo-rotacion-del-movimiento-flexo-extension-del-cuello-mediante-video-analisis\/\">leer m\u00e1s <span class=\"meta-nav\">&rarr;<\/span><\/a><\/p>\n","protected":false},"author":2,"featured_media":0,"parent":13810,"menu_order":0,"comment_status":"closed","ping_status":"closed","template":"tp-congreso.php","meta":{"_bbp_topic_count":0,"_bbp_reply_count":0,"_bbp_total_topic_count":0,"_bbp_total_reply_count":0,"_bbp_voice_count":0,"_bbp_anonymous_reply_count":0,"_bbp_topic_count_hidden":0,"_bbp_reply_count_hidden":0,"_bbp_forum_subforum_count":0,"_mi_skip_tracking":false,"_monsterinsights_sitenote_active":false,"_monsterinsights_sitenote_note":"","_monsterinsights_sitenote_category":0,"footnotes":""},"acf":[],"_links":{"self":[{"href":"https:\/\/3ciencias.com\/en\/wp-json\/wp\/v2\/pages\/13723"}],"collection":[{"href":"https:\/\/3ciencias.com\/en\/wp-json\/wp\/v2\/pages"}],"about":[{"href":"https:\/\/3ciencias.com\/en\/wp-json\/wp\/v2\/types\/page"}],"author":[{"embeddable":true,"href":"https:\/\/3ciencias.com\/en\/wp-json\/wp\/v2\/users\/2"}],"replies":[{"embeddable":true,"href":"https:\/\/3ciencias.com\/en\/wp-json\/wp\/v2\/comments?post=13723"}],"version-history":[{"count":0,"href":"https:\/\/3ciencias.com\/en\/wp-json\/wp\/v2\/pages\/13723\/revisions"}],"up":[{"embeddable":true,"href":"https:\/\/3ciencias.com\/en\/wp-json\/wp\/v2\/pages\/13810"}],"wp:attachment":[{"href":"https:\/\/3ciencias.com\/en\/wp-json\/wp\/v2\/media?parent=13723"}],"curies":[{"name":"wp","href":"https:\/\/api.w.org\/{rel}","templated":true}]}}