{"id":13708,"date":"2018-02-12T10:30:20","date_gmt":"2018-02-12T09:30:20","guid":{"rendered":"https:\/\/3ciencias.com\/diagnostico-la-dimension-social-sostenibilidad-procesos-mecanizado-mediante-analisis-relacional-gris\/"},"modified":"2018-02-12T12:38:35","modified_gmt":"2018-02-12T11:38:35","slug":"diagnostico-la-dimension-social-sostenibilidad-procesos-mecanizado-mediante-analisis-relacional-gris","status":"publish","type":"page","link":"https:\/\/3ciencias.com\/en\/conferences\/archived-congresses\/congreso-tecnologia-e-ingenieria\/intervenciones-profesionales\/diagnostico-la-dimension-social-sostenibilidad-procesos-mecanizado-mediante-analisis-relacional-gris\/","title":{"rendered":"Diagn\u00f3stico de la dimensi\u00f3n social de sostenibilidad en procesos de mecanizado mediante el an\u00e1lisis relacional gris"},"content":{"rendered":"<p><strong>DIAGN\u00d3STICO DE LA DIMENSI\u00d3N SOCIAL DE SOSTENIBILIDAD EN PROCESOS DE MECANIZADO MEDIANTE EL AN\u00c1LISIS RELACIONAL GRIS<\/strong><\/p>\n<ul>\n<li><a href=\"https:\/\/3ciencias.com\/wp-content\/uploads\/2018\/02\/8.pdf\" target=\"_blank\" rel=\"noopener\">P\u00f3ster<\/a><\/li>\n<li><a href=\"https:\/\/3ciencias.com\/wp-content\/uploads\/2018\/02\/8_-1.pdf\" target=\"_blank\" rel=\"noopener\">Resumen<\/a><\/li>\n<\/ul>\n<p>Este trabajo eval\u00faa el desempe\u00f1o de indicadores de sostenibilidad industrial desde la perspectiva de la dimensi\u00f3n social en operaciones de mecanizado, utilizando como herramienta de mejora el ciclo Deming: planificar, hacer, verificar y analizar. La evaluaci\u00f3n de indicadores se realiza utilizando el an\u00e1lisis relacional gris. Las actividades del plan de mejora se desarrollan durante el per\u00edodo de an\u00e1lisis y se mide su impacto con el fin de fomentar una cultura de sostenibilidad en la dimensi\u00f3n social dentro de la empresa.<\/p>\n<p>&nbsp;<\/p>\n<p style=\"text-align: right;\"><em>C\u00e9sar Ayabaca Sarria<sup>1<\/sup><\/em><\/p>\n<p style=\"text-align: right;\"><em>Carlos Vila Pastor<sup>2<\/sup><\/em><\/p>\n<p>&nbsp;<\/p>\n<ol>\n<li>PhD Student en la Universitat Polit\u00e8cnica de Val\u00e8ncia. Departamento de Ingenier\u00eda Mec\u00e1nica y Materiales. Valencia (Espa\u00f1a). E-mail: <a href=\"mailto:ceaysar1@doctor.upv.es\">ceaysar1@doctor.upv.es<\/a> \/ Departamento de Ingenier\u00eda Mec\u00e1nica. Escuela Polit\u00e9cnica Nacional Quito. Ecuador. E-mail: <a href=\"mailto:cesar.ayabaca@epn.edu.ec\" target=\"_blank\" rel=\"noopener\">cesar.ayabaca@epn.edu.ec<\/a><\/li>\n<li>Profesor a tiempo completo en la UPV. Departamento de Ingenier\u00eda Mec\u00e1nica y Materiales, Universidad Polit\u00e8cnica de Val\u00e8ncia. Valencia (Espa\u00f1a). E-mail: <a href=\"mailto:carvipas@upv.es\">carvipas@upv.es<\/a><\/li>\n<\/ol>\n","protected":false},"excerpt":{"rendered":"<p>DIAGN\u00d3STICO DE LA DIMENSI\u00d3N SOCIAL DE SOSTENIBILIDAD EN PROCESOS DE MECANIZADO MEDIANTE EL AN\u00c1LISIS RELACIONAL GRIS P\u00f3ster Resumen Este trabajo eval\u00faa el desempe\u00f1o de indicadores de sostenibilidad industrial desde la perspectiva de la dimensi\u00f3n social en operaciones de mecanizado, utilizando &hellip; <a href=\"https:\/\/3ciencias.com\/en\/conferences\/archived-congresses\/congreso-tecnologia-e-ingenieria\/intervenciones-profesionales\/diagnostico-la-dimension-social-sostenibilidad-procesos-mecanizado-mediante-analisis-relacional-gris\/\">leer m\u00e1s <span class=\"meta-nav\">&rarr;<\/span><\/a><\/p>\n","protected":false},"author":2,"featured_media":12834,"parent":13810,"menu_order":0,"comment_status":"open","ping_status":"closed","template":"tp-congreso.php","meta":{"_bbp_topic_count":0,"_bbp_reply_count":0,"_bbp_total_topic_count":0,"_bbp_total_reply_count":0,"_bbp_voice_count":0,"_bbp_anonymous_reply_count":0,"_bbp_topic_count_hidden":0,"_bbp_reply_count_hidden":0,"_bbp_forum_subforum_count":0,"_mi_skip_tracking":false,"_monsterinsights_sitenote_active":false,"_monsterinsights_sitenote_note":"","_monsterinsights_sitenote_category":0,"footnotes":""},"acf":[],"_links":{"self":[{"href":"https:\/\/3ciencias.com\/en\/wp-json\/wp\/v2\/pages\/13708"}],"collection":[{"href":"https:\/\/3ciencias.com\/en\/wp-json\/wp\/v2\/pages"}],"about":[{"href":"https:\/\/3ciencias.com\/en\/wp-json\/wp\/v2\/types\/page"}],"author":[{"embeddable":true,"href":"https:\/\/3ciencias.com\/en\/wp-json\/wp\/v2\/users\/2"}],"replies":[{"embeddable":true,"href":"https:\/\/3ciencias.com\/en\/wp-json\/wp\/v2\/comments?post=13708"}],"version-history":[{"count":0,"href":"https:\/\/3ciencias.com\/en\/wp-json\/wp\/v2\/pages\/13708\/revisions"}],"up":[{"embeddable":true,"href":"https:\/\/3ciencias.com\/en\/wp-json\/wp\/v2\/pages\/13810"}],"wp:featuredmedia":[{"embeddable":true,"href":"https:\/\/3ciencias.com\/en\/wp-json\/wp\/v2\/media\/12834"}],"wp:attachment":[{"href":"https:\/\/3ciencias.com\/en\/wp-json\/wp\/v2\/media?parent=13708"}],"curies":[{"name":"wp","href":"https:\/\/api.w.org\/{rel}","templated":true}]}}