{"id":13700,"date":"2018-02-12T09:57:37","date_gmt":"2018-02-12T08:57:37","guid":{"rendered":"https:\/\/3ciencias.com\/analisis-comparativo-del-costo-operacional-del-mecanizado-una-pieza-mediante-estrategias-3-ejes-3-2-ejes\/"},"modified":"2018-02-12T10:00:04","modified_gmt":"2018-02-12T09:00:04","slug":"analisis-comparativo-del-costo-operacional-del-mecanizado-una-pieza-mediante-estrategias-3-ejes-3-2-ejes","status":"publish","type":"page","link":"https:\/\/3ciencias.com\/en\/conferences\/archived-congresses\/congreso-tecnologia-e-ingenieria\/intervenciones-profesionales\/analisis-comparativo-del-costo-operacional-del-mecanizado-una-pieza-mediante-estrategias-3-ejes-3-2-ejes\/","title":{"rendered":"An\u00e1lisis comparativo del costo operacional del mecanizado de una pieza mediante estrategias 3 ejes contra 3 + 2 ejes"},"content":{"rendered":"<p><strong>AN\u00c1LISIS COMPARATIVO DEL COSTO OPERACIONAL DEL MECANIZADO DE UNA PIEZA MEDIANTE ESTRATEGIAS 3 EJES CONTRA 3 + 2 EJES<\/strong><\/p>\n<ul>\n<li><a href=\"https:\/\/3ciencias.com\/wp-content\/uploads\/2018\/02\/7.pdf\" target=\"_blank\" rel=\"noopener\">P\u00f3ster<\/a><\/li>\n<li><a href=\"https:\/\/3ciencias.com\/wp-content\/uploads\/2018\/02\/7_.pdf\" target=\"_blank\" rel=\"noopener\">Resumen<\/a><\/li>\n<\/ul>\n<p>La industria manufacturera emplea los procesos de mecanizado en su producci\u00f3n y requiere la reducci\u00f3n de sus costos operativos, el mecanizado con 5 ejes se ha convertido en una valiosa herramienta para alcanzar este fin, pero el desconocimiento de las estrategias multiejes no ha permitido su aprovechamiento en la industria local. El presente estudio genera una propuesta de mejoramiento aplicable en las empresas que disponen de estos equipos; const\u00f3 de dos pruebas, en la primera se fabric\u00f3 una pieza usando una estrategia 3 ejes, mientras la segunda se realiz\u00f3 con 3 + 2 ejes; luego se compararon los tiempos requeridos para alcanzar el mismo acabado con cada estrategia. Se concluy\u00f3 que, en un porcentaje muy alto, el mecanizado con estrategia 3 + 2 es m\u00e1s eficaz que el mecanizado con solo 3 ejes, esto traer\u00eda grandes beneficios para la industria local gracias a la disminuci\u00f3n de costos en mano de obra dedicada a hacer montajes y desmontajes que se vuelven innecesarios.<\/p>\n<p>&nbsp;<\/p>\n<p style=\"text-align: right;\"><em>Ferney Alexis Giraldo Castrill\u00f3n<sup>1<\/sup><\/em><\/p>\n<p style=\"text-align: right;\"><em>Miyer Jaiver Vald\u00e9s Ortiz<sup>2<\/sup><\/em><\/p>\n<p style=\"text-align: right;\"><em>Ubaldo Garc\u00eda Zaragoza<sup>3<\/sup><\/em><\/p>\n<p style=\"text-align: right;\"><em>Julian Mora Orozco<sup>4<\/sup><\/em><\/p>\n<p style=\"text-align: right;\"><em>Juan Gonzalo Ardila Mar\u00edn<sup>5<\/sup><\/em><\/p>\n<p>&nbsp;<\/p>\n<ol>\n<li>Ingeniero Mec\u00e1nico, MSc (c). Experto en Manufactura en XmartPLM. Docente C\u00e1tedra. Facultad de Ingenier\u00edas. Instituto Tecnol\u00f3gico Metropolitano. Medell\u00edn (Colombia). E-Mail: <a href=\"mailto:ferney.giraldo@xmartplm.com\">giraldo@xmartplm.com<\/a><\/li>\n<li>Ingeniero Electromec\u00e1nico, MSc (c). T\u00e9cnico Especializado en Laboratorio de Simulaci\u00f3n, Modelamiento y Prototipos. Docente C\u00e1tedra. Facultad de Ingenier\u00edas. Instituto Tecnol\u00f3gico Metropolitano. Medell\u00edn (Colombia). E-Mail: <a href=\"mailto:miyervaldes@itm.edu.co\">miyervaldes@itm.edu.co<\/a><\/li>\n<li>Ingeniero Mec\u00e1nico, MSc. Gerente de Innovaci\u00f3n en XmartPLM. XmartPLM. Bogot\u00e1 (Colombia). E-Mail: <a href=\"mailto:ubaldo.garcia@xmartplm.com\">garcia@xmartplm.com<\/a><\/li>\n<li>Administrador de Empresas, MSc. Gerente General en XmartPLM. Docente C\u00e1tedra. Universidad EAFIT. Universidad ECCI. Medell\u00edn (Colombia). E-Mail: <a href=\"mailto:julian.mora@xmartplm.com\">mora@xmartplm.com<\/a><\/li>\n<li>Ingeniero Mec\u00e1nico, MSc. Docente L\u00edder en Laboratorio de Simulaci\u00f3n, Modelamiento y Prototipos. Docente Tiempo Completo. Facultad de Ingenier\u00edas. Instituto Tecnol\u00f3gico Metropolitano. Medell\u00edn (Colombia). E-Mail: <a href=\"mailto:juanardila@itm.edu.co\">juanardila@itm.edu.co<\/a><\/li>\n<\/ol>\n","protected":false},"excerpt":{"rendered":"<p>AN\u00c1LISIS COMPARATIVO DEL COSTO OPERACIONAL DEL MECANIZADO DE UNA PIEZA MEDIANTE ESTRATEGIAS 3 EJES CONTRA 3 + 2 EJES P\u00f3ster Resumen La industria manufacturera emplea los procesos de mecanizado en su producci\u00f3n y requiere la reducci\u00f3n de sus costos operativos, &hellip; <a href=\"https:\/\/3ciencias.com\/en\/conferences\/archived-congresses\/congreso-tecnologia-e-ingenieria\/intervenciones-profesionales\/analisis-comparativo-del-costo-operacional-del-mecanizado-una-pieza-mediante-estrategias-3-ejes-3-2-ejes\/\">leer m\u00e1s <span class=\"meta-nav\">&rarr;<\/span><\/a><\/p>\n","protected":false},"author":2,"featured_media":12834,"parent":13810,"menu_order":0,"comment_status":"open","ping_status":"closed","template":"tp-congreso.php","meta":{"_bbp_topic_count":0,"_bbp_reply_count":0,"_bbp_total_topic_count":0,"_bbp_total_reply_count":0,"_bbp_voice_count":0,"_bbp_anonymous_reply_count":0,"_bbp_topic_count_hidden":0,"_bbp_reply_count_hidden":0,"_bbp_forum_subforum_count":0,"_mi_skip_tracking":false,"_monsterinsights_sitenote_active":false,"_monsterinsights_sitenote_note":"","_monsterinsights_sitenote_category":0,"footnotes":""},"acf":[],"_links":{"self":[{"href":"https:\/\/3ciencias.com\/en\/wp-json\/wp\/v2\/pages\/13700"}],"collection":[{"href":"https:\/\/3ciencias.com\/en\/wp-json\/wp\/v2\/pages"}],"about":[{"href":"https:\/\/3ciencias.com\/en\/wp-json\/wp\/v2\/types\/page"}],"author":[{"embeddable":true,"href":"https:\/\/3ciencias.com\/en\/wp-json\/wp\/v2\/users\/2"}],"replies":[{"embeddable":true,"href":"https:\/\/3ciencias.com\/en\/wp-json\/wp\/v2\/comments?post=13700"}],"version-history":[{"count":0,"href":"https:\/\/3ciencias.com\/en\/wp-json\/wp\/v2\/pages\/13700\/revisions"}],"up":[{"embeddable":true,"href":"https:\/\/3ciencias.com\/en\/wp-json\/wp\/v2\/pages\/13810"}],"wp:featuredmedia":[{"embeddable":true,"href":"https:\/\/3ciencias.com\/en\/wp-json\/wp\/v2\/media\/12834"}],"wp:attachment":[{"href":"https:\/\/3ciencias.com\/en\/wp-json\/wp\/v2\/media?parent=13700"}],"curies":[{"name":"wp","href":"https:\/\/api.w.org\/{rel}","templated":true}]}}