{"id":13691,"date":"2018-02-12T10:30:52","date_gmt":"2018-02-12T09:30:52","guid":{"rendered":"https:\/\/3ciencias.com\/una-aplicacion-del-marco-las-cinco-fuerzas-porter-al-grupo-bmw\/"},"modified":"2018-02-12T10:31:02","modified_gmt":"2018-02-12T09:31:02","slug":"una-aplicacion-del-marco-las-cinco-fuerzas-porter-al-grupo-bmw","status":"publish","type":"page","link":"https:\/\/3ciencias.com\/en\/conferences\/archived-congresses\/congreso-tecnologia-e-ingenieria\/intervenciones-profesionales\/una-aplicacion-del-marco-las-cinco-fuerzas-porter-al-grupo-bmw\/","title":{"rendered":"Una aplicaci\u00f3n del marco de las cinco fuerzas de Porter al grupo BMW"},"content":{"rendered":"<p><strong>UNA APLICACI\u00d3N DEL MARCO DE LAS CINCO FUERZAS DE PORTER AL GRUPO BMW<\/strong><\/p>\n<ul>\n<li><a href=\"https:\/\/3ciencias.com\/wp-content\/uploads\/2018\/02\/5.pdf\" target=\"_blank\" rel=\"noopener\">P\u00f3ster<\/a><\/li>\n<li><a href=\"https:\/\/3ciencias.com\/wp-content\/uploads\/2018\/02\/5_.pdf\" target=\"_blank\" rel=\"noopener\">Resumen<\/a><\/li>\n<\/ul>\n<p>El an\u00e1lisis del entorno espec\u00edfico aborda el estudio de una industria desde todas sus vertientes relevantes, con la finalidad de extraer las amenazas y oportunidades existentes en el mismo. As\u00ed, este trabajo aborda el an\u00e1lisis del entorno competitivo en la industria del autom\u00f3vil tomando como base conceptual el modelo de las cinco fuerzas de Porter. La metodolog\u00eda utilizada consiste en un estudio de caso del Grupo BMW.<\/p>\n<p>&nbsp;<\/p>\n<p style=\"text-align: right\"><em>Celia Goicoechea Quijano[1]<\/em><\/p>\n<p style=\"text-align: right\"><em>Jaime E. Souto P\u00e9rez[2]<\/em><\/p>\n<p>[1] Alumna de TFG de la Universidad Complutense de Madrid. Actualmente cursando el master en consultor\u00eda y asesor\u00eda jur\u00eddico-laboral de la Universidad Carlos III de Madrid. Universidad Complutente de Madrid. Madrid (Espa\u00f1a). E-mail: <a href=\"mailto:celiagoi@ucm.es\">celiagoi@ucm.es<\/a><\/p>\n<p>[2] Profesor de la Universidad Complutense de Madrid, cuenta con varias publicaciones en revistas de primer cuartil de JCR y de SJR, as\u00ed como m\u00faltiples libros y cap\u00edtulos de libros. Departamento de Organizaci\u00f3n de Empresas. Universidad Complutense de Madrid. Madrid (Espa\u00f1a). E-mail: <a href=\"mailto:jaimeeds@ucm.es\">jaimeeds@ucm.es<\/a><\/p>\n<p>&nbsp;<\/p>\n","protected":false},"excerpt":{"rendered":"<p>UNA APLICACI\u00d3N DEL MARCO DE LAS CINCO FUERZAS DE PORTER AL GRUPO BMW P\u00f3ster Resumen El an\u00e1lisis del entorno espec\u00edfico aborda el estudio de una industria desde todas sus vertientes relevantes, con la finalidad de extraer las amenazas y oportunidades &hellip; <a href=\"https:\/\/3ciencias.com\/en\/conferences\/archived-congresses\/congreso-tecnologia-e-ingenieria\/intervenciones-profesionales\/una-aplicacion-del-marco-las-cinco-fuerzas-porter-al-grupo-bmw\/\">leer m\u00e1s <span class=\"meta-nav\">&rarr;<\/span><\/a><\/p>\n","protected":false},"author":2,"featured_media":12834,"parent":13810,"menu_order":0,"comment_status":"open","ping_status":"closed","template":"tp-congreso.php","meta":{"_bbp_topic_count":0,"_bbp_reply_count":0,"_bbp_total_topic_count":0,"_bbp_total_reply_count":0,"_bbp_voice_count":0,"_bbp_anonymous_reply_count":0,"_bbp_topic_count_hidden":0,"_bbp_reply_count_hidden":0,"_bbp_forum_subforum_count":0,"_mi_skip_tracking":false,"_monsterinsights_sitenote_active":false,"_monsterinsights_sitenote_note":"","_monsterinsights_sitenote_category":0,"footnotes":""},"acf":[],"_links":{"self":[{"href":"https:\/\/3ciencias.com\/en\/wp-json\/wp\/v2\/pages\/13691"}],"collection":[{"href":"https:\/\/3ciencias.com\/en\/wp-json\/wp\/v2\/pages"}],"about":[{"href":"https:\/\/3ciencias.com\/en\/wp-json\/wp\/v2\/types\/page"}],"author":[{"embeddable":true,"href":"https:\/\/3ciencias.com\/en\/wp-json\/wp\/v2\/users\/2"}],"replies":[{"embeddable":true,"href":"https:\/\/3ciencias.com\/en\/wp-json\/wp\/v2\/comments?post=13691"}],"version-history":[{"count":0,"href":"https:\/\/3ciencias.com\/en\/wp-json\/wp\/v2\/pages\/13691\/revisions"}],"up":[{"embeddable":true,"href":"https:\/\/3ciencias.com\/en\/wp-json\/wp\/v2\/pages\/13810"}],"wp:featuredmedia":[{"embeddable":true,"href":"https:\/\/3ciencias.com\/en\/wp-json\/wp\/v2\/media\/12834"}],"wp:attachment":[{"href":"https:\/\/3ciencias.com\/en\/wp-json\/wp\/v2\/media?parent=13691"}],"curies":[{"name":"wp","href":"https:\/\/api.w.org\/{rel}","templated":true}]}}