{"id":13671,"date":"2018-02-12T10:45:20","date_gmt":"2018-02-12T09:45:20","guid":{"rendered":"https:\/\/3ciencias.com\/estimacion-la-incertidumbre-prototipo-experimental-basado-hardware-libre\/"},"modified":"2018-02-12T10:45:54","modified_gmt":"2018-02-12T09:45:54","slug":"estimacion-la-incertidumbre-prototipo-experimental-basado-hardware-libre","status":"publish","type":"page","link":"https:\/\/3ciencias.com\/en\/conferences\/archived-congresses\/congreso-tecnologia-e-ingenieria\/intervenciones-profesionales\/estimacion-la-incertidumbre-prototipo-experimental-basado-hardware-libre\/","title":{"rendered":"Estimaci\u00f3n de la incertidumbre en un prototipo experimental basado en hardware libre"},"content":{"rendered":"<p><strong>ESTIMACI\u00d3N DE LA INCERTIDUMBRE EN UN PROTOTIPO EXPERIMENTAL BASADO EN HARDWARE LIBRE, PARA LA MEDICI\u00d3N DE VARIABLES F\u00cdSICAS QUE DESCRIBEN EL MOVIMIENTO DE UNA PART\u00cdCULA<\/strong><\/p>\n<p>La cinem\u00e1tica estudia el movimiento de una part\u00edcula sin considerar las causas que lo producen, mientras que la din\u00e1mica estudia los factores que producen alteraciones en un sistema. Se propone la creaci\u00f3n de un equipo de medici\u00f3n que pueda registrar par\u00e1metros f\u00edsicos enfocados en la cinem\u00e1tica y din\u00e1mica, utilizando las ecuaciones deducidas del c\u00e1lculo para el movimiento, modificando distancia del recorrido, \u00e1ngulo de inclinaci\u00f3n y masa de los cuerpos. La medici\u00f3n del tiempo servir\u00e1 para obtener la incertidumbre provocada en los experimentos, la dispersi\u00f3n de los datos disponibles se relaciona con el tama\u00f1o de la muestra y el procedimiento utilizado. En las mediciones indirectas se emplearon ecuaciones diferenciales debido a la correlaci\u00f3n en las variables f\u00edsicas para el an\u00e1lisis de la incertidumbre. Uno de los m\u00e9todos para el an\u00e1lisis de la incertidumbre se basa en el an\u00e1lisis estad\u00edstico, otra manera de estimarla es a trav\u00e9s de la experiencia o informaci\u00f3n externa disponible. Los experimentos realizados en el plano inclinado para el estudio de la velocidad, aceleraci\u00f3n y fuerza de fricci\u00f3n para \u00e1ngulos mayores a 15\u00b0 presentaron un error relativo del 1.8% en la variable de tiempo, la incertidumbre est\u00e1ndar mantuvo una distribuci\u00f3n normal con un nivel de confianza del 95%.<\/p>\n<p>&nbsp;<\/p>\n<p style=\"text-align: right\"><em>Manuel R. Nev\u00e1rez Toledo<sup>1<\/sup><\/em><\/p>\n<p style=\"text-align: right\"><em>Ver\u00f3nica Y\u00e1nez Ortiz<sup>2<\/sup><\/em><\/p>\n<p>&nbsp;<\/p>\n<ol>\n<li>Docente Investigador de la Escuela Ingenier\u00eda de Sistemas y Computaci\u00f3n, Coordinador de Investigaci\u00f3n de la Carrera. Laboratorio de Investigaci\u00f3n, Tecnolog\u00edas e Innovaci\u00f3n LITI &#8211; PUCESE. Pontificia Universidad Cat\u00f3lica del Ecuador Sede Esmeraldas. Esmeraldas (Ecuador). E-Mail: <a href=\"mailto:manuel.nevarez@pucese.edu.ec\">nevarez@pucese.edu.ec<\/a><\/li>\n<li>Docente titular auxiliar del \u00c1rea de Matem\u00e1ticas de la Escuela Ingenier\u00eda de Sistemas y Computaci\u00f3n de la Pontificia Universidad Cat\u00f3lica del Ecuador Sede Esmeraldas. Esmeraldas (Ecuador). E-Mail: <a href=\"mailto:veronica.yanez@pucese.edu.ec\">yanez@pucese.edu.ec<\/a><\/li>\n<\/ol>\n","protected":false},"excerpt":{"rendered":"<p>ESTIMACI\u00d3N DE LA INCERTIDUMBRE EN UN PROTOTIPO EXPERIMENTAL BASADO EN HARDWARE LIBRE, PARA LA MEDICI\u00d3N DE VARIABLES F\u00cdSICAS QUE DESCRIBEN EL MOVIMIENTO DE UNA PART\u00cdCULA La cinem\u00e1tica estudia el movimiento de una part\u00edcula sin considerar las causas que lo producen, &hellip; <a href=\"https:\/\/3ciencias.com\/en\/conferences\/archived-congresses\/congreso-tecnologia-e-ingenieria\/intervenciones-profesionales\/estimacion-la-incertidumbre-prototipo-experimental-basado-hardware-libre\/\">leer m\u00e1s <span class=\"meta-nav\">&rarr;<\/span><\/a><\/p>\n","protected":false},"author":2,"featured_media":12834,"parent":13810,"menu_order":0,"comment_status":"open","ping_status":"closed","template":"tp-congreso.php","meta":{"_bbp_topic_count":0,"_bbp_reply_count":0,"_bbp_total_topic_count":0,"_bbp_total_reply_count":0,"_bbp_voice_count":0,"_bbp_anonymous_reply_count":0,"_bbp_topic_count_hidden":0,"_bbp_reply_count_hidden":0,"_bbp_forum_subforum_count":0,"_mi_skip_tracking":false,"_monsterinsights_sitenote_active":false,"_monsterinsights_sitenote_note":"","_monsterinsights_sitenote_category":0,"footnotes":""},"acf":[],"_links":{"self":[{"href":"https:\/\/3ciencias.com\/en\/wp-json\/wp\/v2\/pages\/13671"}],"collection":[{"href":"https:\/\/3ciencias.com\/en\/wp-json\/wp\/v2\/pages"}],"about":[{"href":"https:\/\/3ciencias.com\/en\/wp-json\/wp\/v2\/types\/page"}],"author":[{"embeddable":true,"href":"https:\/\/3ciencias.com\/en\/wp-json\/wp\/v2\/users\/2"}],"replies":[{"embeddable":true,"href":"https:\/\/3ciencias.com\/en\/wp-json\/wp\/v2\/comments?post=13671"}],"version-history":[{"count":0,"href":"https:\/\/3ciencias.com\/en\/wp-json\/wp\/v2\/pages\/13671\/revisions"}],"up":[{"embeddable":true,"href":"https:\/\/3ciencias.com\/en\/wp-json\/wp\/v2\/pages\/13810"}],"wp:featuredmedia":[{"embeddable":true,"href":"https:\/\/3ciencias.com\/en\/wp-json\/wp\/v2\/media\/12834"}],"wp:attachment":[{"href":"https:\/\/3ciencias.com\/en\/wp-json\/wp\/v2\/media?parent=13671"}],"curies":[{"name":"wp","href":"https:\/\/api.w.org\/{rel}","templated":true}]}}