{"id":13663,"date":"2018-02-12T10:45:26","date_gmt":"2018-02-12T09:45:26","guid":{"rendered":"https:\/\/3ciencias.com\/ingenieria-software-aplicada-una-solucion-tecnologica-orientada-hacia-turismo-sostenible-cartagena-indias\/"},"modified":"2018-02-12T10:45:55","modified_gmt":"2018-02-12T09:45:55","slug":"ingenieria-software-aplicada-una-solucion-tecnologica-orientada-hacia-turismo-sostenible-cartagena-indias","status":"publish","type":"page","link":"https:\/\/3ciencias.com\/en\/conferences\/archived-congresses\/congreso-tecnologia-e-ingenieria\/intervenciones-profesionales\/ingenieria-software-aplicada-una-solucion-tecnologica-orientada-hacia-turismo-sostenible-cartagena-indias\/","title":{"rendered":"Ingenier\u00eda de Software aplicada a una soluci\u00f3n tecnol\u00f3gica orientada hacia el turismo sostenible en Cartagena de Indias"},"content":{"rendered":"<p><strong>INGENIER\u00cdA DE SOFTWARE APLICADA A UNA SOLUCI\u00d3N TECNOL\u00d3GICA ORIENTADA HACIA EL TURISMO SOSTENIBLE EN CARTAGENA DE INDIAS (COLOMBIA)<\/strong><\/p>\n<ul>\n<li><a href=\"https:\/\/3ciencias.com\/wp-content\/uploads\/2018\/02\/1.pdf\" target=\"_blank\" rel=\"noopener\">P\u00f3ster<\/a><\/li>\n<li><a href=\"https:\/\/3ciencias.com\/wp-content\/uploads\/2018\/02\/1_.pdf\" target=\"_blank\" rel=\"noopener\">Resumen<\/a><\/li>\n<\/ul>\n<p>El Ministerio de Comercio, Industria y Turismo de Colombia (MinCit), mediante la Resoluci\u00f3n 3860 de 28 de Diciembre de 2015, regula que todos los establecimientos u operadores tur\u00edsticos, deban implementar las Normas T\u00e9cnicas Sectoriales (NTS). Una de estas normas, la NTS-TS 002 relacionada con requisitos de sostenibilidad tur\u00edstica, resulta de inter\u00e9s para los establecimientos de alojamiento y hospedaje de la ciudad de Cartagena de Indias, convirti\u00e9ndose en una necesidad que requiere ser apoyada con el uso de TIC.<\/p>\n<p>El MinCit dispone de una soluci\u00f3n en l\u00ednea gratuita que acompa\u00f1a el proceso, pero que no es completa, y es desde esta necesidad que se formula un proyecto de investigaci\u00f3n aplicada, que, mediante el uso de los procesos, metodolog\u00edas y herramientas reconocidas en la industria de la Ingenier\u00eda de Software, se traduce en una herramienta web (NTS-SOFT) que permitir\u00e1 a estos establecimientos de alojamiento y hospedaje, alcanzar la implementaci\u00f3n de la norma NTS-T 002.<\/p>\n<p>&nbsp;<\/p>\n<p style=\"text-align: right\"><em>Fabio Garcia Ramirez<sup>1<\/sup><\/em><\/p>\n<p style=\"text-align: right\"><em>Jazm\u00edn Herrera<sup>2<\/sup><\/em><\/p>\n<p style=\"text-align: right\"><em>Juan Puello Beltran<sup>3<\/sup><\/em><\/p>\n<p>&nbsp;<\/p>\n<ol>\n<li>Ingenier\u00eda de Sistemas. Tecnol\u00f3gico Comfenalco, Cartagena de Indias (Colombia). E-Mail: <a href=\"mailto:fgarcia@tecnologicocomfenalco.edu.co\">fgarcia@tecnologicocomfenalco.edu.co<\/a><\/li>\n<li>Ingenier\u00eda Industrial. Tecnol\u00f3gico Comfenalco, Cartagena de indias (Colombia). <a href=\"mailto:jherrerad@tecnocomfenalco.edu.co\">jherrerad@tecnocomfenalco.edu.co<\/a><\/li>\n<li>Ingenier\u00eda de Sistemas. Tecnol\u00f3gico Comfenalco. Cartagena de Indias (Colombia). E-mail: <a href=\"mailto:jjpuellob@tecnologicocomfenalco.edu.co\">jjpuellob@tecnologicocomfenalco.edu.co<\/a><\/li>\n<\/ol>\n","protected":false},"excerpt":{"rendered":"<p>INGENIER\u00cdA DE SOFTWARE APLICADA A UNA SOLUCI\u00d3N TECNOL\u00d3GICA ORIENTADA HACIA EL TURISMO SOSTENIBLE EN CARTAGENA DE INDIAS (COLOMBIA) P\u00f3ster Resumen El Ministerio de Comercio, Industria y Turismo de Colombia (MinCit), mediante la Resoluci\u00f3n 3860 de 28 de Diciembre de 2015, &hellip; <a href=\"https:\/\/3ciencias.com\/en\/conferences\/archived-congresses\/congreso-tecnologia-e-ingenieria\/intervenciones-profesionales\/ingenieria-software-aplicada-una-solucion-tecnologica-orientada-hacia-turismo-sostenible-cartagena-indias\/\">leer m\u00e1s <span class=\"meta-nav\">&rarr;<\/span><\/a><\/p>\n","protected":false},"author":2,"featured_media":12834,"parent":13810,"menu_order":0,"comment_status":"open","ping_status":"closed","template":"tp-congreso.php","meta":{"_bbp_topic_count":0,"_bbp_reply_count":0,"_bbp_total_topic_count":0,"_bbp_total_reply_count":0,"_bbp_voice_count":0,"_bbp_anonymous_reply_count":0,"_bbp_topic_count_hidden":0,"_bbp_reply_count_hidden":0,"_bbp_forum_subforum_count":0,"_mi_skip_tracking":false,"_monsterinsights_sitenote_active":false,"_monsterinsights_sitenote_note":"","_monsterinsights_sitenote_category":0,"footnotes":""},"acf":[],"_links":{"self":[{"href":"https:\/\/3ciencias.com\/en\/wp-json\/wp\/v2\/pages\/13663"}],"collection":[{"href":"https:\/\/3ciencias.com\/en\/wp-json\/wp\/v2\/pages"}],"about":[{"href":"https:\/\/3ciencias.com\/en\/wp-json\/wp\/v2\/types\/page"}],"author":[{"embeddable":true,"href":"https:\/\/3ciencias.com\/en\/wp-json\/wp\/v2\/users\/2"}],"replies":[{"embeddable":true,"href":"https:\/\/3ciencias.com\/en\/wp-json\/wp\/v2\/comments?post=13663"}],"version-history":[{"count":0,"href":"https:\/\/3ciencias.com\/en\/wp-json\/wp\/v2\/pages\/13663\/revisions"}],"up":[{"embeddable":true,"href":"https:\/\/3ciencias.com\/en\/wp-json\/wp\/v2\/pages\/13810"}],"wp:featuredmedia":[{"embeddable":true,"href":"https:\/\/3ciencias.com\/en\/wp-json\/wp\/v2\/media\/12834"}],"wp:attachment":[{"href":"https:\/\/3ciencias.com\/en\/wp-json\/wp\/v2\/media?parent=13663"}],"curies":[{"name":"wp","href":"https:\/\/api.w.org\/{rel}","templated":true}]}}