{"id":12539,"date":"2017-08-03T12:36:20","date_gmt":"2017-08-03T10:36:20","guid":{"rendered":"https:\/\/3ciencias.com\/congreso-tecnologia-e-ingenieria\/formulario-de-inscripcion\/"},"modified":"2018-01-15T16:23:12","modified_gmt":"2018-01-15T15:23:12","slug":"formulario-de-inscripcion","status":"publish","type":"page","link":"https:\/\/3ciencias.com\/en\/conferences\/archived-congresses\/congreso-tecnologia-e-ingenieria\/formulario-de-inscripcion\/","title":{"rendered":"Formulario de inscripci\u00f3n"},"content":{"rendered":"<p><!-- Begin MailChimp Signup Form -->\n<link href=\"\/\/cdn-images.mailchimp.com\/embedcode\/classic-10_7.css\" rel=\"stylesheet\" type=\"text\/css\">\n<style type=\"text\/css\">\n\t#mc_embed_signup{background:#fff; clear:left; font:14px Helvetica,Arial,sans-serif; }\n\t\/* Add your own MailChimp form style overrides in your site stylesheet or in this style block.\n\t   We recommend moving this block and the preceding CSS link to the HEAD of your HTML file. *\/\n<\/style>\n<div id=\"mc_embed_signup\">\n<form action=\"https:\/\/3ciencias.us5.list-manage.com\/subscribe\/post?u=07f439699d688c5ecccbb71c7&amp;id=db9c4434ae\" method=\"post\" id=\"mc-embedded-subscribe-form\" name=\"mc-embedded-subscribe-form\" class=\"validate\" target=\"_blank\" novalidate>\n<div id=\"mc_embed_signup_scroll\">\n<h2>Subscribe to our mailing list<\/h2>\n<div class=\"indicates-required\"><span class=\"asterisk\">*<\/span> indicates required<\/div>\n<div class=\"mc-field-group\">\n\t<label for=\"mce-EMAIL\">Correo electr\u00f3nico  <span class=\"asterisk\">*<\/span><br \/>\n<\/label><br \/>\n\t<input type=\"email\" value=\"\" name=\"EMAIL\" class=\"required email\" id=\"mce-EMAIL\">\n<\/div>\n<div class=\"mc-field-group\">\n\t<label for=\"mce-FNAME\">Nombre completo  <span class=\"asterisk\">*<\/span><br \/>\n<\/label><br \/>\n\t<input type=\"text\" value=\"\" name=\"FNAME\" class=\"required\" id=\"mce-FNAME\">\n<\/div>\n<div class=\"mc-field-group\">\n\t<label for=\"mce-MMERGE3\">Documento de identidad <\/label><br \/>\n\t<input type=\"text\" value=\"\" name=\"MMERGE3\" class=\"\" id=\"mce-MMERGE3\">\n<\/div>\n<div class=\"mc-field-group\">\n\t<label for=\"mce-MMERGE4\">Direcci\u00f3n  <span class=\"asterisk\">*<\/span><br \/>\n<\/label><br \/>\n\t<input type=\"text\" value=\"\" name=\"MMERGE4\" class=\"required\" id=\"mce-MMERGE4\">\n<\/div>\n<div class=\"mc-field-group\">\n\t<label for=\"mce-MMERGE2\">Pa\u00eds  <span class=\"asterisk\">*<\/span><br \/>\n<\/label><br \/>\n\t<input type=\"text\" value=\"\" name=\"MMERGE2\" class=\"required\" id=\"mce-MMERGE2\">\n<\/div>\n<div class=\"mc-field-group\">\n\t<label for=\"mce-MMERGE5\">T\u00edtulo de la comunicaci\u00f3n  <span class=\"asterisk\">*<\/span><br \/>\n<\/label><br \/>\n\t<input type=\"text\" value=\"\" name=\"MMERGE5\" class=\"required\" id=\"mce-MMERGE5\">\n<\/div>\n<div class=\"mc-field-group\">\n\t<label for=\"mce-MMERGE6\">Datos de facturaci\u00f3n  <span class=\"asterisk\">*<\/span><br \/>\n<\/label><br \/>\n\t<select name=\"MMERGE6\" class=\"required\" id=\"mce-MMERGE6\"><option value=\"\"><\/option><option value=\"Facturar a nombre de la persona inscrita\">Facturar a nombre de la persona inscrita<\/option><option value=\"Facturar a nombre de otra persona\/instituci\u00f3n\">Facturar a nombre de otra persona\/instituci\u00f3n<\/option><\/select>\n<\/div>\n<div class=\"mc-field-group\">\n\t<label for=\"mce-MMERGE7\">Nombre otra persona\/instituci\u00f3n <\/label><br \/>\n\t<input type=\"text\" value=\"\" name=\"MMERGE7\" class=\"\" id=\"mce-MMERGE7\">\n<\/div>\n<div class=\"mc-field-group\">\n\t<label for=\"mce-MMERGE8\">DNI\/CIF <\/label><br \/>\n\t<input type=\"text\" value=\"\" name=\"MMERGE8\" class=\"\" id=\"mce-MMERGE8\">\n<\/div>\n<div class=\"mc-field-group\">\n\t<label for=\"mce-MMERGE9\">Direcci\u00f3n <\/label><br \/>\n\t<input type=\"text\" value=\"\" name=\"MMERGE9\" class=\"\" id=\"mce-MMERGE9\">\n<\/div>\n<div class=\"mc-field-group\">\n\t<label for=\"mce-MMERGE10\">Pa\u00eds <\/label><br \/>\n\t<input type=\"text\" value=\"\" name=\"MMERGE10\" class=\"\" id=\"mce-MMERGE10\">\n<\/div>\n<div id=\"mce-responses\" class=\"clear\">\n<div class=\"response\" id=\"mce-error-response\" style=\"display:none\"><\/div>\n<div class=\"response\" id=\"mce-success-response\" style=\"display:none\"><\/div><\/div>\n<p>    <!-- real people should not fill this in and expect good things - do not remove this or risk form bot signups--><\/p>\n<div style=\"position: absolute; left: -5000px;\" aria-hidden=\"true\"><input type=\"text\" name=\"b_07f439699d688c5ecccbb71c7_db9c4434ae\" tabindex=\"-1\" value=\"\"><\/div>\n<div class=\"clear\"><input type=\"submit\" value=\"Subscribe\" name=\"subscribe\" id=\"mc-embedded-subscribe\" class=\"button\"><\/div><\/div>\n<\/form>\n<\/div>\n<p><script type='text\/javascript' src='\/\/s3.amazonaws.com\/downloads.mailchimp.com\/js\/mc-validate.js'><\/script><script type='text\/javascript'>(function($) {window.fnames = new Array(); window.ftypes = new Array();fnames[0]='EMAIL';ftypes[0]='email';fnames[1]='FNAME';ftypes[1]='text';fnames[3]='MMERGE3';ftypes[3]='text';fnames[4]='MMERGE4';ftypes[4]='text';fnames[2]='MMERGE2';ftypes[2]='text';fnames[5]='MMERGE5';ftypes[5]='text';fnames[6]='MMERGE6';ftypes[6]='dropdown';fnames[7]='MMERGE7';ftypes[7]='text';fnames[8]='MMERGE8';ftypes[8]='text';fnames[9]='MMERGE9';ftypes[9]='text';fnames[10]='MMERGE10';ftypes[10]='text';}(jQuery));var $mcj = jQuery.noConflict(true);<\/script><br \/>\n<!--End mc_embed_signup--><\/p>\n","protected":false},"excerpt":{"rendered":"<p>Subscribe to our mailing list * indicates required Correo electr\u00f3nico * Nombre completo * Documento de identidad Direcci\u00f3n * Pa\u00eds * T\u00edtulo de la comunicaci\u00f3n * Datos de facturaci\u00f3n * Facturar a nombre de la persona inscritaFacturar a nombre de &hellip; <a href=\"https:\/\/3ciencias.com\/en\/conferences\/archived-congresses\/congreso-tecnologia-e-ingenieria\/formulario-de-inscripcion\/\">leer m\u00e1s <span class=\"meta-nav\">&rarr;<\/span><\/a><\/p>\n","protected":false},"author":2,"featured_media":0,"parent":12374,"menu_order":0,"comment_status":"open","ping_status":"closed","template":"tp-congreso.php","meta":{"_bbp_topic_count":0,"_bbp_reply_count":0,"_bbp_total_topic_count":0,"_bbp_total_reply_count":0,"_bbp_voice_count":0,"_bbp_anonymous_reply_count":0,"_bbp_topic_count_hidden":0,"_bbp_reply_count_hidden":0,"_bbp_forum_subforum_count":0,"_mi_skip_tracking":false,"_monsterinsights_sitenote_active":false,"_monsterinsights_sitenote_note":"","_monsterinsights_sitenote_category":0,"footnotes":""},"acf":[],"_links":{"self":[{"href":"https:\/\/3ciencias.com\/en\/wp-json\/wp\/v2\/pages\/12539"}],"collection":[{"href":"https:\/\/3ciencias.com\/en\/wp-json\/wp\/v2\/pages"}],"about":[{"href":"https:\/\/3ciencias.com\/en\/wp-json\/wp\/v2\/types\/page"}],"author":[{"embeddable":true,"href":"https:\/\/3ciencias.com\/en\/wp-json\/wp\/v2\/users\/2"}],"replies":[{"embeddable":true,"href":"https:\/\/3ciencias.com\/en\/wp-json\/wp\/v2\/comments?post=12539"}],"version-history":[{"count":0,"href":"https:\/\/3ciencias.com\/en\/wp-json\/wp\/v2\/pages\/12539\/revisions"}],"up":[{"embeddable":true,"href":"https:\/\/3ciencias.com\/en\/wp-json\/wp\/v2\/pages\/12374"}],"wp:attachment":[{"href":"https:\/\/3ciencias.com\/en\/wp-json\/wp\/v2\/media?parent=12539"}],"curies":[{"name":"wp","href":"https:\/\/api.w.org\/{rel}","templated":true}]}}