{"id":12533,"date":"2017-08-03T12:14:44","date_gmt":"2017-08-03T10:14:44","guid":{"rendered":"https:\/\/3ciencias.com\/congreso-tecnologia-e-ingenieria\/normativa-congreso\/cuota-de-participacion\/"},"modified":"2020-01-28T14:56:36","modified_gmt":"2020-01-28T13:56:36","slug":"cuota-de-participacion","status":"publish","type":"page","link":"https:\/\/3ciencias.com\/en\/cuota-de-participacion\/","title":{"rendered":"Cuota de participaci\u00f3n"},"content":{"rendered":"<p>A continuaci\u00f3n se presenta una relaci\u00f3n de los precios por comunicaci\u00f3n, independientemente del n\u00famero de autores:<\/p>\n<p>&nbsp;<\/p>\n<table>\n<tbody>\n<tr>\n<td width=\"237\">\n<p style=\"text-align: center;\">Env\u00edo resumen, p\u00f3ster y v\u00eddeo-presentaci\u00f3n + certificado y libro de actas con ISBN<\/p>\n<\/td>\n<td style=\"text-align: center;\" width=\"226\">A lo anterior se le suma posterior publicaci\u00f3n en alguna de nuestras revistas<\/td>\n<\/tr>\n<tr>\n<td style=\"text-align: center;\" width=\"237\">155\u20ac<\/td>\n<td width=\"226\">\n<p style=\"text-align: center;\">195\u20ac<\/p>\n<\/td>\n<\/tr>\n<\/tbody>\n<\/table>\n<p>&nbsp;<\/p>\n<p>*Los <strong>costes asociados al pago<\/strong> (gastos de emisi\u00f3n de transferencias internacionales u otros) <strong>correr\u00e1n a cargo del autor de forma \u00edntegra. Si se selecciona el pago por Paypal, el coste total del presupuesto asciende 8\u20ac.<\/strong><\/p>\n<p>*<strong>Si un mismo autor env\u00eda un segundo trabajo, se le har\u00e1 un descuento en el segundo del 15%.<\/strong><\/p>\n<p>*Para la publicaci\u00f3n del trabajo en la Revista ser\u00e1 necesario someter al mismo a determinados cambios en su contenido (t\u00edtulo, resumen y palabras clave).<\/p>\n","protected":false},"excerpt":{"rendered":"<p>A continuaci\u00f3n se presenta una relaci\u00f3n de los precios por comunicaci\u00f3n, independientemente del n\u00famero de autores: &nbsp; Env\u00edo resumen, p\u00f3ster y v\u00eddeo-presentaci\u00f3n + certificado y libro de actas con ISBN A lo anterior se le suma posterior publicaci\u00f3n en alguna &hellip; <a href=\"https:\/\/3ciencias.com\/en\/cuota-de-participacion\/\">leer m\u00e1s <span class=\"meta-nav\">&rarr;<\/span><\/a><\/p>\n","protected":false},"author":2,"featured_media":0,"parent":0,"menu_order":0,"comment_status":"closed","ping_status":"closed","template":"tp-congreso.php","meta":{"_bbp_topic_count":0,"_bbp_reply_count":0,"_bbp_total_topic_count":0,"_bbp_total_reply_count":0,"_bbp_voice_count":0,"_bbp_anonymous_reply_count":0,"_bbp_topic_count_hidden":0,"_bbp_reply_count_hidden":0,"_bbp_forum_subforum_count":0,"_mi_skip_tracking":false,"_monsterinsights_sitenote_active":false,"_monsterinsights_sitenote_note":"","_monsterinsights_sitenote_category":0,"footnotes":""},"acf":[],"_links":{"self":[{"href":"https:\/\/3ciencias.com\/en\/wp-json\/wp\/v2\/pages\/12533"}],"collection":[{"href":"https:\/\/3ciencias.com\/en\/wp-json\/wp\/v2\/pages"}],"about":[{"href":"https:\/\/3ciencias.com\/en\/wp-json\/wp\/v2\/types\/page"}],"author":[{"embeddable":true,"href":"https:\/\/3ciencias.com\/en\/wp-json\/wp\/v2\/users\/2"}],"replies":[{"embeddable":true,"href":"https:\/\/3ciencias.com\/en\/wp-json\/wp\/v2\/comments?post=12533"}],"version-history":[{"count":0,"href":"https:\/\/3ciencias.com\/en\/wp-json\/wp\/v2\/pages\/12533\/revisions"}],"wp:attachment":[{"href":"https:\/\/3ciencias.com\/en\/wp-json\/wp\/v2\/media?parent=12533"}],"curies":[{"name":"wp","href":"https:\/\/api.w.org\/{rel}","templated":true}]}}