{"id":12526,"date":"2017-08-03T12:05:39","date_gmt":"2017-08-03T10:05:39","guid":{"rendered":"https:\/\/3ciencias.com\/congreso-tecnologia-e-ingenieria\/normativa-congreso\/"},"modified":"2017-09-25T15:51:45","modified_gmt":"2017-09-25T13:51:45","slug":"normativa-congreso","status":"publish","type":"page","link":"https:\/\/3ciencias.com\/en\/conferences\/archived-congresses\/congreso-tecnologia-e-ingenieria\/normativa-congreso\/","title":{"rendered":"Normativa congreso"},"content":{"rendered":"<p>Toda persona interesada debe mandar inicialmente el <strong>resumen<\/strong> al correo <a href=\"mailto:info@3ciencias.com\">info@3ciencias.com<\/a> hasta el<strong>\u00a028 de diciembre<\/strong>.<\/p>\n<p>El <strong>2\u00a0de enero como fecha m\u00e1xima <\/strong>se comunicar\u00e1 el <strong>veridicto tras la evaluaci\u00f3n por parte de los expertos<\/strong> por correo electr\u00f3nico.<\/p>\n<p><img decoding=\"async\" loading=\"lazy\" class=\"wp-image-12523 alignright\" src=\"https:\/\/3ciencias.com\/wp-content\/uploads\/2017\/08\/desk-office-pen-ruler.jpg\" alt=\"\" width=\"293\" height=\"199\" \/><\/p>\n<p>Cada autor puede cumplimentar <strong>la inscripci\u00f3n correspondiente<\/strong> <strong>que estar\u00e1 abierta hasta el 21 de enero. Una vez haya sido notificado de que su trabajo ha sido aceptado, se debe realizar el pago de participaci\u00f3n<\/strong> a trav\u00e9s de <strong>transferencia bancaria<\/strong>, remitiendo el correspondiente justificante de pago al correo <a href=\"mailto:info@3ciencias.com\">info@3ciencias.com<\/a>.<\/p>\n<p>Los participantes, tras tener su resumen aceptado deben enviar el resto de documentaci\u00f3n: comunicaci\u00f3n completa, p\u00f3ster, y de forma opcional, v\u00eddeo presentaci\u00f3n, cuya \u00e1rea tem\u00e1tica ha de estar relacionada con la tecnolog\u00eda e ingenier\u00eda. Estos documentos deben cumplir las <strong>caracter\u00edsticas establecidas <\/strong>en la normativa sobre<a href=\"https:\/\/3ciencias.com\/en\/congreso-tecnologia-e-ingenieria\/caracteristicas-los-trabajos\/\" target=\"_blank\" rel=\"noopener\"><strong> presentaci\u00f3n de trabajos cient\u00edficos <\/strong><\/a>para el evento, y\u00a0 siempre dentro de los <strong>plazos establecidos en el <a href=\"https:\/\/3ciencias.com\/en\/congreso-tecnologia-e-ingenieria\/calendario\/\" target=\"_blank\" rel=\"noopener\">calendario<\/a> previsto<\/strong> para el presente congreso.<\/p>\n<p>Los <strong>res\u00famenes<\/strong> que hayan sido aceptados formar\u00e1n parte del <strong>libro de actas,<\/strong> que se editar\u00e1 con su correspondiente<strong> ISBN y DOI<\/strong>.<\/p>\n<p>Tras la realizaci\u00f3n del Congreso, cabe la posibilidad de publicar los trabajos en la revista <strong><a href=\"https:\/\/3ciencias.com\/en\/revistas\/categoria\/tecnologia-en\/\" target=\"_blank\" rel=\"noopener\">3C Tecnolog\u00eda<\/a>. <\/strong>En el momento de la inscripci\u00f3n, los autores pueden seleccionar la participaci\u00f3n en el evento solamente (con la comunicaci\u00f3n, p\u00f3ster, publicaci\u00f3n del libro de abstracts y presentaci\u00f3n online), o, adem\u00e1s de lo anterior, tambi\u00e9n se puede seleccionar la posterior publicaci\u00f3n del trabajo en la mencionada revista.<strong><br \/>\n<\/strong><\/p>\n<p><strong>Los participantes deber\u00e1n estar de acuerdo con ceder los derechos de publicaci\u00f3n de los art\u00edculos y los res\u00famenes a \u00c1REA DE INNOVACI\u00d3N Y DESARROLLO, S.L.<\/strong><\/p>\n<p><strong>MUY IMPORTANTE:<\/strong><\/p>\n<ul>\n<li><strong>No se admitir\u00e1n comunicaciones<\/strong> que hayan sido <strong>presentadas<\/strong> <strong>en otros congresos o revistas<\/strong>.<\/li>\n<li>Deber\u00e1n <strong>seguir las directrices y la normativa<\/strong> del el congreso.<\/li>\n<li>Solo se admitir\u00e1n <strong>trabajos<\/strong> que hayan sido <strong>recibidos durante los plazos<\/strong> de recepci\u00f3n<strong> establecidos<\/strong>.<\/li>\n<li>Los elementos que costituyen el comunicado deber\u00e1n <strong>seguir el formato de plantillas de redacci\u00f3n especialmente creadas para el congreso<\/strong>. As\u00ed pues, los trabajos deben remitirse en formato <strong>OTD<\/strong> o <strong>DOC<\/strong> en el caso del <strong>resumen<\/strong> y el <strong>texto completo<\/strong>, y en formato<strong> PPT<\/strong> para el <strong>p\u00f3ster<\/strong>; no se admite ning\u00fan otro tipo de formato en cada caso.<\/li>\n<\/ul>\n","protected":false},"excerpt":{"rendered":"<p>Toda persona interesada debe mandar inicialmente el resumen al correo info@3ciencias.com hasta el\u00a028 de diciembre. El 2\u00a0de enero como fecha m\u00e1xima se comunicar\u00e1 el veridicto tras la evaluaci\u00f3n por parte de los expertos por correo electr\u00f3nico. Cada autor puede cumplimentar &hellip; <a href=\"https:\/\/3ciencias.com\/en\/conferences\/archived-congresses\/congreso-tecnologia-e-ingenieria\/normativa-congreso\/\">leer m\u00e1s <span class=\"meta-nav\">&rarr;<\/span><\/a><\/p>\n","protected":false},"author":2,"featured_media":12524,"parent":12374,"menu_order":0,"comment_status":"open","ping_status":"closed","template":"tp-congreso.php","meta":{"_bbp_topic_count":0,"_bbp_reply_count":0,"_bbp_total_topic_count":0,"_bbp_total_reply_count":0,"_bbp_voice_count":0,"_bbp_anonymous_reply_count":0,"_bbp_topic_count_hidden":0,"_bbp_reply_count_hidden":0,"_bbp_forum_subforum_count":0,"_mi_skip_tracking":false,"_monsterinsights_sitenote_active":false,"_monsterinsights_sitenote_note":"","_monsterinsights_sitenote_category":0,"footnotes":""},"acf":[],"_links":{"self":[{"href":"https:\/\/3ciencias.com\/en\/wp-json\/wp\/v2\/pages\/12526"}],"collection":[{"href":"https:\/\/3ciencias.com\/en\/wp-json\/wp\/v2\/pages"}],"about":[{"href":"https:\/\/3ciencias.com\/en\/wp-json\/wp\/v2\/types\/page"}],"author":[{"embeddable":true,"href":"https:\/\/3ciencias.com\/en\/wp-json\/wp\/v2\/users\/2"}],"replies":[{"embeddable":true,"href":"https:\/\/3ciencias.com\/en\/wp-json\/wp\/v2\/comments?post=12526"}],"version-history":[{"count":0,"href":"https:\/\/3ciencias.com\/en\/wp-json\/wp\/v2\/pages\/12526\/revisions"}],"up":[{"embeddable":true,"href":"https:\/\/3ciencias.com\/en\/wp-json\/wp\/v2\/pages\/12374"}],"wp:featuredmedia":[{"embeddable":true,"href":"https:\/\/3ciencias.com\/en\/wp-json\/wp\/v2\/media\/12524"}],"wp:attachment":[{"href":"https:\/\/3ciencias.com\/en\/wp-json\/wp\/v2\/media?parent=12526"}],"curies":[{"name":"wp","href":"https:\/\/api.w.org\/{rel}","templated":true}]}}