{"id":12512,"date":"2017-08-03T11:01:46","date_gmt":"2017-08-03T09:01:46","guid":{"rendered":"https:\/\/3ciencias.com\/congreso-tecnologia-e-ingenieria\/caracteristicas-los-trabajos\/"},"modified":"2017-08-03T11:08:12","modified_gmt":"2017-08-03T09:08:12","slug":"caracteristicas-los-trabajos","status":"publish","type":"page","link":"https:\/\/3ciencias.com\/en\/conferences\/archived-congresses\/congreso-tecnologia-e-ingenieria\/caracteristicas-los-trabajos\/","title":{"rendered":"Caracter\u00edsticas de los trabajos"},"content":{"rendered":"<ul>\n<li><strong>Caracter\u00edsticas del resumen<\/strong><\/li>\n<\/ul>\n<p>Se ha de presentar el correspondiente resumen del trabajo realizado. En \u00e9l ha de constar:<\/p>\n<ul>\n<li>T\u00edtulo del trabajo en castellano e ingl\u00e9s.<\/li>\n<li>Nombre del autor\/es del trabajo, junto su descripci\u00f3n profesional y direcci\u00f3n e-mail (de acuerdo con la plantilla).<\/li>\n<li>Resumen del art\u00edculo, tanto en castellano como en ingl\u00e9s.<\/li>\n<li>Referencias bibliogr\u00e1ficas empleadas para la realizaci\u00f3n del trabajo, siguiendo la normativa del <a href=\"http:\/\/3ciencias.com\/libros\/libro\/manual-referencias-bibliograficas-la-editorial-3ciencias\/\">Manual de referencias bibliogr\u00e1ficas 3Ciencias<\/a>.<\/li>\n<li>El resumen no exceder\u00e1 las 250 palabras.<\/li>\n<\/ul>\n<p>Nota: Seguir <a href=\"http:\/\/3ciencias.com\/plantilla-abstract\/\">Plantilla del resumen<\/a> como referencia.<\/p>\n<p>&nbsp;<\/p>\n<ul>\n<li><strong>Caracter\u00edsticas del texto completo<\/strong><\/li>\n<li>Los trabajos completos, que ser\u00e1n in\u00e9ditos, tendr\u00e1n una extensi\u00f3n m\u00e1xima de 6.500 palabras, incluyendo las notas a pie de p\u00e1gina y la bibliograf\u00eda, aunque se apreciar\u00e1n extensiones m\u00e1s breves.<\/li>\n<li>El t\u00edtulo del mismo deber\u00e1 estar expresado en castellano e ingl\u00e9s.<\/li>\n<li>Los trabajos deber\u00e1n estar escritos en castellano o ingl\u00e9s.<\/li>\n<li>Cada trabajo deber\u00e1 ir precedido de un peque\u00f1o resumen (que se habr\u00e1 presentado previamente), en castellano e ingl\u00e9s, y de cinco palabras clave \/ keywords en ambos idiomas.<\/li>\n<li>Se valorar\u00e1 la inclusi\u00f3n de cuadros y gr\u00e1ficos que apoyen las tesis desarrolladas y defendidas en el trabajo.<\/li>\n<li>Deber\u00e1 aparecer el nombre del autor\/es en la primera hoja, junto a la titulaci\u00f3n acad\u00e9mica e instituci\u00f3n donde se obtuvo, actual empresa o instituci\u00f3n y el correo electr\u00f3nico.<\/li>\n<li>Las referencias ir\u00e1n al final del trabajo bajo el ep\u00edgrafe Referencias bibliogr\u00e1ficas. Para ello, es necesario seguir en todo momento el <a href=\"http:\/\/3ciencias.com\/libros\/libro\/manual-referencias-bibliograficas-la-editorial-3ciencias\/\">Manual de referencias bibliogr\u00e1ficas 3Ciencias.<\/a><\/li>\n<li>No se admitir\u00e1n trabajos con errores ortogr\u00e1ficos. Los contenidos de los escritos deben ser cuidadosamente revisados antes del env\u00edo.<\/li>\n<li>Los originales se enviar\u00e1n en formato \u201cWord\u201d o compatible y a color.<\/li>\n<li>Las im\u00e1genes de la publicaci\u00f3n se enviar\u00e1n en formato jpg.<\/li>\n<\/ul>\n<p>Nota: Seguir <a href=\"http:\/\/3ciencias.com\/plantilla-articulo\/\">Plantilla del trabajo cient\u00edfico<\/a> como referencia.<\/p>\n<p>&nbsp;<\/p>\n<ul>\n<li><strong>Caracter\u00edsticas del p\u00f3ster<\/strong><\/li>\n<\/ul>\n<p>Seg\u00fan los puntos desarrollados en el art\u00edculo, \u00e9stos se han de presentar en el p\u00f3ster de forma simplificada, donde se presenten las ideas clave de cada una de las partes.<\/p>\n<p>En el p\u00f3ster debe constar:<\/p>\n<ul>\n<li>T\u00edtulo<\/li>\n<li>Autores y peque\u00f1a biograf\u00eda<\/li>\n<li>Introducci\u00f3n<\/li>\n<li>Desarrollo<\/li>\n<li>Conclusiones<\/li>\n<li>Referencias bibliogr\u00e1ficas<\/li>\n<\/ul>\n<p>El despliegue de p\u00f3ster ser\u00e1 en vertical, en formato Microsoft Power Point o compatible, y con un tama\u00f1o de 80 cm de ancho por 100 cm de alto. El p\u00f3ster ha de estar construido por una sola hoja.<\/p>\n<p>Se debe utilizar una tipograf\u00eda Arial con un tama\u00f1o que resulte a proporci\u00f3n del tama\u00f1o del p\u00f3ster (se recomienda Arial 11).<\/p>\n<p>Nota: Seguir <a href=\"http:\/\/3ciencias.com\/plantilla-poster\/\">Plantilla de p\u00f3ster<\/a> como referencia.<\/p>\n<p>&nbsp;<\/p>\n<p>Todas las aportaciones recibidas ser\u00e1n sometidas a revisi\u00f3n por pares por parte del Comit\u00e9 Cient\u00edfico, asegurando de este modo la calidad y rigurosidad en los procesos de evaluaci\u00f3n. Para el presente evento se examinar\u00e1n todos los elementos que constituyen las comunicaciones presentadas, siguiendo los criterios descritos para el mismo.<\/p>\n<p>Los resultados de las evaluaciones ser\u00e1n comunicadas a trav\u00e9s de correo electr\u00f3nico a sus autores.<\/p>\n<ul>\n<li><strong>Caracter\u00edsticas del v\u00eddeo<\/strong><\/li>\n<li>El tiempo de duraci\u00f3n debe ser entre 5 y 10 minutos<\/li>\n<li>El peso del archivo no puede exceder 1GB.<\/li>\n<li>Preferentemente formatos ligeros como .mp4, .mkv,\u2026<\/li>\n<\/ul>\n<p><strong>\u00a0<\/strong><\/p>\n","protected":false},"excerpt":{"rendered":"<p>Caracter\u00edsticas del resumen Se ha de presentar el correspondiente resumen del trabajo realizado. En \u00e9l ha de constar: T\u00edtulo del trabajo en castellano e ingl\u00e9s. Nombre del autor\/es del trabajo, junto su descripci\u00f3n profesional y direcci\u00f3n e-mail (de acuerdo con &hellip; <a href=\"https:\/\/3ciencias.com\/en\/conferences\/archived-congresses\/congreso-tecnologia-e-ingenieria\/caracteristicas-los-trabajos\/\">leer m\u00e1s <span class=\"meta-nav\">&rarr;<\/span><\/a><\/p>\n","protected":false},"author":2,"featured_media":0,"parent":12374,"menu_order":0,"comment_status":"open","ping_status":"closed","template":"tp-congreso.php","meta":{"_bbp_topic_count":0,"_bbp_reply_count":0,"_bbp_total_topic_count":0,"_bbp_total_reply_count":0,"_bbp_voice_count":0,"_bbp_anonymous_reply_count":0,"_bbp_topic_count_hidden":0,"_bbp_reply_count_hidden":0,"_bbp_forum_subforum_count":0,"_mi_skip_tracking":false,"_monsterinsights_sitenote_active":false,"_monsterinsights_sitenote_note":"","_monsterinsights_sitenote_category":0,"footnotes":""},"acf":[],"_links":{"self":[{"href":"https:\/\/3ciencias.com\/en\/wp-json\/wp\/v2\/pages\/12512"}],"collection":[{"href":"https:\/\/3ciencias.com\/en\/wp-json\/wp\/v2\/pages"}],"about":[{"href":"https:\/\/3ciencias.com\/en\/wp-json\/wp\/v2\/types\/page"}],"author":[{"embeddable":true,"href":"https:\/\/3ciencias.com\/en\/wp-json\/wp\/v2\/users\/2"}],"replies":[{"embeddable":true,"href":"https:\/\/3ciencias.com\/en\/wp-json\/wp\/v2\/comments?post=12512"}],"version-history":[{"count":0,"href":"https:\/\/3ciencias.com\/en\/wp-json\/wp\/v2\/pages\/12512\/revisions"}],"up":[{"embeddable":true,"href":"https:\/\/3ciencias.com\/en\/wp-json\/wp\/v2\/pages\/12374"}],"wp:attachment":[{"href":"https:\/\/3ciencias.com\/en\/wp-json\/wp\/v2\/media?parent=12512"}],"curies":[{"name":"wp","href":"https:\/\/api.w.org\/{rel}","templated":true}]}}