{"id":12487,"date":"2017-07-31T13:17:45","date_gmt":"2017-07-31T11:17:45","guid":{"rendered":"https:\/\/3ciencias.com\/congreso-tecnologia-e-ingenieria\/comites\/comite-cientifico\/"},"modified":"2017-09-06T13:58:18","modified_gmt":"2017-09-06T11:58:18","slug":"comite-cientifico","status":"publish","type":"page","link":"https:\/\/3ciencias.com\/en\/conferences\/archived-congresses\/congreso-tecnologia-e-ingenieria\/comites\/comite-cientifico\/","title":{"rendered":"Comit\u00e9 Cient\u00edfico"},"content":{"rendered":"<ul>\n<li>Prof. Dra. Elena Navarro Astor. Universidad Polit\u00e9cnica de Valencia<\/li>\n<li>Prof. Dr. Diego Pablo Ruiz Padillo. Universidad de Granada<\/li>\n<li>Prof. Dr. Manuel Llorca Alc\u00f3n. Universidad Polit\u00e9cnica de Valencia<\/li>\n<li>Prof. Dr. Jos\u00e9 A. \u00c1lvarez Jare\u00f1o. Universidad de Valencia<\/li>\n<li>Prof. Dr. Miguel \u00c1ngel Sell\u00e9s Cant\u00f3. Universidad Polit\u00e9cnica de Valencia<\/li>\n<li>Prof. Dr. Pedro Ramiro Palos S\u00e1nchez. Universidad de Extremadura<\/li>\n<li>Prof. Dr. Antonio Vicente Mart\u00ednez Sanz. Universidad Polit\u00e9cnica de Valencia<\/li>\n<li>Prof. Dr. Ra\u00fal Francisco Oltra Badenes. Universidad Polit\u00e9cnica de Valencia<\/li>\n<li>Prof. Dr. V\u00edctor Roda Casanova. Universitat Jaume I (Castell\u00f3n de la Plana)<\/li>\n<li>Prof. Dr. Juan Vicente Oltra Guti\u00e9rrez. Universidad Polit\u00e9cnica de Valencia<\/li>\n<li>Prof. Dra. Mar\u00eda de los Reyes Grangel Seguer. Universitat Jaume I (Castell\u00f3n de la Plana)<\/li>\n<li>Prof. Dr. Jos\u00e9 Mar\u00eda C\u00e1mara Zapata. Universidad Miguel Hern\u00e1ndez de Elche (Alicante)<\/li>\n<li>Prof. Dr. Juan Jos\u00e9 Zamora Belver. Universidad del Pa\u00eds Vasco<\/li>\n<li>Prof. Dr. Francisco Javier C\u00e1rcel Carrasco. Universidad Polit\u00e9cnica de Valencia<\/li>\n<li>Prof. Dr. Pablo Alejandro Cruz Franco. Universidad de Extremadura<\/li>\n<li>Prof. Dra. Ana Isabel P\u00e9rez Molina. Universidad Polit\u00e9cnica de Valencia<\/li>\n<li>Prof. Ing. Lydia Fabiana Ferreira Aicardi. Universidad de Buenos Aires<\/li>\n<li>Prof. Dr. V\u00edctor Gisbert Soler. Universidad Polit\u00e9cnica de Valencia<\/li>\n<li>Prof. Dr. \u00c1ngel Barrag\u00e1n Cervera. Universitat Jaume I (Castell\u00f3n de la Plana)<\/li>\n<li>PhD Student. Ignacio Miralles Tena. Universitat Jaume I (Castell\u00f3n de la Plana)<\/li>\n<li>Prof. Dr. Manuel Parra Ray\u00f3n. Universidad de Granada<\/li>\n<li>Prof. Dra. Juana Arias Trujillo. Universidad de Extremadura<\/li>\n<li>Prof. Dr. Juan Antonio Garc\u00eda Esparza.\u00a0Universitat Jaume I (Castell\u00f3n de la Plana)<\/li>\n<\/ul>\n<p>&nbsp;<\/p>\n<p>&nbsp;<\/p>\n","protected":false},"excerpt":{"rendered":"<p>Prof. Dra. Elena Navarro Astor. Universidad Polit\u00e9cnica de Valencia Prof. Dr. Diego Pablo Ruiz Padillo. Universidad de Granada Prof. Dr. Manuel Llorca Alc\u00f3n. Universidad Polit\u00e9cnica de Valencia Prof. Dr. Jos\u00e9 A. \u00c1lvarez Jare\u00f1o. Universidad de Valencia Prof. Dr. Miguel \u00c1ngel &hellip; <a href=\"https:\/\/3ciencias.com\/en\/conferences\/archived-congresses\/congreso-tecnologia-e-ingenieria\/comites\/comite-cientifico\/\">leer m\u00e1s <span class=\"meta-nav\">&rarr;<\/span><\/a><\/p>\n","protected":false},"author":2,"featured_media":0,"parent":12477,"menu_order":0,"comment_status":"closed","ping_status":"closed","template":"tp-congreso.php","meta":{"_bbp_topic_count":0,"_bbp_reply_count":0,"_bbp_total_topic_count":0,"_bbp_total_reply_count":0,"_bbp_voice_count":0,"_bbp_anonymous_reply_count":0,"_bbp_topic_count_hidden":0,"_bbp_reply_count_hidden":0,"_bbp_forum_subforum_count":0,"_mi_skip_tracking":false,"_monsterinsights_sitenote_active":false,"_monsterinsights_sitenote_note":"","_monsterinsights_sitenote_category":0,"footnotes":""},"acf":[],"_links":{"self":[{"href":"https:\/\/3ciencias.com\/en\/wp-json\/wp\/v2\/pages\/12487"}],"collection":[{"href":"https:\/\/3ciencias.com\/en\/wp-json\/wp\/v2\/pages"}],"about":[{"href":"https:\/\/3ciencias.com\/en\/wp-json\/wp\/v2\/types\/page"}],"author":[{"embeddable":true,"href":"https:\/\/3ciencias.com\/en\/wp-json\/wp\/v2\/users\/2"}],"replies":[{"embeddable":true,"href":"https:\/\/3ciencias.com\/en\/wp-json\/wp\/v2\/comments?post=12487"}],"version-history":[{"count":0,"href":"https:\/\/3ciencias.com\/en\/wp-json\/wp\/v2\/pages\/12487\/revisions"}],"up":[{"embeddable":true,"href":"https:\/\/3ciencias.com\/en\/wp-json\/wp\/v2\/pages\/12477"}],"wp:attachment":[{"href":"https:\/\/3ciencias.com\/en\/wp-json\/wp\/v2\/media?parent=12487"}],"curies":[{"name":"wp","href":"https:\/\/api.w.org\/{rel}","templated":true}]}}