{"id":12477,"date":"2017-07-31T12:19:45","date_gmt":"2017-07-31T10:19:45","guid":{"rendered":"https:\/\/3ciencias.com\/congreso-tecnologia-e-ingenieria\/comites\/"},"modified":"2017-07-31T13:20:46","modified_gmt":"2017-07-31T11:20:46","slug":"comites","status":"publish","type":"page","link":"https:\/\/3ciencias.com\/en\/conferences\/archived-congresses\/congreso-tecnologia-e-ingenieria\/comites\/","title":{"rendered":"Comit\u00e9s"},"content":{"rendered":"<ul>\n<li><a href=\"\/?page_id=12476\" target=\"_blank\" rel=\"noopener\">Comit\u00e9 Organizador<\/a><\/li>\n<li><a href=\"\/?page_id=12482\" target=\"_blank\" rel=\"noopener\">Comit\u00e9 Cient\u00edfico<\/a><\/li>\n<\/ul>\n<p><img decoding=\"async\" loading=\"lazy\" class=\"aligncenter wp-image-12473\" src=\"https:\/\/3ciencias.com\/wp-content\/uploads\/2017\/07\/pexels-photo-515167.jpeg\" alt=\"\" width=\"378\" height=\"255\" \/><\/p>\n","protected":false},"excerpt":{"rendered":"<p>Comit\u00e9 Organizador Comit\u00e9 Cient\u00edfico<\/p>\n","protected":false},"author":2,"featured_media":12474,"parent":12374,"menu_order":0,"comment_status":"open","ping_status":"closed","template":"tp-congreso.php","meta":{"_bbp_topic_count":0,"_bbp_reply_count":0,"_bbp_total_topic_count":0,"_bbp_total_reply_count":0,"_bbp_voice_count":0,"_bbp_anonymous_reply_count":0,"_bbp_topic_count_hidden":0,"_bbp_reply_count_hidden":0,"_bbp_forum_subforum_count":0,"_mi_skip_tracking":false,"_monsterinsights_sitenote_active":false,"_monsterinsights_sitenote_note":"","_monsterinsights_sitenote_category":0,"footnotes":""},"acf":[],"_links":{"self":[{"href":"https:\/\/3ciencias.com\/en\/wp-json\/wp\/v2\/pages\/12477"}],"collection":[{"href":"https:\/\/3ciencias.com\/en\/wp-json\/wp\/v2\/pages"}],"about":[{"href":"https:\/\/3ciencias.com\/en\/wp-json\/wp\/v2\/types\/page"}],"author":[{"embeddable":true,"href":"https:\/\/3ciencias.com\/en\/wp-json\/wp\/v2\/users\/2"}],"replies":[{"embeddable":true,"href":"https:\/\/3ciencias.com\/en\/wp-json\/wp\/v2\/comments?post=12477"}],"version-history":[{"count":0,"href":"https:\/\/3ciencias.com\/en\/wp-json\/wp\/v2\/pages\/12477\/revisions"}],"up":[{"embeddable":true,"href":"https:\/\/3ciencias.com\/en\/wp-json\/wp\/v2\/pages\/12374"}],"wp:featuredmedia":[{"embeddable":true,"href":"https:\/\/3ciencias.com\/en\/wp-json\/wp\/v2\/media\/12474"}],"wp:attachment":[{"href":"https:\/\/3ciencias.com\/en\/wp-json\/wp\/v2\/media?parent=12477"}],"curies":[{"name":"wp","href":"https:\/\/api.w.org\/{rel}","templated":true}]}}