{"id":12374,"date":"2017-07-19T10:50:36","date_gmt":"2017-07-19T08:50:36","guid":{"rendered":"https:\/\/3ciencias.com\/?page_id=12374\/"},"modified":"2019-01-29T13:51:07","modified_gmt":"2019-01-29T12:51:07","slug":"congreso-tecnologia-e-ingenieria","status":"publish","type":"page","link":"https:\/\/3ciencias.com\/en\/conferences\/archived-congresses\/congreso-tecnologia-e-ingenieria\/","title":{"rendered":"I Congreso Internacional Online sobre Tecnolog\u00eda e Ingenier\u00eda: Procesos y Productos"},"content":{"rendered":"<p>Desde 3Ciencias queremos presentar el <strong>I Congreso Internacional Online sobre Tecnolog\u00eda e Ingenier\u00eda: Procesos y Productos<\/strong>, lanzado con la intenci\u00f3n de incrementar y revelar nuevos hallazgos cient\u00edficos de las diferentes disciplinas dentro de la Tecnolog\u00eda y la Ingenier\u00eda.<\/p>\n<p><img decoding=\"async\" loading=\"lazy\" class=\"aligncenter wp-image-12833\" src=\"https:\/\/3ciencias.com\/wp-content\/uploads\/2017\/07\/CARTEL3_tallat-1.jpg\" alt=\"\" width=\"317\" height=\"277\" srcset=\"https:\/\/3ciencias.com\/wp-content\/uploads\/2017\/07\/CARTEL3_tallat-1.jpg 1000w, https:\/\/3ciencias.com\/wp-content\/uploads\/2017\/07\/CARTEL3_tallat-1-300x262.jpg 300w, https:\/\/3ciencias.com\/wp-content\/uploads\/2017\/07\/CARTEL3_tallat-1-768x670.jpg 768w, https:\/\/3ciencias.com\/wp-content\/uploads\/2017\/07\/CARTEL3_tallat-1-150x131.jpg 150w, https:\/\/3ciencias.com\/wp-content\/uploads\/2017\/07\/CARTEL3_tallat-1-344x300.jpg 344w\" sizes=\"(max-width: 317px) 100vw, 317px\" \/>El evento tendr\u00e1 lugar entre los d\u00edas <strong>12 y 16 de febrero<\/strong> del pr\u00f3ximo 2018, y se celebrar\u00e1 de forma virtual, eliminando cualquier barrera geogr\u00e1fica o temporal. Adem\u00e1s, est\u00e1 abierto a todos los profesionales, ya sean estudiantes m\u00e1ster o de doctorado, expertos, docentes, etc.<\/p>\n<p>Se contar\u00e1 con diferentes <strong>comunicaciones, presentaciones y v\u00eddeos con ponencias<\/strong> magistrales abiertas a todos los interesados y posteriormente<strong> se publicar\u00e1 el<\/strong> <strong>libro de actas del evento con el correspondiente ISBN.<\/strong><\/p>\n<p>Las <strong>principales l\u00edneas de investigaci\u00f3n<\/strong> ser\u00e1n las siguientes:<\/p>\n<ul>\n<li>Ingenier\u00eda Mec\u00e1nica y Biomec\u00e1nica<\/li>\n<li>Educaci\u00f3n en Ingenier\u00eda. Formaci\u00f3n en ingenier\u00eda de proyectos<\/li>\n<li>Ingenier\u00eda de Fabricaci\u00f3n y Metrolog\u00eda<\/li>\n<li>Ingenier\u00eda Ferroviaria, de Veh\u00edculos y Transporte<\/li>\n<li>Sostenibilidad y Medio ambiente en Ingenier\u00eda<\/li>\n<li>Ingenier\u00eda Civil, Urbanismo y Ordenaci\u00f3n del Territorio<\/li>\n<li>Arquitectura y Construcci\u00f3n. Habitabilidad y Recursos Urbanos<\/li>\n<li>Eficiencia Energ\u00e9tica, Energ\u00edas Renovables<\/li>\n<li>Ingenier\u00eda del Dise\u00f1o Industrial. Procesos y Dise\u00f1o y de Producto<\/li>\n<li>Desarrollo Rural y Proyectos de cooperaci\u00f3n al Desarrollo. N\u00facleos y Territorios rurales inteligentes<\/li>\n<li>Ingenier\u00eda del Software. Sociedad de la Informaci\u00f3n. Tecnolog\u00edas de la Informaci\u00f3n y las Comunicaciones. Seguridad inform\u00e1tica. IoT. Big Data<\/li>\n<li>Ingenier\u00eda Naval e Industria Mar\u00edtima<\/li>\n<li>Ingenier\u00eda F\u00edsica e Ingenier\u00eda Qu\u00edmica<\/li>\n<li>Ingenier\u00eda Industrial y de la Organizaci\u00f3n. Calidad y Gesti\u00f3n del producto. Investigaci\u00f3n Operativa, Modelado y Simulaci\u00f3n<\/li>\n<li>Ingenier\u00eda Forestal<\/li>\n<li>Innovaci\u00f3n y Emprendedurismo en Ingenier\u00eda<\/li>\n<li>Ingenier\u00eda Aeron\u00e1utica y Aeroespacial<\/li>\n<li>Tecnolog\u00eda aplicada a las Ciencias de la Salud<\/li>\n<li>Ingenier\u00eda El\u00e9ctrica<\/li>\n<li>Ingenier\u00eda de las Telecomunicaciones<\/li>\n<li>Agron\u00f3mica y Ciencias y Tecnolog\u00edas de los alimentos.<\/li>\n<\/ul>\n<p>&nbsp;<\/p>\n<p>&nbsp;<\/p>\n<p>&nbsp;<\/p>\n","protected":false},"excerpt":{"rendered":"<p>Desde 3Ciencias queremos presentar el I Congreso Internacional Online sobre Tecnolog\u00eda e Ingenier\u00eda: Procesos y Productos, lanzado con la intenci\u00f3n de incrementar y revelar nuevos hallazgos cient\u00edficos de las diferentes disciplinas dentro de la Tecnolog\u00eda y la Ingenier\u00eda. El evento &hellip; <a href=\"https:\/\/3ciencias.com\/en\/conferences\/archived-congresses\/congreso-tecnologia-e-ingenieria\/\">leer m\u00e1s <span class=\"meta-nav\">&rarr;<\/span><\/a><\/p>\n","protected":false},"author":2,"featured_media":12834,"parent":9062,"menu_order":0,"comment_status":"open","ping_status":"closed","template":"tp-congreso.php","meta":{"_bbp_topic_count":0,"_bbp_reply_count":0,"_bbp_total_topic_count":0,"_bbp_total_reply_count":0,"_bbp_voice_count":0,"_bbp_anonymous_reply_count":0,"_bbp_topic_count_hidden":0,"_bbp_reply_count_hidden":0,"_bbp_forum_subforum_count":0,"_mi_skip_tracking":false,"_monsterinsights_sitenote_active":false,"_monsterinsights_sitenote_note":"","_monsterinsights_sitenote_category":0,"footnotes":""},"acf":[],"_links":{"self":[{"href":"https:\/\/3ciencias.com\/en\/wp-json\/wp\/v2\/pages\/12374"}],"collection":[{"href":"https:\/\/3ciencias.com\/en\/wp-json\/wp\/v2\/pages"}],"about":[{"href":"https:\/\/3ciencias.com\/en\/wp-json\/wp\/v2\/types\/page"}],"author":[{"embeddable":true,"href":"https:\/\/3ciencias.com\/en\/wp-json\/wp\/v2\/users\/2"}],"replies":[{"embeddable":true,"href":"https:\/\/3ciencias.com\/en\/wp-json\/wp\/v2\/comments?post=12374"}],"version-history":[{"count":0,"href":"https:\/\/3ciencias.com\/en\/wp-json\/wp\/v2\/pages\/12374\/revisions"}],"up":[{"embeddable":true,"href":"https:\/\/3ciencias.com\/en\/wp-json\/wp\/v2\/pages\/9062"}],"wp:featuredmedia":[{"embeddable":true,"href":"https:\/\/3ciencias.com\/en\/wp-json\/wp\/v2\/media\/12834"}],"wp:attachment":[{"href":"https:\/\/3ciencias.com\/en\/wp-json\/wp\/v2\/media?parent=12374"}],"curies":[{"name":"wp","href":"https:\/\/api.w.org\/{rel}","templated":true}]}}