{"id":10334,"date":"2012-03-29T12:05:02","date_gmt":"2012-03-29T12:05:02","guid":{"rendered":"https:\/\/3ciencias.com\/registrar\/"},"modified":"2018-09-28T09:50:06","modified_gmt":"2018-09-28T07:50:06","slug":"registrar","status":"publish","type":"page","link":"https:\/\/3ciencias.com\/en\/registrar\/","title":{"rendered":"Registrar"},"content":{"rendered":"<div id=\"simplr-form\"><h3 class=\"registration personal\">Informaci\u00f3n personal<\/h3><form method=\"post\" action=\"\" id=\"simplr-reg\"><div class=\"simplr-field\"><label for=\"username\" class=\"left\">Usuario: <span class=\"required\">*<\/span><\/label><input type=\"text\" name=\"username\" class=\"right\" value=\"\" \/><br\/><\/div><div class=\"simplr-field\"><label for=\"fname\" class=\"left\">Nombre:<\/label><input type=\"text\" name=\"fname\" class=\"right\" value=\"\" \/><br\/><\/div><div class=\"simplr-field\"><label for=\"lname\" class=\"left\">Apellidos:<\/label><input type=\"text\" name=\"lname\" class=\"right\" value=\"\"\/><br\/><\/div><h3 class=\"registration email\">Informacion de contacto<\/h3><div class=\"simplr-field email-field\"><label for=\"email\" class=\"left\">Email: <span class=\"required\">*<\/span><\/label><input type=\"text\" name=\"email\" class=\"right\" value=\"\" \/><br\/><\/div><div class=\"simplr-field email-field\"><label for=\"email\" class=\"left\">Confirmar Email: <span class=\"required\">*<\/span><\/label><input type=\"text\" name=\"email_confirm\" class=\"right\" value=\"\" \/><br\/><\/div><h3 class=\"registration password\">Introducir contrase\u00f1a<\/h3><div class=\"simplr-field\"><label for=\"password\" class=\"left\">Contrase\u00f1a<\/label><input type=\"password\" name=\"password\" class=\"right\" value=\"\"\/><br\/><\/div><div class=\"simplr-field\"><label for=\"password-confirm\" class=\"left\">Confirmar Contrase\u00f1a<\/label><input type=\"password\" name=\"password_confirm\" class=\"right\" value=\"\"\/><br\/><\/div><div class=\"simplr-field\"><label for=\"password-confirm\" class=\"left\">\u00a0<\/label><input type=\"submit\" name=\"submit-reg\" value=\"Registrar\" class=\"submit button\"><\/div><input type=\"hidden\" name=\"simplr_nonce\" value=\"c3421fa7b7\" \/><\/form><\/div>\n","protected":false},"excerpt":{"rendered":"Informaci\u00f3n personalUsuario: *Nombre:Apellidos:Informacion de contactoEmail: *Confirmar Email: *Introducir contrase\u00f1aContrase\u00f1aConfirmar Contrase\u00f1a\u00a0","protected":false},"author":1,"featured_media":0,"parent":0,"menu_order":0,"comment_status":"closed","ping_status":"closed","template":"","meta":{"_bbp_topic_count":0,"_bbp_reply_count":0,"_bbp_total_topic_count":0,"_bbp_total_reply_count":0,"_bbp_voice_count":0,"_bbp_anonymous_reply_count":0,"_bbp_topic_count_hidden":0,"_bbp_reply_count_hidden":0,"_bbp_forum_subforum_count":0,"_mi_skip_tracking":false,"_monsterinsights_sitenote_active":false,"_monsterinsights_sitenote_note":"","_monsterinsights_sitenote_category":0,"footnotes":""},"acf":[],"_links":{"self":[{"href":"https:\/\/3ciencias.com\/en\/wp-json\/wp\/v2\/pages\/10334"}],"collection":[{"href":"https:\/\/3ciencias.com\/en\/wp-json\/wp\/v2\/pages"}],"about":[{"href":"https:\/\/3ciencias.com\/en\/wp-json\/wp\/v2\/types\/page"}],"author":[{"embeddable":true,"href":"https:\/\/3ciencias.com\/en\/wp-json\/wp\/v2\/users\/1"}],"replies":[{"embeddable":true,"href":"https:\/\/3ciencias.com\/en\/wp-json\/wp\/v2\/comments?post=10334"}],"version-history":[{"count":0,"href":"https:\/\/3ciencias.com\/en\/wp-json\/wp\/v2\/pages\/10334\/revisions"}],"wp:attachment":[{"href":"https:\/\/3ciencias.com\/en\/wp-json\/wp\/v2\/media?parent=10334"}],"curies":[{"name":"wp","href":"https:\/\/api.w.org\/{rel}","templated":true}]}}