{"id":10325,"date":"2012-04-02T17:17:52","date_gmt":"2012-04-02T15:17:52","guid":{"rendered":"https:\/\/3ciencias.com\/aviso-legal\/"},"modified":"2023-11-06T13:07:53","modified_gmt":"2023-11-06T12:07:53","slug":"aviso-legal","status":"publish","type":"page","link":"https:\/\/3ciencias.com\/en\/aviso-legal\/","title":{"rendered":"Legal warning"},"content":{"rendered":"<p>According to the Information Society and E-commerce Law (art. 10 Ley 34\/2002), hereby the company\u2019s details.<\/p>\n<p>Name social: Editorial Cient\u00edfica 3ciencias<br \/>\nSocial name: \u00c1rea de Innovaci\u00f3n y Desarrollo, S.L.<br \/>\nCIF: B54622386<br \/>\nAddress social: C\/Els Alzamora 17 03802 Alcoy (Alicante)<br \/>\nPhone number: (+34) 868 060 566<br \/>\nE-mail: info@3ciencias.com<\/p>\n<p>Name: Editorial Cient\u00edfica 3ciencias<\/p>\n<p>&nbsp;<\/p>\n<p>This website is owned by Editorial Cient\u00edfica 3ciencias, whose commercial name is EDITORIAL CIENT\u00cdFICA 3CIENCIAS (\u201c EDITORIAL CIENT\u00cdFICA 3CIENCIAS\u201d from now on).<\/p>\n<p>Accessing EDITORIAL CIENT\u00cdFICA 3CIENCIAS\u2019s website implies you accept the following conditions:<\/p>\n<p>&nbsp;<\/p>\n<p>INDUSTRIAL PROPERTY<\/p>\n<p>\u201cEDITORIAL CIENT\u00cdFICA 3CIENCIAS\u201d\u2019s logo and name, as well as other distinctive signs (both graphic or textual), appearing in this website are exclusively property of EDITORIAL CIENT\u00cdFICA 3CIENCIAS, meaning that this is the only authorized entity to use them.<\/p>\n<p>All content in this website, texts, images, etc., as well as its graphic design and fontcode are protected by the Spanish legislation on intellectual and industrial property rights in favor of EDITORIAL CIENT\u00cdFICA 3CIENCIAS.<\/p>\n<p>It is, then, totally forbidden to reproduce, distribute or communicate them, publicly, totally or parcially, without express authorization from EDITORIAL CIENT\u00cdFICA 3CIENCIAS.<\/p>\n<p>&nbsp;<\/p>\n<p>Editorial Cient\u00edfica 3ciencias<\/p>\n<p>In the same way, as stated in previous paragraphs, this domain\u2019s name, \u201cWWW.ELECTROSHOWROOM.ES\u201d, as well as every other name that can be used to access this website, are exclusively owned by EDITORIAL CIENT\u00cdFICA 3CIENCIAS. Incorrect use of those would mean an infraction of their registering rights and will be punished through the means stated by the pertinent Laws.<\/p>\n<p>&nbsp;<\/p>\n<p>PERSONAL USE<\/p>\n<p>Users are authorized by EDITORIAL CIENT\u00cdFICA 3CIENCIAS to view, print, copy or save in their hard drives or any other storage mediums, the contents and objects in this website, protected or not by the exclusivity rights (except for software), when their purpose is to use, personally and privately, with no commercial or distribution purpose, and without modifying, altering or decompiling said rights and contents. This personal use license will be understood as exercised provided that property rights, both intellectual and industrial, are respected.<\/p>\n<p>Any other use of the contents or intellectual creations contained in this website will require an express written authorization from EDITORIAL CIENT\u00cdFICA 3CIENCIAS.<\/p>\n<p>&nbsp;<\/p>\n<p>LEGAL ACTIONS RESERVATION<\/p>\n<p>EDITORIAL CIENT\u00cdFICA 3CIENCIAS reserves the right of taking any legal actions required in order to protect their intellectual and industrial rights, towards a non authorized use of them or any other action that could harm them.<\/p>\n<p>&nbsp;<\/p>\n<p>LINKS<\/p>\n<p>The links the users can find on this website while surfing allow them to leave the website.<\/p>\n<p>Said linked websites are not related, except for the cases where it is stated, to EDITORIAL CIENT\u00cdFICA 3CIENCIAS, who is not responsible of the contents in the websites the users access when clicking on the links, nor it is responsible for any modifications, the use the user gives to them or the technical service state of said websites.<\/p>\n<p>&nbsp;<\/p>\n<p>In any case, EDITORIAL CIENT\u00cdFICA 3CIENCIAS commits to avoiding this website containing any links to illegal content sites, that promote illicit, racist, xenophobe activities and, in general, those who infringe upon the principles of human freedom and dignity or any rights included in the Spanish Constitution and the Human Rights Declaration.<\/p>\n<p>&nbsp;<\/p>\n<p>In the case that any user considered that a link in this website lessens, in any way, their rights or means any harm to them, they can communicate it to the owner of this website by sending an email to EDITORIAL CIENT\u00cdFICA 3CIENCIAS, trusting measures will be taken in order to fix this.<\/p>\n<p>&nbsp;<\/p>\n<p>WEBSITE CONTENT<\/p>\n<p>EDITORIAL CIENT\u00cdFICA 3CIENCIAS is not responsible of the use of this website. Each user accessing this website is exclusively responsible of their use.<\/p>\n<p>&nbsp;<\/p>\n<p>WEBSITE ACTUALIZATION AND MODIFICATION<\/p>\n<p>EDITORIAL CIENT\u00cdFICA 3CIENCIAS reserves the right of modifying or deleting, without any previous notice, any information contained in this website, as well as its configuration or presentation, without taking any responsibility for this.<\/p>\n<p>&nbsp;<\/p>\n<p>INDICATIONS ON TECHNICAL MATTERS<\/p>\n<p>EDITORIAL CIENT\u00cdFICA 3CIENCIAS will not take any responsibility coming from technical issues in the digital equipment during the connection to Internet, nor any damage caused by third parties through illicit intromissions out of EDITORIAL CIENT\u00cdFICA 3CIENCIAS\u2019s control.<\/p>\n<p>&nbsp;<\/p>\n<p>In additions, we are exonerated of any responsibility regarding any possible damage or harm the user may suffer due to errors, defects or omissions in the information we provide when it comes from third parties.<\/p>\n<p>&nbsp;<\/p>\n<p>ACCESS CONDITIONS<\/p>\n<p>In general, access to EDITORIAL CIENT\u00cdFICA 3CIENCIAS\u2019s contents is free, and it is not required to provide any kind of personal data, or to subscribe or use any user and password, except for the restricted area in EDITORIAL CIENT\u00cdFICA 3CIENCIAS\u2019s clients section.<\/p>\n<p>&nbsp;<\/p>\n<p>When, in order to book a service or request information on it, it is necessary to provide any personal data, users will guarantee their truthfulness, exactitude, authenticity and validity. EDITORIAL CIENT\u00cdFICA 3CIENCIAS guarantees to give the appropriate automatized treatment according to their nature and purpose, according to the terms and conditions stated under Privacy Policy.<\/p>\n<p>&nbsp;<\/p>\n<p>In those cases where it is necessary to use login details (username and password), the user commits to using them respecting the following restrictions:<\/p>\n<p>&nbsp;<\/p>\n<p>Passwords, chosen by the users, will not contain anything that goes against the moral and generally accepted customs, nor infringe, in any case, any third party industrial or intellectual property, honor, or image rights.<\/p>\n<p>&nbsp;<\/p>\n<p>Login details are meant to be exclusively and personally used by its owner, and its custody and appropriate use are their responsibility. EDITORIAL CIENT\u00cdFICA 3CIENCIAS is not responsible of any harm caused by the user or third parties as a consequence of other people using their login details, with or without the user\u2019s consent and knowledge.<\/p>\n<p>&nbsp;<\/p>\n<p>In spite of this, EDITORIAL CIENT\u00cdFICA 3CIENCIAS commits to preserving the secrecy of any passwords used by this website\u2019s users.<\/p>\n<p>&nbsp;<\/p>\n<p>USE CONDITIONS<\/p>\n<p>The use of EDITORIAL CIENT\u00cdFICA 3CIENCIAS\u2019s website must obey the rules contained in these General Conditions, as well as any other related laws and the moral rules and generally accepted customs, as well as law enforcement rules.<\/p>\n<p>Except in case they have a previous and express authorization from EDITORIAL CIENT\u00cdFICA 3CIENCIAS, users will just be allowed to use contents and services offered in this website for personal purposes, avoiding any act that could, directly or indirectly, suppose any commercial use.<\/p>\n<p>&nbsp;<\/p>\n<p>In any case, users will be able to use contents and services offered by EDITORIAL CIENT\u00cdFICA 3CIENCIAS according to the present legislation, taking any corresponding responsibility regarding their behavior or activities that, in any manner, may result illicit or harmful for third parties\u2019 rights or may damage, impede or limit the use of this website to other users.<\/p>\n<p>&nbsp;<\/p>\n<p>Users commit and accept not to spread or send any messages, images, photographs, software, data or contents through EDITORIAL CIENT\u00cdFICA 3CIENCIAS that:<\/p>\n<p>&nbsp;<\/p>\n<p>\u2013 harm in any way the fundamental rights contained in the corresponding regulations and laws.<\/p>\n<p>\u2013 promote in any way criminal, denigrating, defamatory, violent, discriminatory actions because of sex, race, religion, ideology or, in general, any actions that are against the laws, moral rules or enforcement rules.<\/p>\n<p>\u2013 are fake, ambiguous, inexact, exaggerated, obscene or extemporary.<\/p>\n<p>\u2013 are protected by any intellectual or industrial property rights belonging to third parties, except in case of previous authorization signed by the owner.<\/p>\n<p>\u2013 harm or may harm the rights of honor, personal privacy, image or are against the secret or confidentiality of communications.<\/p>\n<p>\u2013 include illicit, fake or disloyal advertising.<\/p>\n<p>\u2013 contain viruses, Trojan horses, worms, time bombs or any other material or software that may harm or alter any digital equipment.<\/p>\n<p>EDITORIAL CIENT\u00cdFICA 3CIENCIAS reserves the right of denying any user acting against these General Conditions the access to this website, any time and without previous notice.<\/p>\n","protected":false},"excerpt":{"rendered":"<p>According to the Information Society and E-commerce Law (art. 10 Ley 34\/2002), hereby the company\u2019s details. Name social: Editorial Cient\u00edfica 3ciencias Social name: \u00c1rea de Innovaci\u00f3n y Desarrollo, S.L. CIF: B54622386 Address social: C\/Els Alzamora 17 03802 Alcoy (Alicante) Phone &hellip; <a href=\"https:\/\/3ciencias.com\/en\/aviso-legal\/\">leer m\u00e1s <span class=\"meta-nav\">&rarr;<\/span><\/a><\/p>\n","protected":false},"author":1,"featured_media":0,"parent":0,"menu_order":0,"comment_status":"closed","ping_status":"closed","template":"","meta":{"_bbp_topic_count":0,"_bbp_reply_count":0,"_bbp_total_topic_count":0,"_bbp_total_reply_count":0,"_bbp_voice_count":0,"_bbp_anonymous_reply_count":0,"_bbp_topic_count_hidden":0,"_bbp_reply_count_hidden":0,"_bbp_forum_subforum_count":0,"_mi_skip_tracking":false,"_monsterinsights_sitenote_active":false,"_monsterinsights_sitenote_note":"","_monsterinsights_sitenote_category":0,"footnotes":""},"acf":[],"_links":{"self":[{"href":"https:\/\/3ciencias.com\/en\/wp-json\/wp\/v2\/pages\/10325"}],"collection":[{"href":"https:\/\/3ciencias.com\/en\/wp-json\/wp\/v2\/pages"}],"about":[{"href":"https:\/\/3ciencias.com\/en\/wp-json\/wp\/v2\/types\/page"}],"author":[{"embeddable":true,"href":"https:\/\/3ciencias.com\/en\/wp-json\/wp\/v2\/users\/1"}],"replies":[{"embeddable":true,"href":"https:\/\/3ciencias.com\/en\/wp-json\/wp\/v2\/comments?post=10325"}],"version-history":[{"count":1,"href":"https:\/\/3ciencias.com\/en\/wp-json\/wp\/v2\/pages\/10325\/revisions"}],"predecessor-version":[{"id":29575,"href":"https:\/\/3ciencias.com\/en\/wp-json\/wp\/v2\/pages\/10325\/revisions\/29575"}],"wp:attachment":[{"href":"https:\/\/3ciencias.com\/en\/wp-json\/wp\/v2\/media?parent=10325"}],"curies":[{"name":"wp","href":"https:\/\/api.w.org\/{rel}","templated":true}]}}