{"id":10151,"date":"2013-11-07T12:03:03","date_gmt":"2013-11-07T11:03:03","guid":{"rendered":"https:\/\/3ciencias.com\/danos-tu-opinion\/"},"modified":"2013-11-07T12:03:03","modified_gmt":"2013-11-07T11:03:03","slug":"danos-tu-opinion","status":"publish","type":"page","link":"https:\/\/3ciencias.com\/en\/danos-tu-opinion\/","title":{"rendered":"Danos tu opini\u00f3n"},"content":{"rendered":"<p>En 3 Ciencias tu opini\u00f3n es muy importante por eso nos gustar\u00eda que rellenaras la siguiente encuesta y nos la hicieras llegar a <a href=\"mailto:info@3ciencias.com\">info@3ciencias.com<\/a><br \/>\n<a href=\"https:\/\/3ciencias.com\/wp-content\/uploads\/2013\/11\/encuesta.doc\">encuesta<\/a><\/p>\n","protected":false},"excerpt":{"rendered":"<p>En 3 Ciencias tu opini\u00f3n es muy importante por eso nos gustar\u00eda que rellenaras la siguiente encuesta y nos la hicieras llegar a info@3ciencias.com encuesta<\/p>\n","protected":false},"author":2,"featured_media":0,"parent":0,"menu_order":0,"comment_status":"open","ping_status":"open","template":"","meta":{"_bbp_topic_count":0,"_bbp_reply_count":0,"_bbp_total_topic_count":0,"_bbp_total_reply_count":0,"_bbp_voice_count":0,"_bbp_anonymous_reply_count":0,"_bbp_topic_count_hidden":0,"_bbp_reply_count_hidden":0,"_bbp_forum_subforum_count":0,"_mi_skip_tracking":false,"_monsterinsights_sitenote_active":false,"_monsterinsights_sitenote_note":"","_monsterinsights_sitenote_category":0,"footnotes":""},"acf":[],"_links":{"self":[{"href":"https:\/\/3ciencias.com\/en\/wp-json\/wp\/v2\/pages\/10151"}],"collection":[{"href":"https:\/\/3ciencias.com\/en\/wp-json\/wp\/v2\/pages"}],"about":[{"href":"https:\/\/3ciencias.com\/en\/wp-json\/wp\/v2\/types\/page"}],"author":[{"embeddable":true,"href":"https:\/\/3ciencias.com\/en\/wp-json\/wp\/v2\/users\/2"}],"replies":[{"embeddable":true,"href":"https:\/\/3ciencias.com\/en\/wp-json\/wp\/v2\/comments?post=10151"}],"version-history":[{"count":0,"href":"https:\/\/3ciencias.com\/en\/wp-json\/wp\/v2\/pages\/10151\/revisions"}],"wp:attachment":[{"href":"https:\/\/3ciencias.com\/en\/wp-json\/wp\/v2\/media?parent=10151"}],"curies":[{"name":"wp","href":"https:\/\/api.w.org\/{rel}","templated":true}]}}